{"id":550,"date":"2022-11-03T16:02:47","date_gmt":"2022-11-03T16:02:47","guid":{"rendered":"https:\/\/eco-drinkware.com\/?post_type=product&#038;p=550"},"modified":"2022-11-04T09:43:04","modified_gmt":"2022-11-04T09:43:04","slug":"88-frasco-de-sopa-ecologico-isolado-a-vacuo-recipiente-termico-para-alimentos-em-aco-inoxidavel-frasco-de-sopa-para-criancas-88","status":"publish","type":"product","link":"https:\/\/eco-drinkware.com\/pt\/product\/88-frasco-de-sopa-ecologico-isolado-a-vacuo-recipiente-termico-para-alimentos-em-aco-inoxidavel-frasco-de-sopa-para-criancas-88\/","title":{"rendered":"Frasco de sopa ecol\u00f3gico com isolamento a v\u00e1cuo para alimentos Recipiente t\u00e9rmico para alimentos em a\u00e7o inoxid\u00e1vel, frasco de sopa para crian\u00e7as"},"content":{"rendered":"<p>N\u00f3s somos o principal fabricante de garrafa de vidro de parede dupla, garrafa de \u00e1gua de cola de a\u00e7o inoxid\u00e1vel, garrafa de ch\u00e1 de parede dupla, garrafa de vidro de parede dupla de 500ml, garrafa de ch\u00e1, garrafa de ch\u00e1 infusor, garrafa de vidro com tampa de bambu, frasco de bambu, garrafa t\u00e9rmica de bambu, copo de bambu, copo de caf\u00e9, caneca de caf\u00e9, copos de caf\u00e9, copo de parede dupla com palha combinada, garrafa t\u00e9rmica, garrafa esportiva, frasco de v\u00e1cuo de parede dupla com tampa de bambu \u2665<\/p>\n\n\n\n<figure class=\"wp-block-table\"><table><tbody><tr><td>Nome<\/td><td>GF002 450ML Em stock Bal\u00e3o de v\u00e1cuo de 450 ml<\/td><\/tr><tr><td>Material<\/td><td>Interior em a\u00e7o inoxid\u00e1vel 304, exterior em a\u00e7o inoxid\u00e1vel 201<\/td><\/tr><tr><td>Capacidade<\/td><td>450ml<\/td><\/tr><tr><td>Cor<\/td><td>Personalizado<\/td><\/tr><tr><td>Imprimir<\/td><td>Impress\u00e3o em seda, transfer\u00eancia de calor, impress\u00e3o por transfer\u00eancia de \u00e1gua, etc.<\/td><\/tr><tr><td>Log\u00f3tipo<\/td><td>Personalizado<\/td><\/tr><tr><td>MOQ<\/td><td>500 unidades<\/td><\/tr><tr><td>Tempo de amostragem<\/td><td>5-8 dias<\/td><\/tr><tr><td>Detalhes da embalagem<\/td><td>1PC\/OPP, embalagem de caixa de ovos, caixa de cor, caixa cil\u00edndrica, caixa branca, 20PCS\/CTN<\/td><\/tr><tr><td>Prazo de pagamento<\/td><td>Dep\u00f3sito 30%, o saldo antes da expedi\u00e7\u00e3o<\/td><\/tr><\/tbody><\/table><\/figure>\n\n\n\n<figure class=\"wp-block-image size-full\"><img loading=\"lazy\" decoding=\"async\" width=\"1000\" height=\"1000\" src=\"https:\/\/eco-drinkware.com\/wp-content\/uploads\/2022\/11\/H55c4d508c1cf4265bf437d358e1fa7c6I.jpg_.webp\" alt=\"\" class=\"wp-image-953\" srcset=\"https:\/\/eco-drinkware.com\/wp-content\/uploads\/2022\/11\/H55c4d508c1cf4265bf437d358e1fa7c6I.jpg_.webp 1000w, https:\/\/eco-drinkware.com\/wp-content\/uploads\/2022\/11\/H55c4d508c1cf4265bf437d358e1fa7c6I.jpg_-300x300.webp 300w, https:\/\/eco-drinkware.com\/wp-content\/uploads\/2022\/11\/H55c4d508c1cf4265bf437d358e1fa7c6I.jpg_-150x150.webp 150w, https:\/\/eco-drinkware.com\/wp-content\/uploads\/2022\/11\/H55c4d508c1cf4265bf437d358e1fa7c6I.jpg_-768x768.webp 768w, https:\/\/eco-drinkware.com\/wp-content\/uploads\/2022\/11\/H55c4d508c1cf4265bf437d358e1fa7c6I.jpg_-600x600.webp 600w, https:\/\/eco-drinkware.com\/wp-content\/uploads\/2022\/11\/H55c4d508c1cf4265bf437d358e1fa7c6I.jpg_-100x100.webp 100w\" sizes=\"auto, (max-width: 1000px) 100vw, 1000px\" \/><\/figure>\n\n\n\n<figure class=\"wp-block-image size-full\"><img loading=\"lazy\" decoding=\"async\" width=\"1000\" height=\"1000\" src=\"https:\/\/eco-drinkware.com\/wp-content\/uploads\/2022\/11\/Hae18480483574918bcf43f8ba11236c41.jpg_.webp\" alt=\"\" class=\"wp-image-946\" srcset=\"https:\/\/eco-drinkware.com\/wp-content\/uploads\/2022\/11\/Hae18480483574918bcf43f8ba11236c41.jpg_.webp 1000w, https:\/\/eco-drinkware.com\/wp-content\/uploads\/2022\/11\/Hae18480483574918bcf43f8ba11236c41.jpg_-300x300.webp 300w, https:\/\/eco-drinkware.com\/wp-content\/uploads\/2022\/11\/Hae18480483574918bcf43f8ba11236c41.jpg_-150x150.webp 150w, https:\/\/eco-drinkware.com\/wp-content\/uploads\/2022\/11\/Hae18480483574918bcf43f8ba11236c41.jpg_-768x768.webp 768w, https:\/\/eco-drinkware.com\/wp-content\/uploads\/2022\/11\/Hae18480483574918bcf43f8ba11236c41.jpg_-600x600.webp 600w, https:\/\/eco-drinkware.com\/wp-content\/uploads\/2022\/11\/Hae18480483574918bcf43f8ba11236c41.jpg_-100x100.webp 100w\" sizes=\"auto, (max-width: 1000px) 100vw, 1000px\" \/><\/figure>\n\n\n\n<figure class=\"wp-block-image size-full\"><img loading=\"lazy\" decoding=\"async\" width=\"1000\" height=\"1000\" src=\"https:\/\/eco-drinkware.com\/wp-content\/uploads\/2022\/11\/H3e1367e10532483492db5946e9ca7c04e.jpg_.webp\" alt=\"\" class=\"wp-image-952\" srcset=\"https:\/\/eco-drinkware.com\/wp-content\/uploads\/2022\/11\/H3e1367e10532483492db5946e9ca7c04e.jpg_.webp 1000w, https:\/\/eco-drinkware.com\/wp-content\/uploads\/2022\/11\/H3e1367e10532483492db5946e9ca7c04e.jpg_-300x300.webp 300w, https:\/\/eco-drinkware.com\/wp-content\/uploads\/2022\/11\/H3e1367e10532483492db5946e9ca7c04e.jpg_-150x150.webp 150w, https:\/\/eco-drinkware.com\/wp-content\/uploads\/2022\/11\/H3e1367e10532483492db5946e9ca7c04e.jpg_-768x768.webp 768w, https:\/\/eco-drinkware.com\/wp-content\/uploads\/2022\/11\/H3e1367e10532483492db5946e9ca7c04e.jpg_-600x600.webp 600w, https:\/\/eco-drinkware.com\/wp-content\/uploads\/2022\/11\/H3e1367e10532483492db5946e9ca7c04e.jpg_-100x100.webp 100w\" sizes=\"auto, (max-width: 1000px) 100vw, 1000px\" \/><\/figure>\n\n\n\n<figure class=\"wp-block-image size-full\"><img loading=\"lazy\" decoding=\"async\" width=\"1000\" height=\"1000\" src=\"https:\/\/eco-drinkware.com\/wp-content\/uploads\/2022\/11\/H340f77c1e7954ca59c345ea0bff719c6l.jpg_.webp\" alt=\"\" class=\"wp-image-954\" srcset=\"https:\/\/eco-drinkware.com\/wp-content\/uploads\/2022\/11\/H340f77c1e7954ca59c345ea0bff719c6l.jpg_.webp 1000w, https:\/\/eco-drinkware.com\/wp-content\/uploads\/2022\/11\/H340f77c1e7954ca59c345ea0bff719c6l.jpg_-300x300.webp 300w, https:\/\/eco-drinkware.com\/wp-content\/uploads\/2022\/11\/H340f77c1e7954ca59c345ea0bff719c6l.jpg_-150x150.webp 150w, https:\/\/eco-drinkware.com\/wp-content\/uploads\/2022\/11\/H340f77c1e7954ca59c345ea0bff719c6l.jpg_-768x768.webp 768w, https:\/\/eco-drinkware.com\/wp-content\/uploads\/2022\/11\/H340f77c1e7954ca59c345ea0bff719c6l.jpg_-600x600.webp 600w, https:\/\/eco-drinkware.com\/wp-content\/uploads\/2022\/11\/H340f77c1e7954ca59c345ea0bff719c6l.jpg_-100x100.webp 100w\" sizes=\"auto, (max-width: 1000px) 100vw, 1000px\" \/><\/figure>\n\n\n\n<figure class=\"wp-block-image size-full\"><img loading=\"lazy\" decoding=\"async\" width=\"750\" height=\"777\" src=\"https:\/\/eco-drinkware.com\/wp-content\/uploads\/2022\/11\/HTB1RxS4CWSWBuNjSsrbq6y0mVXaS.jpg_.webp\" alt=\"\" class=\"wp-image-949\" srcset=\"https:\/\/eco-drinkware.com\/wp-content\/uploads\/2022\/11\/HTB1RxS4CWSWBuNjSsrbq6y0mVXaS.jpg_.webp 750w, https:\/\/eco-drinkware.com\/wp-content\/uploads\/2022\/11\/HTB1RxS4CWSWBuNjSsrbq6y0mVXaS.jpg_-290x300.webp 290w, https:\/\/eco-drinkware.com\/wp-content\/uploads\/2022\/11\/HTB1RxS4CWSWBuNjSsrbq6y0mVXaS.jpg_-145x150.webp 145w, https:\/\/eco-drinkware.com\/wp-content\/uploads\/2022\/11\/HTB1RxS4CWSWBuNjSsrbq6y0mVXaS.jpg_-600x622.webp 600w\" sizes=\"auto, (max-width: 750px) 100vw, 750px\" \/><\/figure>\n\n\n\n<figure class=\"wp-block-image size-full\"><img loading=\"lazy\" decoding=\"async\" width=\"750\" height=\"946\" src=\"https:\/\/eco-drinkware.com\/wp-content\/uploads\/2022\/11\/HTB1fpEnCYSYBuNjSspiq6xNzpXaG.jpg_.webp\" alt=\"\" class=\"wp-image-948\" srcset=\"https:\/\/eco-drinkware.com\/wp-content\/uploads\/2022\/11\/HTB1fpEnCYSYBuNjSspiq6xNzpXaG.jpg_.webp 750w, https:\/\/eco-drinkware.com\/wp-content\/uploads\/2022\/11\/HTB1fpEnCYSYBuNjSspiq6xNzpXaG.jpg_-238x300.webp 238w, https:\/\/eco-drinkware.com\/wp-content\/uploads\/2022\/11\/HTB1fpEnCYSYBuNjSspiq6xNzpXaG.jpg_-119x150.webp 119w, https:\/\/eco-drinkware.com\/wp-content\/uploads\/2022\/11\/HTB1fpEnCYSYBuNjSspiq6xNzpXaG.jpg_-600x757.webp 600w\" sizes=\"auto, (max-width: 750px) 100vw, 750px\" \/><\/figure>\n\n\n\n<p><strong>Q: \u00c9 uma empresa comercial ou fabricante?\u00a0<\/strong><br>R: Somos uma f\u00e1brica.<\/p>\n\n\n\n<p><strong>P: Qual \u00e9 o prazo de entrega?<\/strong><br>R: Geralmente, s\u00e3o 5-10 dias se os produtos estiverem em stock ou 15-20 dias se os produtos n\u00e3o estiverem em stock, dependendo da quantidade.<\/p>\n\n\n\n<p><strong>Q: Fornecem amostras? s\u00e3o gr\u00e1tis ou extra?<\/strong><br>R: Sim, podemos oferecer a amostra gratuitamente, mas n\u00e3o pagamos o custo do frete.<\/p>\n\n\n\n<p><strong>Q: Quais s\u00e3o as vossas condi\u00e7\u00f5es de pagamento?<\/strong><br>A: Pagamento=1000USD, 30% T\/T adiantado, saldo antes da expedi\u00e7\u00e3o.<\/p>\n\n\n\n<figure class=\"wp-block-image size-full\"><img loading=\"lazy\" decoding=\"async\" width=\"750\" height=\"494\" src=\"https:\/\/eco-drinkware.com\/wp-content\/uploads\/2022\/11\/HTB1aQ7LC49YBuNjy0Ffq6xIsVXaQ.jpg_.webp\" alt=\"\" class=\"wp-image-947\" srcset=\"https:\/\/eco-drinkware.com\/wp-content\/uploads\/2022\/11\/HTB1aQ7LC49YBuNjy0Ffq6xIsVXaQ.jpg_.webp 750w, https:\/\/eco-drinkware.com\/wp-content\/uploads\/2022\/11\/HTB1aQ7LC49YBuNjy0Ffq6xIsVXaQ.jpg_-300x198.webp 300w, https:\/\/eco-drinkware.com\/wp-content\/uploads\/2022\/11\/HTB1aQ7LC49YBuNjy0Ffq6xIsVXaQ.jpg_-150x99.webp 150w, https:\/\/eco-drinkware.com\/wp-content\/uploads\/2022\/11\/HTB1aQ7LC49YBuNjy0Ffq6xIsVXaQ.jpg_-600x395.webp 600w\" sizes=\"auto, (max-width: 750px) 100vw, 750px\" \/><\/figure>\n\n\n\n<p>A\u00e7\u00e3o agora Contacte-nos para obter o CAT\u00c1LOGO COMPLETO<\/p>\n\n\n\n<p>MAIS DE 30000 DESENHOS \u00c0 SUA ESPERA.<\/p>\n\n\n\n<p>CONTACTE-NOS PARA OBTER O CAT\u00c1LOGO COMPLETO.<\/p>\n\n\n\n<p>CONFIO QUE GOSTAR\u00c1 DOS NOSSOS DESENHOS E PRE\u00c7OS.<\/p>\n\n\n\n<p>WHATSAPP : 008613567428830<\/p>\n\n\n\n<p>Se precisar de amostra gr\u00e1tis, clique em \"enviar\" abaixo<\/p>","protected":false},"excerpt":{"rendered":"<p>Com 15 anos de experi\u00eancia na produ\u00e7\u00e3o de garrafas, fizemos trabalhos OEM e ODM para muitas marcas famosas em todo o mundo. A principal linha de produ\u00e7\u00e3o \u00e9 a garrafa infusora de ch\u00e1, copo de caf\u00e9, garrafa t\u00e9rmica. A qualidade \u00e9 a nossa cultura. A nossa miss\u00e3o \u00e9 tornar a terra mais limpa e melhor<\/p>","protected":false},"featured_media":950,"template":"","meta":{"_acf_changed":false,"_seopress_robots_primary_cat":"","_seopress_titles_title":"","_seopress_titles_desc":"","_seopress_robots_index":"","_uag_custom_page_level_css":""},"product_brand":[],"product_cat":[15],"product_tag":[],"class_list":{"0":"post-550","1":"product","2":"type-product","3":"status-publish","4":"has-post-thumbnail","6":"product_cat-drinkware-accessories","8":"first","9":"instock","10":"shipping-taxable","11":"product-type-simple"},"acf":[],"uagb_featured_image_src":{"full":["https:\/\/eco-drinkware.com\/wp-content\/uploads\/2022\/11\/88_0.webp",1000,1000,false],"thumbnail":["https:\/\/eco-drinkware.com\/wp-content\/uploads\/2022\/11\/88_0-150x150.webp",150,150,true],"medium":["https:\/\/eco-drinkware.com\/wp-content\/uploads\/2022\/11\/88_0-300x300.webp",300,300,true],"medium_large":["https:\/\/eco-drinkware.com\/wp-content\/uploads\/2022\/11\/88_0-768x768.webp",768,768,true],"large":["https:\/\/eco-drinkware.com\/wp-content\/uploads\/2022\/11\/88_0.webp",1000,1000,false],"1536x1536":["https:\/\/eco-drinkware.com\/wp-content\/uploads\/2022\/11\/88_0.webp",1000,1000,false],"2048x2048":["https:\/\/eco-drinkware.com\/wp-content\/uploads\/2022\/11\/88_0.webp",1000,1000,false],"trp-custom-language-flag":["https:\/\/eco-drinkware.com\/wp-content\/uploads\/2022\/11\/88_0.webp",12,12,false],"woocommerce_thumbnail":["https:\/\/eco-drinkware.com\/wp-content\/uploads\/2022\/11\/88_0-300x300.webp",300,300,true],"woocommerce_single":["https:\/\/eco-drinkware.com\/wp-content\/uploads\/2022\/11\/88_0-600x600.webp",600,600,true],"woocommerce_gallery_thumbnail":["https:\/\/eco-drinkware.com\/wp-content\/uploads\/2022\/11\/88_0-100x100.webp",100,100,true]},"uagb_author_info":{"display_name":"Amy","author_link":"https:\/\/eco-drinkware.com\/pt\/author\/"},"uagb_comment_info":0,"uagb_excerpt":"With 15 years bottle production experience ,have done OEM and ODM work for many famous brand all over the world . Main production line is tea infuser bottle ,coffee tumbler , thermos . Quality is our culture . Our mission is make the earth cleaner and bet","_links":{"self":[{"href":"https:\/\/eco-drinkware.com\/pt\/wp-json\/wp\/v2\/product\/550","targetHints":{"allow":["GET"]}}],"collection":[{"href":"https:\/\/eco-drinkware.com\/pt\/wp-json\/wp\/v2\/product"}],"about":[{"href":"https:\/\/eco-drinkware.com\/pt\/wp-json\/wp\/v2\/types\/product"}],"wp:featuredmedia":[{"embeddable":true,"href":"https:\/\/eco-drinkware.com\/pt\/wp-json\/wp\/v2\/media\/950"}],"wp:attachment":[{"href":"https:\/\/eco-drinkware.com\/pt\/wp-json\/wp\/v2\/media?parent=550"}],"wp:term":[{"taxonomy":"product_brand","embeddable":true,"href":"https:\/\/eco-drinkware.com\/pt\/wp-json\/wp\/v2\/product_brand?post=550"},{"taxonomy":"product_cat","embeddable":true,"href":"https:\/\/eco-drinkware.com\/pt\/wp-json\/wp\/v2\/product_cat?post=550"},{"taxonomy":"product_tag","embeddable":true,"href":"https:\/\/eco-drinkware.com\/pt\/wp-json\/wp\/v2\/product_tag?post=550"}],"curies":[{"name":"wp","href":"https:\/\/api.w.org\/{rel}","templated":true}]}}