{"id":547,"date":"2022-11-03T15:59:45","date_gmt":"2022-11-03T15:59:45","guid":{"rendered":"https:\/\/eco-drinkware.com\/?post_type=product&#038;p=547"},"modified":"2022-11-04T09:29:45","modified_gmt":"2022-11-04T09:29:45","slug":"91-350-ml12-oz-garrafa-de-cafe-de-viagem-de-aco-inoxidavel-isolada-a-vacuo-de-parede-dupla-91","status":"publish","type":"product","link":"https:\/\/eco-drinkware.com\/pt\/product\/91-350-ml12-oz-garrafa-de-cafe-de-viagem-de-aco-inoxidavel-isolada-a-vacuo-de-parede-dupla-91\/","title":{"rendered":"350ML\/12OZ Garrafa de caf\u00e9 de viagem em a\u00e7o inoxid\u00e1vel com isolamento a v\u00e1cuo de parede dupla"},"content":{"rendered":"<p><strong>Garrafa de \u00e1gua Material met\u00e1lico:<\/strong>Esta garrafa de \u00e1gua desportiva \u00e9 feita de a\u00e7o inoxid\u00e1vel 304 e novo pp, o material de contacto com a \u00e1gua \u00e9 seguro e de qualidade alimentar. Sem BPA e amigo do ambiente.<\/p>\n\n\n\n<p><strong>Garrafa de \u00e1gua isolada em a\u00e7o inoxid\u00e1vel:<\/strong>Esta garrafa de \u00e1gua em a\u00e7o \u00e9 uma garrafa t\u00e9rmica de parede dupla, que mant\u00e9m a \u00e1gua quente e fria durante muito tempo. A fun\u00e7\u00e3o de isolamento t\u00e9rmico faz com que a garrafa seja vendida quente durante todo o ano. No ver\u00e3o, esta garrafa de \u00e1gua em a\u00e7o inoxid\u00e1vel \u00e9 utilizada para caf\u00e9 frio e \u00e1gua. No inverno, a garrafa de \u00e1gua t\u00e9rmica de a\u00e7o inoxid\u00e1vel \u00e9 utilizada para l\u00edquidos quentes.<\/p>\n\n\n\n<p><strong>2 tamanhos:<\/strong>Existem 2 tamanhos para esta garrafa de \u00e1gua em a\u00e7o inoxid\u00e1vel, 350ml e 500ml. A pequena capacidade \u00e9 adequada para crian\u00e7as e adolescentes, a grande capacidade \u00e9 para adultos.<\/p>\n\n\n\n<p><strong>Cor e personaliza\u00e7\u00e3o:<\/strong>O log\u00f3tipo e a cor personalizados est\u00e3o dispon\u00edveis para esta garrafa de \u00e1gua em a\u00e7o inoxid\u00e1vel. Tanto as cores pantone como as cores de stock s\u00e3o bem-vindas. O log\u00f3tipo personalizado a laser e o log\u00f3tipo a cores s\u00e3o f\u00e1ceis de criar.<\/p>\n\n\n\n<figure class=\"wp-block-image size-full\"><img loading=\"lazy\" decoding=\"async\" width=\"550\" height=\"550\" src=\"https:\/\/eco-drinkware.com\/wp-content\/uploads\/2022\/11\/2022-01-07-16-40-133.webp\" alt=\"\" class=\"wp-image-925\" srcset=\"https:\/\/eco-drinkware.com\/wp-content\/uploads\/2022\/11\/2022-01-07-16-40-133.webp 550w, https:\/\/eco-drinkware.com\/wp-content\/uploads\/2022\/11\/2022-01-07-16-40-133-300x300.webp 300w, https:\/\/eco-drinkware.com\/wp-content\/uploads\/2022\/11\/2022-01-07-16-40-133-150x150.webp 150w, https:\/\/eco-drinkware.com\/wp-content\/uploads\/2022\/11\/2022-01-07-16-40-133-100x100.webp 100w\" sizes=\"auto, (max-width: 550px) 100vw, 550px\" \/><\/figure>\n\n\n\n<figure class=\"wp-block-image size-full\"><img loading=\"lazy\" decoding=\"async\" width=\"550\" height=\"550\" src=\"https:\/\/eco-drinkware.com\/wp-content\/uploads\/2022\/11\/2022-01-07-16-40-518.webp\" alt=\"\" class=\"wp-image-926\" srcset=\"https:\/\/eco-drinkware.com\/wp-content\/uploads\/2022\/11\/2022-01-07-16-40-518.webp 550w, https:\/\/eco-drinkware.com\/wp-content\/uploads\/2022\/11\/2022-01-07-16-40-518-300x300.webp 300w, https:\/\/eco-drinkware.com\/wp-content\/uploads\/2022\/11\/2022-01-07-16-40-518-150x150.webp 150w, https:\/\/eco-drinkware.com\/wp-content\/uploads\/2022\/11\/2022-01-07-16-40-518-100x100.webp 100w\" sizes=\"auto, (max-width: 550px) 100vw, 550px\" \/><\/figure>","protected":false},"excerpt":{"rendered":"<p>Esta garrafa de \u00e1gua de a\u00e7o \u00e9 um frasco de v\u00e1cuo t\u00e9rmico de parede dupla, mant\u00e9m a \u00e1gua quente e fria durante muito tempo. As cores pantone e stock s\u00e3o bem-vindas. O log\u00f3tipo personalizado a laser e o log\u00f3tipo a cores s\u00e3o f\u00e1ceis de criar.<\/p>","protected":false},"featured_media":927,"template":"","meta":{"_acf_changed":false,"_seopress_robots_primary_cat":"","_seopress_titles_title":"","_seopress_titles_desc":"","_seopress_robots_index":"","_uag_custom_page_level_css":""},"product_brand":[],"product_cat":[15],"product_tag":[],"class_list":{"0":"post-547","1":"product","2":"type-product","3":"status-publish","4":"has-post-thumbnail","6":"product_cat-drinkware-accessories","8":"first","9":"instock","10":"shipping-taxable","11":"product-type-simple"},"acf":[],"uagb_featured_image_src":{"full":["https:\/\/eco-drinkware.com\/wp-content\/uploads\/2022\/11\/91_0.webp",550,550,false],"thumbnail":["https:\/\/eco-drinkware.com\/wp-content\/uploads\/2022\/11\/91_0-150x150.webp",150,150,true],"medium":["https:\/\/eco-drinkware.com\/wp-content\/uploads\/2022\/11\/91_0-300x300.webp",300,300,true],"medium_large":["https:\/\/eco-drinkware.com\/wp-content\/uploads\/2022\/11\/91_0.webp",550,550,false],"large":["https:\/\/eco-drinkware.com\/wp-content\/uploads\/2022\/11\/91_0.webp",550,550,false],"1536x1536":["https:\/\/eco-drinkware.com\/wp-content\/uploads\/2022\/11\/91_0.webp",550,550,false],"2048x2048":["https:\/\/eco-drinkware.com\/wp-content\/uploads\/2022\/11\/91_0.webp",550,550,false],"trp-custom-language-flag":["https:\/\/eco-drinkware.com\/wp-content\/uploads\/2022\/11\/91_0.webp",12,12,false],"woocommerce_thumbnail":["https:\/\/eco-drinkware.com\/wp-content\/uploads\/2022\/11\/91_0-300x300.webp",300,300,true],"woocommerce_single":["https:\/\/eco-drinkware.com\/wp-content\/uploads\/2022\/11\/91_0.webp",550,550,false],"woocommerce_gallery_thumbnail":["https:\/\/eco-drinkware.com\/wp-content\/uploads\/2022\/11\/91_0-100x100.webp",100,100,true]},"uagb_author_info":{"display_name":"Amy","author_link":"https:\/\/eco-drinkware.com\/pt\/author\/"},"uagb_comment_info":0,"uagb_excerpt":"This steel water bottle is double wall thermos vacuum flask, keeps water hot and cold for long time. Both pantone and stock colors are welcome. Custom laser logo and color logo are easy to make.","_links":{"self":[{"href":"https:\/\/eco-drinkware.com\/pt\/wp-json\/wp\/v2\/product\/547","targetHints":{"allow":["GET"]}}],"collection":[{"href":"https:\/\/eco-drinkware.com\/pt\/wp-json\/wp\/v2\/product"}],"about":[{"href":"https:\/\/eco-drinkware.com\/pt\/wp-json\/wp\/v2\/types\/product"}],"wp:featuredmedia":[{"embeddable":true,"href":"https:\/\/eco-drinkware.com\/pt\/wp-json\/wp\/v2\/media\/927"}],"wp:attachment":[{"href":"https:\/\/eco-drinkware.com\/pt\/wp-json\/wp\/v2\/media?parent=547"}],"wp:term":[{"taxonomy":"product_brand","embeddable":true,"href":"https:\/\/eco-drinkware.com\/pt\/wp-json\/wp\/v2\/product_brand?post=547"},{"taxonomy":"product_cat","embeddable":true,"href":"https:\/\/eco-drinkware.com\/pt\/wp-json\/wp\/v2\/product_cat?post=547"},{"taxonomy":"product_tag","embeddable":true,"href":"https:\/\/eco-drinkware.com\/pt\/wp-json\/wp\/v2\/product_tag?post=547"}],"curies":[{"name":"wp","href":"https:\/\/api.w.org\/{rel}","templated":true}]}}