{"id":340,"date":"2022-11-03T08:04:42","date_gmt":"2022-11-03T00:04:42","guid":{"rendered":"https:\/\/eco-drinkware.com\/?post_type=product&#038;p=340"},"modified":"2022-12-02T17:24:42","modified_gmt":"2022-12-02T09:24:42","slug":"119-garrafa-de-agua-de-vidro-borossilicato-em-forma-de-cola-swell-119","status":"publish","type":"product","link":"https:\/\/eco-drinkware.com\/pt\/product\/119-garrafa-de-agua-de-vidro-borossilicato-em-forma-de-cola-swell-119\/","title":{"rendered":"Garrafa de \u00e1gua de vidro borosilicato em forma de Cola Swell"},"content":{"rendered":"<h2 class=\"wp-block-heading\">Garrafa de \u00e1gua de vidro borosilicato em forma de Cola Swell<\/h2>\n\n\n\n<p><strong>100% \u00c0 prova de fugas:\u00a0<\/strong>A garrafa de \u00e1gua de vidro em forma de cola \u00e9 feita de vidro com alto teor de borosilicato, muito dur\u00e1vel e ecol\u00f3gico. Tampas de a\u00e7o inoxid\u00e1vel de qualidade alimentar com anel de silicone amov\u00edvel de qualidade alimentar que veda perfeitamente o vidro, garantindo que a garrafa em forma de cola n\u00e3o tem fugas.<br><strong>F\u00e1cil de segurar e transportar:\u00a0<\/strong>Inclui uma manga de neoprene para a garrafa de vidro em forma de cola. A manga assemelha-se a uma mala de m\u00e3o, que \u00e9 leve e confort\u00e1vel de segurar.<br><strong>Polivalente:\u00a0<\/strong>A garrafa de \u00e1gua swell \u00e9 \u00f3ptima para uso di\u00e1rio, como \u00e1gua, limonada, ch\u00e1 gelado, batidos, cola e muito mais.<br><strong>Personaliza\u00e7\u00e3o:\u00a0<\/strong>O log\u00f3tipo na manga de vidro e de neoprene \u00e9 bem-vindo. A cor da manga tamb\u00e9m pode ser personalizada.<\/p>\n\n\n\n<figure class=\"wp-block-image size-full is-resized\"><img loading=\"lazy\" decoding=\"async\" src=\"https:\/\/eco-drinkware.com\/wp-content\/uploads\/2021-06-18-14-03-399.webp\" alt=\"\" class=\"wp-image-397\" width=\"500\" height=\"500\" srcset=\"https:\/\/eco-drinkware.com\/wp-content\/uploads\/2021-06-18-14-03-399.webp 1000w, https:\/\/eco-drinkware.com\/wp-content\/uploads\/2021-06-18-14-03-399-300x300.webp 300w, https:\/\/eco-drinkware.com\/wp-content\/uploads\/2021-06-18-14-03-399-150x150.webp 150w, https:\/\/eco-drinkware.com\/wp-content\/uploads\/2021-06-18-14-03-399-768x768.webp 768w, https:\/\/eco-drinkware.com\/wp-content\/uploads\/2021-06-18-14-03-399-600x600.webp 600w, https:\/\/eco-drinkware.com\/wp-content\/uploads\/2021-06-18-14-03-399-100x100.webp 100w\" sizes=\"auto, (max-width: 500px) 100vw, 500px\" \/><\/figure>\n\n\n\n<figure class=\"wp-block-image size-full is-resized\"><img loading=\"lazy\" decoding=\"async\" src=\"https:\/\/eco-drinkware.com\/wp-content\/uploads\/2021-06-18-14-02-295.webp\" alt=\"\" class=\"wp-image-395\" width=\"500\" height=\"500\" srcset=\"https:\/\/eco-drinkware.com\/wp-content\/uploads\/2021-06-18-14-02-295.webp 550w, https:\/\/eco-drinkware.com\/wp-content\/uploads\/2021-06-18-14-02-295-300x300.webp 300w, https:\/\/eco-drinkware.com\/wp-content\/uploads\/2021-06-18-14-02-295-150x150.webp 150w, https:\/\/eco-drinkware.com\/wp-content\/uploads\/2021-06-18-14-02-295-100x100.webp 100w\" sizes=\"auto, (max-width: 500px) 100vw, 500px\" \/><\/figure>\n\n\n\n<figure class=\"wp-block-image size-full is-resized\"><img loading=\"lazy\" decoding=\"async\" src=\"https:\/\/eco-drinkware.com\/wp-content\/uploads\/2021-06-18-14-02-571.webp\" alt=\"\" class=\"wp-image-396\" width=\"500\" height=\"500\" srcset=\"https:\/\/eco-drinkware.com\/wp-content\/uploads\/2021-06-18-14-02-571.webp 1000w, https:\/\/eco-drinkware.com\/wp-content\/uploads\/2021-06-18-14-02-571-300x300.webp 300w, https:\/\/eco-drinkware.com\/wp-content\/uploads\/2021-06-18-14-02-571-150x150.webp 150w, https:\/\/eco-drinkware.com\/wp-content\/uploads\/2021-06-18-14-02-571-768x768.webp 768w, https:\/\/eco-drinkware.com\/wp-content\/uploads\/2021-06-18-14-02-571-600x600.webp 600w, https:\/\/eco-drinkware.com\/wp-content\/uploads\/2021-06-18-14-02-571-100x100.webp 100w\" sizes=\"auto, (max-width: 500px) 100vw, 500px\" \/><\/figure>","protected":false},"excerpt":{"rendered":"<p>Garrafa de \u00e1gua de vidro em forma de cola de parede simples. Fabricada em vidro borossilicato de alta qualidade, tem uma capacidade de 650 ml. Pode ser fornecido com uma manga, f\u00e1cil de transportar.<\/p>","protected":false},"featured_media":398,"template":"","meta":{"_acf_changed":false,"_seopress_robots_primary_cat":"","_seopress_titles_title":"","_seopress_titles_desc":"","_seopress_robots_index":"","_uag_custom_page_level_css":""},"product_brand":[],"product_cat":[22,35],"product_tag":[],"class_list":{"0":"post-340","1":"product","2":"type-product","3":"status-publish","4":"has-post-thumbnail","6":"product_cat-glass-water-bottle","7":"product_cat-single-wall-gass-bottle","9":"first","10":"instock","11":"shipping-taxable","12":"product-type-simple"},"acf":[],"uagb_featured_image_src":{"full":["https:\/\/eco-drinkware.com\/wp-content\/uploads\/119_0.webp",550,550,false],"thumbnail":["https:\/\/eco-drinkware.com\/wp-content\/uploads\/119_0-150x150.webp",150,150,true],"medium":["https:\/\/eco-drinkware.com\/wp-content\/uploads\/119_0-300x300.webp",300,300,true],"medium_large":["https:\/\/eco-drinkware.com\/wp-content\/uploads\/119_0.webp",550,550,false],"large":["https:\/\/eco-drinkware.com\/wp-content\/uploads\/119_0.webp",550,550,false],"1536x1536":["https:\/\/eco-drinkware.com\/wp-content\/uploads\/119_0.webp",550,550,false],"2048x2048":["https:\/\/eco-drinkware.com\/wp-content\/uploads\/119_0.webp",550,550,false],"trp-custom-language-flag":["https:\/\/eco-drinkware.com\/wp-content\/uploads\/119_0.webp",12,12,false],"woocommerce_thumbnail":["https:\/\/eco-drinkware.com\/wp-content\/uploads\/119_0-300x300.webp",300,300,true],"woocommerce_single":["https:\/\/eco-drinkware.com\/wp-content\/uploads\/119_0.webp",550,550,false],"woocommerce_gallery_thumbnail":["https:\/\/eco-drinkware.com\/wp-content\/uploads\/119_0-100x100.webp",100,100,true]},"uagb_author_info":{"display_name":"Amy","author_link":"https:\/\/eco-drinkware.com\/pt\/author\/"},"uagb_comment_info":0,"uagb_excerpt":"Single wall cola shaped glass water bottle. Made of high borosilicate glass, capacity is 650ml. It can be with sleeve, easy to take.","_links":{"self":[{"href":"https:\/\/eco-drinkware.com\/pt\/wp-json\/wp\/v2\/product\/340","targetHints":{"allow":["GET"]}}],"collection":[{"href":"https:\/\/eco-drinkware.com\/pt\/wp-json\/wp\/v2\/product"}],"about":[{"href":"https:\/\/eco-drinkware.com\/pt\/wp-json\/wp\/v2\/types\/product"}],"wp:featuredmedia":[{"embeddable":true,"href":"https:\/\/eco-drinkware.com\/pt\/wp-json\/wp\/v2\/media\/398"}],"wp:attachment":[{"href":"https:\/\/eco-drinkware.com\/pt\/wp-json\/wp\/v2\/media?parent=340"}],"wp:term":[{"taxonomy":"product_brand","embeddable":true,"href":"https:\/\/eco-drinkware.com\/pt\/wp-json\/wp\/v2\/product_brand?post=340"},{"taxonomy":"product_cat","embeddable":true,"href":"https:\/\/eco-drinkware.com\/pt\/wp-json\/wp\/v2\/product_cat?post=340"},{"taxonomy":"product_tag","embeddable":true,"href":"https:\/\/eco-drinkware.com\/pt\/wp-json\/wp\/v2\/product_tag?post=340"}],"curies":[{"name":"wp","href":"https:\/\/api.w.org\/{rel}","templated":true}]}}