{"id":570,"date":"2022-11-03T16:02:38","date_gmt":"2022-11-03T16:02:38","guid":{"rendered":"https:\/\/eco-drinkware.com\/?post_type=product&#038;p=570"},"modified":"2022-11-04T10:00:46","modified_gmt":"2022-11-04T10:00:46","slug":"84-gs002-no-minimum-500ml-188-acier-inoxydable-simple-paroi-sport-couvercle-en-bambou-bouteilles-deau-inox-84","status":"publish","type":"product","link":"https:\/\/eco-drinkware.com\/fr\/product\/84-gs002-no-minimum-500ml-188-acier-inoxydable-simple-paroi-sport-couvercle-en-bambou-bouteilles-deau-inox-84\/","title":{"rendered":"GS002 500ml Bouteille d'eau en acier inoxydable 18\/8 \u00e0 simple paroi avec couvercle en bambou"},"content":{"rendered":"<p>Nous sommes le principal fabricant de bouteilles en verre \u00e0 double paroi, de bouteilles \u00e0 th\u00e9 \u00e0 double paroi, de bouteilles \u00e0 th\u00e9, de bouteilles \u00e0 infusion, de bouteilles en verre avec couvercle en bambou, de gourdes en bambou, de thermos en bambou, de gobelets en bambou, de gobelets \u00e0 caf\u00e9, de tasses \u00e0 caf\u00e9, de gobelets \u00e0 double paroi avec paille, de thermos, de bouteilles de sport, de bouteilles \u00e0 vide \u00e0 double paroi avec couvercle en bambou \u2665.<\/p>\n\n\n\n<p><\/p>\n\n\n\n<figure class=\"wp-block-image size-full\"><img loading=\"lazy\" decoding=\"async\" width=\"1000\" height=\"1000\" src=\"https:\/\/eco-drinkware.com\/wp-content\/uploads\/2022\/11\/HTB1onu5ARmWBuNkSndVq6AsApXan.jpg_-1.webp\" alt=\"\" class=\"wp-image-989\" srcset=\"https:\/\/eco-drinkware.com\/wp-content\/uploads\/2022\/11\/HTB1onu5ARmWBuNkSndVq6AsApXan.jpg_-1.webp 1000w, https:\/\/eco-drinkware.com\/wp-content\/uploads\/2022\/11\/HTB1onu5ARmWBuNkSndVq6AsApXan.jpg_-1-300x300.webp 300w, https:\/\/eco-drinkware.com\/wp-content\/uploads\/2022\/11\/HTB1onu5ARmWBuNkSndVq6AsApXan.jpg_-1-150x150.webp 150w, https:\/\/eco-drinkware.com\/wp-content\/uploads\/2022\/11\/HTB1onu5ARmWBuNkSndVq6AsApXan.jpg_-1-768x768.webp 768w, https:\/\/eco-drinkware.com\/wp-content\/uploads\/2022\/11\/HTB1onu5ARmWBuNkSndVq6AsApXan.jpg_-1-600x600.webp 600w, https:\/\/eco-drinkware.com\/wp-content\/uploads\/2022\/11\/HTB1onu5ARmWBuNkSndVq6AsApXan.jpg_-1-100x100.webp 100w\" sizes=\"auto, (max-width: 1000px) 100vw, 1000px\" \/><\/figure>\n\n\n\n<figure class=\"wp-block-image size-full\"><img loading=\"lazy\" decoding=\"async\" width=\"800\" height=\"800\" src=\"https:\/\/eco-drinkware.com\/wp-content\/uploads\/2022\/11\/HTB1vxJ1nwDD8KJjy0Fdq6AjvXXah.jpg_-1.webp\" alt=\"\" class=\"wp-image-990\" srcset=\"https:\/\/eco-drinkware.com\/wp-content\/uploads\/2022\/11\/HTB1vxJ1nwDD8KJjy0Fdq6AjvXXah.jpg_-1.webp 800w, https:\/\/eco-drinkware.com\/wp-content\/uploads\/2022\/11\/HTB1vxJ1nwDD8KJjy0Fdq6AjvXXah.jpg_-1-300x300.webp 300w, https:\/\/eco-drinkware.com\/wp-content\/uploads\/2022\/11\/HTB1vxJ1nwDD8KJjy0Fdq6AjvXXah.jpg_-1-150x150.webp 150w, https:\/\/eco-drinkware.com\/wp-content\/uploads\/2022\/11\/HTB1vxJ1nwDD8KJjy0Fdq6AjvXXah.jpg_-1-768x768.webp 768w, https:\/\/eco-drinkware.com\/wp-content\/uploads\/2022\/11\/HTB1vxJ1nwDD8KJjy0Fdq6AjvXXah.jpg_-1-600x600.webp 600w, https:\/\/eco-drinkware.com\/wp-content\/uploads\/2022\/11\/HTB1vxJ1nwDD8KJjy0Fdq6AjvXXah.jpg_-1-100x100.webp 100w\" sizes=\"auto, (max-width: 800px) 100vw, 800px\" \/><\/figure>\n\n\n\n<figure class=\"wp-block-image size-full\"><img loading=\"lazy\" decoding=\"async\" width=\"800\" height=\"800\" src=\"https:\/\/eco-drinkware.com\/wp-content\/uploads\/2022\/11\/HTB1SG4cakOWBuNjSsppq6xPgpXaj.jpg_-1.webp\" alt=\"\" class=\"wp-image-991\" srcset=\"https:\/\/eco-drinkware.com\/wp-content\/uploads\/2022\/11\/HTB1SG4cakOWBuNjSsppq6xPgpXaj.jpg_-1.webp 800w, https:\/\/eco-drinkware.com\/wp-content\/uploads\/2022\/11\/HTB1SG4cakOWBuNjSsppq6xPgpXaj.jpg_-1-300x300.webp 300w, https:\/\/eco-drinkware.com\/wp-content\/uploads\/2022\/11\/HTB1SG4cakOWBuNjSsppq6xPgpXaj.jpg_-1-150x150.webp 150w, https:\/\/eco-drinkware.com\/wp-content\/uploads\/2022\/11\/HTB1SG4cakOWBuNjSsppq6xPgpXaj.jpg_-1-768x768.webp 768w, https:\/\/eco-drinkware.com\/wp-content\/uploads\/2022\/11\/HTB1SG4cakOWBuNjSsppq6xPgpXaj.jpg_-1-600x600.webp 600w, https:\/\/eco-drinkware.com\/wp-content\/uploads\/2022\/11\/HTB1SG4cakOWBuNjSsppq6xPgpXaj.jpg_-1-100x100.webp 100w\" sizes=\"auto, (max-width: 800px) 100vw, 800px\" \/><\/figure>\n\n\n\n<figure class=\"wp-block-image size-full is-resized\"><img loading=\"lazy\" decoding=\"async\" src=\"https:\/\/eco-drinkware.com\/wp-content\/uploads\/2022\/11\/HTB1sqzOkyMnBKNjSZFzq6A_qVXaw.jpg_.webp\" alt=\"\" class=\"wp-image-970\" width=\"750\" height=\"1065\" srcset=\"https:\/\/eco-drinkware.com\/wp-content\/uploads\/2022\/11\/HTB1sqzOkyMnBKNjSZFzq6A_qVXaw.jpg_.webp 750w, https:\/\/eco-drinkware.com\/wp-content\/uploads\/2022\/11\/HTB1sqzOkyMnBKNjSZFzq6A_qVXaw.jpg_-211x300.webp 211w, https:\/\/eco-drinkware.com\/wp-content\/uploads\/2022\/11\/HTB1sqzOkyMnBKNjSZFzq6A_qVXaw.jpg_-106x150.webp 106w, https:\/\/eco-drinkware.com\/wp-content\/uploads\/2022\/11\/HTB1sqzOkyMnBKNjSZFzq6A_qVXaw.jpg_-600x852.webp 600w\" sizes=\"auto, (max-width: 750px) 100vw, 750px\" \/><\/figure>\n\n\n\n<p><strong>Q : \u00cates-vous une soci\u00e9t\u00e9 commerciale ou un fabricant ? <\/strong><br>R : Nous sommes une usine.<\/p>\n\n\n\n<p><strong>Q : Quel est le d\u00e9lai de livraison ?<\/strong><br>R : En g\u00e9n\u00e9ral, le d\u00e9lai est de 5 \u00e0 10 jours si les marchandises sont en stock, ou de 15 \u00e0 20 jours si les marchandises ne sont pas en stock, en fonction de la quantit\u00e9.<\/p>\n\n\n\n<p><strong>Q : Fournissez-vous des \u00e9chantillons ? Est-ce gratuit ou en suppl\u00e9ment ?<\/strong><br>R : Oui, nous pouvons offrir l'\u00e9chantillon gratuitement, mais nous ne prenons pas en charge les frais de transport.<\/p>\n\n\n\n<p><strong>Q : Quelles sont vos conditions de paiement ?<\/strong><br>A : Paiement=1000USD, 30% T\/T \u00e0 l'avance, solde avant exp\u00e9dition.<\/p>\n\n\n\n<p><strong>Q : \u00c0 propos du logo<\/strong><br>A : Logo sur la bouteille en verre : d\u00e9calcomanie MOQ 200 pcs<\/p>\n\n\n\n<p>    Logo sur le couvercle en bambou : gravure au laser NO MOQ<\/p>\n\n\n\n<p>    Bouteille en acier inoxydable : impression en soie Laser : pas de MOQ<\/p>\n\n\n\n<p>    Frais de mise en place du logo : 50 USD pour 1 couleur et 1 emplacement Frais de gestion du logo : 0,2 USD pour 1 couleur et 1 emplacement<\/p>\n\n\n\n<p><strong>Q : Le mat\u00e9riau est-il exempt de BPA ?<\/strong><br>R : Oui, tous les produits sont fabriqu\u00e9s \u00e0 partir de mat\u00e9riaux respectueux de l'environnement. Ils ont pass\u00e9 avec succ\u00e8s les tests de la FDA et du LFGB. Notre foi, c'est d'\u00eatre respectueux de la terre.<\/p>\n\n\n\n<p><strong>Q : Comment pouvez-vous garantir la s\u00e9curit\u00e9 de l'achat ?<\/strong><br>R : Nous avons un contrat officiel et des conditions pour assurer la s\u00e9curit\u00e9, nous supportons \u00e9galement les commandes paypal, western union et escrow. Ne vous inqui\u00e9tez pas.<\/p>\n\n\n\n<p><strong>Q:Comment se pr\u00e9sente le colis ? Puis-je avoir un forfait personnalis\u00e9 ?<\/strong><br>R:Oui, il est facile de r\u00e9aliser des emballages personnalis\u00e9s, nous vous montrerons diff\u00e9rentes id\u00e9es d'emballage.<\/p>\n\n\n\n<figure class=\"wp-block-image size-full\"><img loading=\"lazy\" decoding=\"async\" width=\"750\" height=\"946\" src=\"https:\/\/eco-drinkware.com\/wp-content\/uploads\/2022\/11\/HTB1fpEnCYSYBuNjSspiq6xNzpXaG.jpg_.webp\" alt=\"\" class=\"wp-image-948\" srcset=\"https:\/\/eco-drinkware.com\/wp-content\/uploads\/2022\/11\/HTB1fpEnCYSYBuNjSspiq6xNzpXaG.jpg_.webp 750w, https:\/\/eco-drinkware.com\/wp-content\/uploads\/2022\/11\/HTB1fpEnCYSYBuNjSspiq6xNzpXaG.jpg_-238x300.webp 238w, https:\/\/eco-drinkware.com\/wp-content\/uploads\/2022\/11\/HTB1fpEnCYSYBuNjSspiq6xNzpXaG.jpg_-119x150.webp 119w, https:\/\/eco-drinkware.com\/wp-content\/uploads\/2022\/11\/HTB1fpEnCYSYBuNjSspiq6xNzpXaG.jpg_-600x757.webp 600w\" sizes=\"auto, (max-width: 750px) 100vw, 750px\" \/><\/figure>\n\n\n\n<figure class=\"wp-block-image size-full\"><img loading=\"lazy\" decoding=\"async\" width=\"750\" height=\"777\" src=\"https:\/\/eco-drinkware.com\/wp-content\/uploads\/2022\/11\/HTB1RxS4CWSWBuNjSsrbq6y0mVXaS.jpg_.webp\" alt=\"\" class=\"wp-image-949\" srcset=\"https:\/\/eco-drinkware.com\/wp-content\/uploads\/2022\/11\/HTB1RxS4CWSWBuNjSsrbq6y0mVXaS.jpg_.webp 750w, https:\/\/eco-drinkware.com\/wp-content\/uploads\/2022\/11\/HTB1RxS4CWSWBuNjSsrbq6y0mVXaS.jpg_-290x300.webp 290w, https:\/\/eco-drinkware.com\/wp-content\/uploads\/2022\/11\/HTB1RxS4CWSWBuNjSsrbq6y0mVXaS.jpg_-145x150.webp 145w, https:\/\/eco-drinkware.com\/wp-content\/uploads\/2022\/11\/HTB1RxS4CWSWBuNjSsrbq6y0mVXaS.jpg_-600x622.webp 600w\" sizes=\"auto, (max-width: 750px) 100vw, 750px\" \/><\/figure>","protected":false},"excerpt":{"rendered":"<p>Avec 15 ans d'exp\u00e9rience dans la production de bouteilles, nous avons r\u00e9alis\u00e9 des travaux OEM et ODM pour de nombreuses marques c\u00e9l\u00e8bres dans le monde entier. Nous produisons principalement des bouteilles \u00e0 infusion, des gobelets \u00e0 caf\u00e9 et des thermos. La qualit\u00e9 est notre culture. Notre mission est de rendre la terre plus propre et meilleure.<\/p>","protected":false},"featured_media":983,"template":"","meta":{"_acf_changed":false,"_seopress_robots_primary_cat":"","_seopress_titles_title":"","_seopress_titles_desc":"","_seopress_robots_index":"","_uag_custom_page_level_css":""},"product_brand":[],"product_cat":[15],"product_tag":[],"class_list":{"0":"post-570","1":"product","2":"type-product","3":"status-publish","4":"has-post-thumbnail","6":"product_cat-drinkware-accessories","8":"first","9":"instock","10":"shipping-taxable","11":"product-type-simple"},"acf":[],"uagb_featured_image_src":{"full":["https:\/\/eco-drinkware.com\/wp-content\/uploads\/2022\/11\/84_0.webp",800,800,false],"thumbnail":["https:\/\/eco-drinkware.com\/wp-content\/uploads\/2022\/11\/84_0-150x150.webp",150,150,true],"medium":["https:\/\/eco-drinkware.com\/wp-content\/uploads\/2022\/11\/84_0-300x300.webp",300,300,true],"medium_large":["https:\/\/eco-drinkware.com\/wp-content\/uploads\/2022\/11\/84_0-768x768.webp",768,768,true],"large":["https:\/\/eco-drinkware.com\/wp-content\/uploads\/2022\/11\/84_0.webp",800,800,false],"1536x1536":["https:\/\/eco-drinkware.com\/wp-content\/uploads\/2022\/11\/84_0.webp",800,800,false],"2048x2048":["https:\/\/eco-drinkware.com\/wp-content\/uploads\/2022\/11\/84_0.webp",800,800,false],"trp-custom-language-flag":["https:\/\/eco-drinkware.com\/wp-content\/uploads\/2022\/11\/84_0.webp",12,12,false],"woocommerce_thumbnail":["https:\/\/eco-drinkware.com\/wp-content\/uploads\/2022\/11\/84_0-300x300.webp",300,300,true],"woocommerce_single":["https:\/\/eco-drinkware.com\/wp-content\/uploads\/2022\/11\/84_0-600x600.webp",600,600,true],"woocommerce_gallery_thumbnail":["https:\/\/eco-drinkware.com\/wp-content\/uploads\/2022\/11\/84_0-100x100.webp",100,100,true]},"uagb_author_info":{"display_name":"Amy","author_link":"https:\/\/eco-drinkware.com\/fr\/author\/"},"uagb_comment_info":0,"uagb_excerpt":"With 15 years bottle production experience ,have done OEM and ODM work for many famous brand all over the world . Main production line is tea infuser bottle ,coffee tumbler , thermos . Quality is our culture . Our mission is make the earth cleaner and bet","_links":{"self":[{"href":"https:\/\/eco-drinkware.com\/fr\/wp-json\/wp\/v2\/product\/570","targetHints":{"allow":["GET"]}}],"collection":[{"href":"https:\/\/eco-drinkware.com\/fr\/wp-json\/wp\/v2\/product"}],"about":[{"href":"https:\/\/eco-drinkware.com\/fr\/wp-json\/wp\/v2\/types\/product"}],"wp:featuredmedia":[{"embeddable":true,"href":"https:\/\/eco-drinkware.com\/fr\/wp-json\/wp\/v2\/media\/983"}],"wp:attachment":[{"href":"https:\/\/eco-drinkware.com\/fr\/wp-json\/wp\/v2\/media?parent=570"}],"wp:term":[{"taxonomy":"product_brand","embeddable":true,"href":"https:\/\/eco-drinkware.com\/fr\/wp-json\/wp\/v2\/product_brand?post=570"},{"taxonomy":"product_cat","embeddable":true,"href":"https:\/\/eco-drinkware.com\/fr\/wp-json\/wp\/v2\/product_cat?post=570"},{"taxonomy":"product_tag","embeddable":true,"href":"https:\/\/eco-drinkware.com\/fr\/wp-json\/wp\/v2\/product_tag?post=570"}],"curies":[{"name":"wp","href":"https:\/\/api.w.org\/{rel}","templated":true}]}}