{"id":481,"date":"2022-11-03T14:50:25","date_gmt":"2022-11-03T14:50:25","guid":{"rendered":"https:\/\/eco-drinkware.com\/?post_type=product&#038;p=481"},"modified":"2022-11-04T03:47:17","modified_gmt":"2022-11-04T03:47:17","slug":"118-stanley-flask-large-mouth-thermos-vacuum-bottle-118","status":"publish","type":"product","link":"https:\/\/eco-drinkware.com\/fr\/product\/118-stanley-flask-large-mouth-thermos-vacuum-bottle-118\/","title":{"rendered":"Bouteille thermos sous vide Stanley Flask \u00e0 large ouverture"},"content":{"rendered":"<p><strong>Isolation :<\/strong>La gourde Stanley Thermos est isol\u00e9e, ce qui permet de garder les liquides tels que le caf\u00e9, le th\u00e9, la soupe chauds ou froids pendant environ 24 heures. La gourde Stanley Thermos est fabriqu\u00e9e \u00e0 partir de mat\u00e9riaux sans BPA, tr\u00e8s respectueux de l'environnement.&nbsp;<\/p>\n\n\n\n<p><strong>Couvercle Stanley Thermos :&nbsp;<\/strong>Le couvercle du thermos Stanley est \u00e9tanche, vous pouvez le mettre dans un sac \u00e0 dos, le thermos Stanley ne fuira pas. Le couvercle du thermos Stanley \u00e0 large ouverture peut \u00eatre utilis\u00e9 comme une autre tasse Stanley Thermos.<\/p>\n\n\n\n<p><strong>Plusieurs tailles :\u00a0<\/strong>La gourde Stanley Thermos existe en plusieurs tailles : 750 ml, 1000 ml et 1300 ml. La gourde Stanley Thermos avec poign\u00e9e est facile \u00e0 emporter lors de vos sorties.<\/p>\n\n\n\n<figure class=\"wp-block-image size-full\"><img loading=\"lazy\" decoding=\"async\" width=\"750\" height=\"750\" src=\"https:\/\/eco-drinkware.com\/wp-content\/uploads\/2022\/11\/118_0.webp\" alt=\"\" class=\"wp-image-774\" srcset=\"https:\/\/eco-drinkware.com\/wp-content\/uploads\/2022\/11\/118_0.webp 750w, https:\/\/eco-drinkware.com\/wp-content\/uploads\/2022\/11\/118_0-300x300.webp 300w, https:\/\/eco-drinkware.com\/wp-content\/uploads\/2022\/11\/118_0-150x150.webp 150w, https:\/\/eco-drinkware.com\/wp-content\/uploads\/2022\/11\/118_0-600x600.webp 600w, https:\/\/eco-drinkware.com\/wp-content\/uploads\/2022\/11\/118_0-100x100.webp 100w\" sizes=\"auto, (max-width: 750px) 100vw, 750px\" \/><\/figure>\n\n\n\n<figure class=\"wp-block-image size-full\"><img loading=\"lazy\" decoding=\"async\" width=\"1000\" height=\"1000\" src=\"https:\/\/eco-drinkware.com\/wp-content\/uploads\/2022\/11\/2021-06-08-11-16-027.webp\" alt=\"\" class=\"wp-image-780\" srcset=\"https:\/\/eco-drinkware.com\/wp-content\/uploads\/2022\/11\/2021-06-08-11-16-027.webp 1000w, https:\/\/eco-drinkware.com\/wp-content\/uploads\/2022\/11\/2021-06-08-11-16-027-300x300.webp 300w, https:\/\/eco-drinkware.com\/wp-content\/uploads\/2022\/11\/2021-06-08-11-16-027-150x150.webp 150w, https:\/\/eco-drinkware.com\/wp-content\/uploads\/2022\/11\/2021-06-08-11-16-027-768x768.webp 768w, https:\/\/eco-drinkware.com\/wp-content\/uploads\/2022\/11\/2021-06-08-11-16-027-600x600.webp 600w, https:\/\/eco-drinkware.com\/wp-content\/uploads\/2022\/11\/2021-06-08-11-16-027-100x100.webp 100w\" sizes=\"auto, (max-width: 1000px) 100vw, 1000px\" \/><\/figure>\n\n\n\n<figure class=\"wp-block-image size-full\"><img loading=\"lazy\" decoding=\"async\" width=\"1000\" height=\"1000\" src=\"https:\/\/eco-drinkware.com\/wp-content\/uploads\/2022\/11\/2021-06-08-11-12-559.webp\" alt=\"\" class=\"wp-image-779\" srcset=\"https:\/\/eco-drinkware.com\/wp-content\/uploads\/2022\/11\/2021-06-08-11-12-559.webp 1000w, https:\/\/eco-drinkware.com\/wp-content\/uploads\/2022\/11\/2021-06-08-11-12-559-300x300.webp 300w, https:\/\/eco-drinkware.com\/wp-content\/uploads\/2022\/11\/2021-06-08-11-12-559-150x150.webp 150w, https:\/\/eco-drinkware.com\/wp-content\/uploads\/2022\/11\/2021-06-08-11-12-559-768x768.webp 768w, https:\/\/eco-drinkware.com\/wp-content\/uploads\/2022\/11\/2021-06-08-11-12-559-600x600.webp 600w, https:\/\/eco-drinkware.com\/wp-content\/uploads\/2022\/11\/2021-06-08-11-12-559-100x100.webp 100w\" sizes=\"auto, (max-width: 1000px) 100vw, 1000px\" \/><\/figure>","protected":false},"excerpt":{"rendered":"<p>Le thermos Stanley est isol\u00e9 et fabriqu\u00e9 en acier inoxydable 18\/8. Les couleurs et logos personnalis\u00e9s sont les bienvenus ! 3 tailles : 750ml, 1000ml, 1300ml<\/p>","protected":false},"featured_media":774,"template":"","meta":{"_acf_changed":false,"_seopress_robots_primary_cat":"","_seopress_titles_title":"","_seopress_titles_desc":"","_seopress_robots_index":"","_uag_custom_page_level_css":""},"product_brand":[],"product_cat":[15],"product_tag":[],"class_list":{"0":"post-481","1":"product","2":"type-product","3":"status-publish","4":"has-post-thumbnail","6":"product_cat-drinkware-accessories","8":"first","9":"instock","10":"shipping-taxable","11":"product-type-simple"},"acf":[],"uagb_featured_image_src":{"full":["https:\/\/eco-drinkware.com\/wp-content\/uploads\/2022\/11\/118_0.webp",750,750,false],"thumbnail":["https:\/\/eco-drinkware.com\/wp-content\/uploads\/2022\/11\/118_0-150x150.webp",150,150,true],"medium":["https:\/\/eco-drinkware.com\/wp-content\/uploads\/2022\/11\/118_0-300x300.webp",300,300,true],"medium_large":["https:\/\/eco-drinkware.com\/wp-content\/uploads\/2022\/11\/118_0.webp",750,750,false],"large":["https:\/\/eco-drinkware.com\/wp-content\/uploads\/2022\/11\/118_0.webp",750,750,false],"1536x1536":["https:\/\/eco-drinkware.com\/wp-content\/uploads\/2022\/11\/118_0.webp",750,750,false],"2048x2048":["https:\/\/eco-drinkware.com\/wp-content\/uploads\/2022\/11\/118_0.webp",750,750,false],"trp-custom-language-flag":["https:\/\/eco-drinkware.com\/wp-content\/uploads\/2022\/11\/118_0.webp",12,12,false],"woocommerce_thumbnail":["https:\/\/eco-drinkware.com\/wp-content\/uploads\/2022\/11\/118_0-300x300.webp",300,300,true],"woocommerce_single":["https:\/\/eco-drinkware.com\/wp-content\/uploads\/2022\/11\/118_0-600x600.webp",600,600,true],"woocommerce_gallery_thumbnail":["https:\/\/eco-drinkware.com\/wp-content\/uploads\/2022\/11\/118_0-100x100.webp",100,100,true]},"uagb_author_info":{"display_name":"Amy","author_link":"https:\/\/eco-drinkware.com\/fr\/author\/"},"uagb_comment_info":0,"uagb_excerpt":"The Stanley Thermos is insulated, made of 18\/8 stainless steel. Custom color and logo are welcome! 3 sizes: 750ml, 1000ml, 1300ml","_links":{"self":[{"href":"https:\/\/eco-drinkware.com\/fr\/wp-json\/wp\/v2\/product\/481","targetHints":{"allow":["GET"]}}],"collection":[{"href":"https:\/\/eco-drinkware.com\/fr\/wp-json\/wp\/v2\/product"}],"about":[{"href":"https:\/\/eco-drinkware.com\/fr\/wp-json\/wp\/v2\/types\/product"}],"wp:featuredmedia":[{"embeddable":true,"href":"https:\/\/eco-drinkware.com\/fr\/wp-json\/wp\/v2\/media\/774"}],"wp:attachment":[{"href":"https:\/\/eco-drinkware.com\/fr\/wp-json\/wp\/v2\/media?parent=481"}],"wp:term":[{"taxonomy":"product_brand","embeddable":true,"href":"https:\/\/eco-drinkware.com\/fr\/wp-json\/wp\/v2\/product_brand?post=481"},{"taxonomy":"product_cat","embeddable":true,"href":"https:\/\/eco-drinkware.com\/fr\/wp-json\/wp\/v2\/product_cat?post=481"},{"taxonomy":"product_tag","embeddable":true,"href":"https:\/\/eco-drinkware.com\/fr\/wp-json\/wp\/v2\/product_tag?post=481"}],"curies":[{"name":"wp","href":"https:\/\/api.w.org\/{rel}","templated":true}]}}