{"id":354,"date":"2022-11-03T08:58:50","date_gmt":"2022-11-03T08:58:50","guid":{"rendered":"https:\/\/eco-drinkware.com\/?post_type=product&#038;p=354"},"modified":"2022-11-03T14:15:27","modified_gmt":"2022-11-03T14:15:27","slug":"134-infuseur-de-the-en-verre-avec-bouchon-en-liege-134","status":"publish","type":"product","link":"https:\/\/eco-drinkware.com\/fr\/product\/134-infuseur-de-the-en-verre-avec-bouchon-en-liege-134\/","title":{"rendered":"Design \u00e9cologique dernier cri Tube en verre borosilicate Infuseur de th\u00e9 FiltreBouchon en li\u00e8ge"},"content":{"rendered":"<p><strong>Verre \u00e0 haute teneur en borosilicate :<\/strong>Cet infuseur en verre est fabriqu\u00e9 en verre borosilicat\u00e9, un mat\u00e9riau sp\u00e9cial dont le taux de dilatation est faible. L'eau froide et l'eau chaude sont toutes deux acceptables, s\u00fbres, durables et respectueuses de l'environnement.<br><br><strong>Bonne filtrabilit\u00e9 :<\/strong>Chaque infuseur de th\u00e9 est dot\u00e9 de 8 trous permettant \u00e0 l'eau de s'\u00e9couler. L'ouverture de l'infuseur en verre peut filtrer tous les types de feuilles de th\u00e9 et emp\u00eacher les r\u00e9sidus de th\u00e9, les particules ou les d\u00e9bris de s'\u00e9couler.<br><strong>Bouchon en li\u00e8ge :<\/strong>Le bouchon est utilis\u00e9 pour sceller le th\u00e9 \u00e0 l'int\u00e9rieur de l'infuseur, ce qui permet d'infuser compl\u00e8tement les feuilles de th\u00e9. Il permet de conserver au maximum l'ar\u00f4me du th\u00e9 et d'en am\u00e9liorer le go\u00fbt.<br><br><strong>Nettoyage facile :<\/strong>L'infuseur de th\u00e9 est facile \u00e0 nettoyer et les feuilles ne s'\u00e9chapperont pas et ne resteront pas coinc\u00e9es dans les trous. Il suffit de remplir la base avec de l'eau, de la retourner et de verser les feuilles, puis de continuer \u00e0 rincer.<br><br>Facile d'imprimer un logo personnalis\u00e9 sur le verre et un logo laser sur le li\u00e8ge.<br>Un emballage personnalis\u00e9 est \u00e9galement possible pour ce filtre \u00e0 infusion en verre avec couvercle en li\u00e8ge, n'h\u00e9sitez pas \u00e0 nous faire part de votre id\u00e9e.<br>Nous vous contacterons avec le produit r\u00e9el.<br><br>Veuillez noter qu'Eco Drinkware propose un service de livraison directe dans de nombreux pays. Cela signifie que la livraison se fait \u00e0 votre porte et que les taxes sont incluses. Vous \u00e9conomiserez ainsi beaucoup d'argent.<br>Contactez-nous pour \u00e9conomiser de l'argent.<\/p>\n\n\n\n<figure class=\"wp-block-image size-full is-resized\"><img loading=\"lazy\" decoding=\"async\" src=\"https:\/\/eco-drinkware.com\/wp-content\/uploads\/134_0.webp\" alt=\"\" class=\"wp-image-443\" width=\"563\" height=\"563\" srcset=\"https:\/\/eco-drinkware.com\/wp-content\/uploads\/134_0.webp 750w, https:\/\/eco-drinkware.com\/wp-content\/uploads\/134_0-300x300.webp 300w, https:\/\/eco-drinkware.com\/wp-content\/uploads\/134_0-150x150.webp 150w, https:\/\/eco-drinkware.com\/wp-content\/uploads\/134_0-600x600.webp 600w, https:\/\/eco-drinkware.com\/wp-content\/uploads\/134_0-100x100.webp 100w\" sizes=\"auto, (max-width: 563px) 100vw, 563px\" \/><\/figure>\n\n\n\n<p>Infuseur en verre avec couvercle en li\u00e8ge taille : diam\u00e8tre 2,5 cm, hauteur 15 cm<\/p>\n\n\n\n<figure class=\"wp-block-image size-full is-resized\"><img loading=\"lazy\" decoding=\"async\" src=\"https:\/\/eco-drinkware.com\/wp-content\/uploads\/2021-12-24-16-44-138.webp\" alt=\"\" class=\"wp-image-441\" width=\"563\" height=\"563\" srcset=\"https:\/\/eco-drinkware.com\/wp-content\/uploads\/2021-12-24-16-44-138.webp 750w, https:\/\/eco-drinkware.com\/wp-content\/uploads\/2021-12-24-16-44-138-300x300.webp 300w, https:\/\/eco-drinkware.com\/wp-content\/uploads\/2021-12-24-16-44-138-150x150.webp 150w, https:\/\/eco-drinkware.com\/wp-content\/uploads\/2021-12-24-16-44-138-600x600.webp 600w, https:\/\/eco-drinkware.com\/wp-content\/uploads\/2021-12-24-16-44-138-100x100.webp 100w\" sizes=\"auto, (max-width: 563px) 100vw, 563px\" \/><\/figure>\n\n\n\n<p>Bon pour la pr\u00e9paration du th\u00e9 dans la vie de tous les jours.<\/p>\n\n\n\n<figure class=\"wp-block-image size-full is-resized\"><img loading=\"lazy\" decoding=\"async\" src=\"https:\/\/eco-drinkware.com\/wp-content\/uploads\/2021-12-24-16-44-558.webp\" alt=\"\" class=\"wp-image-442\" width=\"563\" height=\"440\" srcset=\"https:\/\/eco-drinkware.com\/wp-content\/uploads\/2021-12-24-16-44-558.webp 750w, https:\/\/eco-drinkware.com\/wp-content\/uploads\/2021-12-24-16-44-558-300x234.webp 300w, https:\/\/eco-drinkware.com\/wp-content\/uploads\/2021-12-24-16-44-558-150x117.webp 150w, https:\/\/eco-drinkware.com\/wp-content\/uploads\/2021-12-24-16-44-558-600x469.webp 600w\" sizes=\"auto, (max-width: 563px) 100vw, 563px\" \/><\/figure>\n\n\n\n<p>Facile de faire un logo personnalis\u00e9 sur le verre, le li\u00e8ge et l'emballage de la bo\u00eete. N'h\u00e9sitez pas \u00e0 nous faire part de vos projets.<\/p>","protected":false},"excerpt":{"rendered":"<p>Cet infuseur \u00e0 th\u00e9 avec bouchon est fabriqu\u00e9 en verre borosilicat\u00e9 de haute qualit\u00e9, 8 trous pour les fuites, facile \u00e0 nettoyer. Logo personnalis\u00e9 facile \u00e0 r\u00e9aliser sur le verre, le bouchon et l'emballage. Parfait pour boire du th\u00e9.<\/p>","protected":false},"featured_media":443,"template":"","meta":{"_acf_changed":false,"_seopress_robots_primary_cat":"","_seopress_titles_title":"","_seopress_titles_desc":"","_seopress_robots_index":"","_uag_custom_page_level_css":""},"product_brand":[],"product_cat":[15],"product_tag":[],"class_list":{"0":"post-354","1":"product","2":"type-product","3":"status-publish","4":"has-post-thumbnail","6":"product_cat-drinkware-accessories","8":"first","9":"instock","10":"shipping-taxable","11":"product-type-simple"},"acf":[],"uagb_featured_image_src":{"full":["https:\/\/eco-drinkware.com\/wp-content\/uploads\/134_0.webp",750,750,false],"thumbnail":["https:\/\/eco-drinkware.com\/wp-content\/uploads\/134_0-150x150.webp",150,150,true],"medium":["https:\/\/eco-drinkware.com\/wp-content\/uploads\/134_0-300x300.webp",300,300,true],"medium_large":["https:\/\/eco-drinkware.com\/wp-content\/uploads\/134_0.webp",750,750,false],"large":["https:\/\/eco-drinkware.com\/wp-content\/uploads\/134_0.webp",750,750,false],"1536x1536":["https:\/\/eco-drinkware.com\/wp-content\/uploads\/134_0.webp",750,750,false],"2048x2048":["https:\/\/eco-drinkware.com\/wp-content\/uploads\/134_0.webp",750,750,false],"trp-custom-language-flag":["https:\/\/eco-drinkware.com\/wp-content\/uploads\/134_0.webp",12,12,false],"woocommerce_thumbnail":["https:\/\/eco-drinkware.com\/wp-content\/uploads\/134_0-300x300.webp",300,300,true],"woocommerce_single":["https:\/\/eco-drinkware.com\/wp-content\/uploads\/134_0-600x600.webp",600,600,true],"woocommerce_gallery_thumbnail":["https:\/\/eco-drinkware.com\/wp-content\/uploads\/134_0-100x100.webp",100,100,true]},"uagb_author_info":{"display_name":"Amy","author_link":"https:\/\/eco-drinkware.com\/fr\/author\/"},"uagb_comment_info":0,"uagb_excerpt":"This tea infuser with stock made of high borosilicate glass, 8 holes to leak, easy to clean. Easy to do custom logo on glass , cork and package . Perfect for tea drinking.","_links":{"self":[{"href":"https:\/\/eco-drinkware.com\/fr\/wp-json\/wp\/v2\/product\/354","targetHints":{"allow":["GET"]}}],"collection":[{"href":"https:\/\/eco-drinkware.com\/fr\/wp-json\/wp\/v2\/product"}],"about":[{"href":"https:\/\/eco-drinkware.com\/fr\/wp-json\/wp\/v2\/types\/product"}],"wp:featuredmedia":[{"embeddable":true,"href":"https:\/\/eco-drinkware.com\/fr\/wp-json\/wp\/v2\/media\/443"}],"wp:attachment":[{"href":"https:\/\/eco-drinkware.com\/fr\/wp-json\/wp\/v2\/media?parent=354"}],"wp:term":[{"taxonomy":"product_brand","embeddable":true,"href":"https:\/\/eco-drinkware.com\/fr\/wp-json\/wp\/v2\/product_brand?post=354"},{"taxonomy":"product_cat","embeddable":true,"href":"https:\/\/eco-drinkware.com\/fr\/wp-json\/wp\/v2\/product_cat?post=354"},{"taxonomy":"product_tag","embeddable":true,"href":"https:\/\/eco-drinkware.com\/fr\/wp-json\/wp\/v2\/product_tag?post=354"}],"curies":[{"name":"wp","href":"https:\/\/api.w.org\/{rel}","templated":true}]}}