{"id":337,"date":"2022-11-03T08:01:28","date_gmt":"2022-11-03T00:01:28","guid":{"rendered":"https:\/\/eco-drinkware.com\/?post_type=product&#038;p=337"},"modified":"2022-12-02T17:24:55","modified_gmt":"2022-12-02T09:24:55","slug":"13-bouteille-en-verre-a-double-paroi-pour-infusion-de-the-avec-couvercle-en-bambou-naturel-13","status":"publish","type":"product","link":"https:\/\/eco-drinkware.com\/fr\/product\/13-bouteille-en-verre-a-double-paroi-pour-infusion-de-the-avec-couvercle-en-bambou-naturel-13\/","title":{"rendered":"Bouteille \u00e9cologique en verre \u00e0 double paroi pour infusion de fruits avec couvercle en bambou naturel"},"content":{"rendered":"<h2 class=\"wp-block-heading\">Bouteilles d'eau en verre borosilicat\u00e9 \u00e0 double paroi 500ml<\/h2>\n\n\n\n<p>Cette bouteille d'eau en verre \u00e0 double paroi de 500 ml est fabriqu\u00e9e en verre borosilicat\u00e9, en bambou naturel, en acier inoxydable 18\/8 304, en nouvelle mati\u00e8re plastique et en anneau de silicone.<br><br>L'infuseur est \u00e9galement fabriqu\u00e9 en acier inoxydable 304, facile \u00e0 tenir dans la bouteille d'eau en verre \u00e0 double paroi. Il est tr\u00e8s populaire en Europe, aux \u00c9tats-Unis et en Australie. Les pays europ\u00e9ens comme le Royaume-Uni, l'Allemagne, la France, l'Espagne, etc.<br><br>Cette bouteille d'eau en verre borosilicate de 500 ml peut \u00eatre munie d'un manchon, ce qui rend la bouteille d'eau en verre facile \u00e0 transporter et \u00e0 isoler thermiquement.<br><br>Fabriqu\u00e9 par Fressco\u00a0<br><br>Rapport d'essai FDA et LFGB disponible<br>Tailles disponibles : 350ml, 450ml, 500ml<br>Options d'emballage : bo\u00eete blanche, bo\u00eete imprim\u00e9e personnalis\u00e9e pour bouteille d'eau en verre avec couvercle en bambou, cylindre arrondi, bo\u00eete cadeau.<br>Conditions :EXW, FOB, CIF, DDU et DDP<br>Cette bouteille d'eau en verre avec couvercle en bambou naturel est facile \u00e0 graver au laser sur le couvercle et \u00e0 imprimer sur le verre borosilicat\u00e9.<br><br>Le manchon en n\u00e9opr\u00e8ne est disponible. Nous pouvons \u00e9galement imprimer un logo personnalis\u00e9.\u00a0<\/p>\n\n\n\n<figure class=\"wp-block-image size-full\"><img loading=\"lazy\" decoding=\"async\" width=\"1000\" height=\"1000\" src=\"https:\/\/eco-drinkware.com\/wp-content\/uploads\/2021-05-21-15-45-324.webp\" alt=\"\" class=\"wp-image-391\" srcset=\"https:\/\/eco-drinkware.com\/wp-content\/uploads\/2021-05-21-15-45-324.webp 1000w, https:\/\/eco-drinkware.com\/wp-content\/uploads\/2021-05-21-15-45-324-300x300.webp 300w, https:\/\/eco-drinkware.com\/wp-content\/uploads\/2021-05-21-15-45-324-150x150.webp 150w, https:\/\/eco-drinkware.com\/wp-content\/uploads\/2021-05-21-15-45-324-768x768.webp 768w, https:\/\/eco-drinkware.com\/wp-content\/uploads\/2021-05-21-15-45-324-600x600.webp 600w, https:\/\/eco-drinkware.com\/wp-content\/uploads\/2021-05-21-15-45-324-100x100.webp 100w\" sizes=\"auto, (max-width: 1000px) 100vw, 1000px\" \/><figcaption class=\"wp-element-caption\">Que peut faire cette bouteille d'eau en verre avec couvercle en bambou ? Faire du th\u00e9, du caf\u00e9, du th\u00e9 aux fruits. .\u00a0<\/figcaption><\/figure>\n\n\n\n<figure class=\"wp-block-image size-large\"><img loading=\"lazy\" decoding=\"async\" width=\"1024\" height=\"1024\" src=\"https:\/\/eco-drinkware.com\/wp-content\/uploads\/2021-05-21-15-46-231-1024x1024.webp\" alt=\"\" class=\"wp-image-392\" srcset=\"https:\/\/eco-drinkware.com\/wp-content\/uploads\/2021-05-21-15-46-231-1024x1024.webp 1024w, https:\/\/eco-drinkware.com\/wp-content\/uploads\/2021-05-21-15-46-231-300x300.webp 300w, https:\/\/eco-drinkware.com\/wp-content\/uploads\/2021-05-21-15-46-231-150x150.webp 150w, https:\/\/eco-drinkware.com\/wp-content\/uploads\/2021-05-21-15-46-231-768x768.webp 768w, https:\/\/eco-drinkware.com\/wp-content\/uploads\/2021-05-21-15-46-231-600x600.webp 600w, https:\/\/eco-drinkware.com\/wp-content\/uploads\/2021-05-21-15-46-231-100x100.webp 100w, https:\/\/eco-drinkware.com\/wp-content\/uploads\/2021-05-21-15-46-231.webp 1500w\" sizes=\"auto, (max-width: 1024px) 100vw, 1024px\" \/><figcaption class=\"wp-element-caption\">Plus de d\u00e9tails pour notre bouteille d'eau en verre avec couvercle en bambou<\/figcaption><\/figure>\n\n\n\n<figure class=\"wp-block-image size-large\"><img loading=\"lazy\" decoding=\"async\" width=\"1024\" height=\"1024\" src=\"https:\/\/eco-drinkware.com\/wp-content\/uploads\/2021-05-21-15-47-148-1024x1024.webp\" alt=\"\" class=\"wp-image-393\" srcset=\"https:\/\/eco-drinkware.com\/wp-content\/uploads\/2021-05-21-15-47-148-1024x1024.webp 1024w, https:\/\/eco-drinkware.com\/wp-content\/uploads\/2021-05-21-15-47-148-300x300.webp 300w, https:\/\/eco-drinkware.com\/wp-content\/uploads\/2021-05-21-15-47-148-150x150.webp 150w, https:\/\/eco-drinkware.com\/wp-content\/uploads\/2021-05-21-15-47-148-768x768.webp 768w, https:\/\/eco-drinkware.com\/wp-content\/uploads\/2021-05-21-15-47-148-600x600.webp 600w, https:\/\/eco-drinkware.com\/wp-content\/uploads\/2021-05-21-15-47-148-100x100.webp 100w, https:\/\/eco-drinkware.com\/wp-content\/uploads\/2021-05-21-15-47-148.webp 1500w\" sizes=\"auto, (max-width: 1024px) 100vw, 1024px\" \/><\/figure>\n\n\n\n<p>Voulez-vous personnaliser votre propre marque de bouteille ? Veuillez nous contacter pour plus de d\u00e9tails. Nous vous remercions.<\/p>","protected":false},"excerpt":{"rendered":"<p>La meilleure bouteille d'eau en verre pour le th\u00e9 et le caf\u00e9. 500ml est le plus grand format de bouteille d'eau en verre \u00e0 double paroi actuellement.<\/p>","protected":false},"featured_media":387,"template":"","meta":{"_acf_changed":false,"_seopress_robots_primary_cat":"","_seopress_titles_title":"","_seopress_titles_desc":"","_seopress_robots_index":"","_uag_custom_page_level_css":""},"product_brand":[],"product_cat":[36,42,25,22,54],"product_tag":[],"class_list":{"0":"post-337","1":"product","2":"type-product","3":"status-publish","4":"has-post-thumbnail","6":"product_cat-double-wall-gass-bottle","7":"product_cat-glass-tumbler","8":"product_cat-glass-tumbler-mugs","9":"product_cat-glass-water-bottle","10":"product_cat-tea-bottle-coffee-tumblers","12":"first","13":"instock","14":"shipping-taxable","15":"product-type-simple"},"acf":[],"uagb_featured_image_src":{"full":["https:\/\/eco-drinkware.com\/wp-content\/uploads\/13_0.webp",800,800,false],"thumbnail":["https:\/\/eco-drinkware.com\/wp-content\/uploads\/13_0-150x150.webp",150,150,true],"medium":["https:\/\/eco-drinkware.com\/wp-content\/uploads\/13_0-300x300.webp",300,300,true],"medium_large":["https:\/\/eco-drinkware.com\/wp-content\/uploads\/13_0-768x768.webp",768,768,true],"large":["https:\/\/eco-drinkware.com\/wp-content\/uploads\/13_0.webp",800,800,false],"1536x1536":["https:\/\/eco-drinkware.com\/wp-content\/uploads\/13_0.webp",800,800,false],"2048x2048":["https:\/\/eco-drinkware.com\/wp-content\/uploads\/13_0.webp",800,800,false],"trp-custom-language-flag":["https:\/\/eco-drinkware.com\/wp-content\/uploads\/13_0.webp",12,12,false],"woocommerce_thumbnail":["https:\/\/eco-drinkware.com\/wp-content\/uploads\/13_0-300x300.webp",300,300,true],"woocommerce_single":["https:\/\/eco-drinkware.com\/wp-content\/uploads\/13_0-600x600.webp",600,600,true],"woocommerce_gallery_thumbnail":["https:\/\/eco-drinkware.com\/wp-content\/uploads\/13_0-100x100.webp",100,100,true]},"uagb_author_info":{"display_name":"Amy","author_link":"https:\/\/eco-drinkware.com\/fr\/author\/"},"uagb_comment_info":0,"uagb_excerpt":"Best glass water bottle choice for tea, coffee. 500ml is the biggest size for double wall glass water bottle now.","_links":{"self":[{"href":"https:\/\/eco-drinkware.com\/fr\/wp-json\/wp\/v2\/product\/337","targetHints":{"allow":["GET"]}}],"collection":[{"href":"https:\/\/eco-drinkware.com\/fr\/wp-json\/wp\/v2\/product"}],"about":[{"href":"https:\/\/eco-drinkware.com\/fr\/wp-json\/wp\/v2\/types\/product"}],"wp:featuredmedia":[{"embeddable":true,"href":"https:\/\/eco-drinkware.com\/fr\/wp-json\/wp\/v2\/media\/387"}],"wp:attachment":[{"href":"https:\/\/eco-drinkware.com\/fr\/wp-json\/wp\/v2\/media?parent=337"}],"wp:term":[{"taxonomy":"product_brand","embeddable":true,"href":"https:\/\/eco-drinkware.com\/fr\/wp-json\/wp\/v2\/product_brand?post=337"},{"taxonomy":"product_cat","embeddable":true,"href":"https:\/\/eco-drinkware.com\/fr\/wp-json\/wp\/v2\/product_cat?post=337"},{"taxonomy":"product_tag","embeddable":true,"href":"https:\/\/eco-drinkware.com\/fr\/wp-json\/wp\/v2\/product_tag?post=337"}],"curies":[{"name":"wp","href":"https:\/\/api.w.org\/{rel}","templated":true}]}}