{"id":2964,"date":"2025-04-22T16:13:38","date_gmt":"2025-04-22T08:13:38","guid":{"rendered":"https:\/\/eco-drinkware.com\/?post_type=product&#038;p=2964"},"modified":"2025-06-13T12:18:36","modified_gmt":"2025-06-13T04:18:36","slug":"gv085-mug-isotherme-a-double-paroi-en-acier-inoxydable-avec-poignee","status":"publish","type":"product","link":"https:\/\/eco-drinkware.com\/fr\/product\/gv085-mug-isotherme-a-double-paroi-en-acier-inoxydable-avec-poignee\/","title":{"rendered":"GV085 Mug isotherme \u00e0 double paroi en acier inoxydable avec poign\u00e9e"},"content":{"rendered":"<h2 class=\"wp-block-heading\"><strong>Gobelet en acier inoxydable personnalis\u00e9 7oz 12oz 16oz 17oz - Options de commande en vrac disponibles<\/strong><\/h2>\n\n\n\n<p><strong>Tasse \u00e0 caf\u00e9 en acier inoxydable personnalisable pour tous les besoins<\/strong><br>Pr\u00e9sentation de notre&nbsp;<strong><strong>7oz 12oz 16oz 17oz<\/strong><\/strong> <strong>Acier inoxydable sur mesure <\/strong>La solution parfaite pour les entreprises, les \u00e9v\u00e9nements ou les cadeaux promotionnels. Con\u00e7u pour durer et \u00eatre personnalis\u00e9, ce gobelet est id\u00e9al pour les commandes en gros, offrant une qualit\u00e9 et une fonctionnalit\u00e9 exceptionnelles \u00e0 des prix d'usine comp\u00e9titifs.<\/p>\n\n\n\n<p><strong>Caract\u00e9ristiques principales :<\/strong><\/p>\n\n\n\n<p>\ud83d\udca7 Diff\u00e9rentes options de taille - <strong>7oz 12oz 16oz 17oz<\/strong> Il est disponible en plusieurs tailles, ce qui en fait un choix pratique pour les bureaux, les \u00e9v\u00e9nements ou la vente au d\u00e9tail. Parfait pour le camping, il peut contenir du jus, de l'eau, de la bi\u00e8re, du vin et toute autre boisson.<\/p>\n\n\n\n<p>\ud83c\udf21\ufe0f&nbsp;<strong>Double paroi <\/strong>Construction isol\u00e9e - Assure que les boissons restent chaudes jusqu'\u00e0 6 heures ou froides jusqu'\u00e0 10 heures, offrant une r\u00e9tention de temp\u00e9rature sup\u00e9rieure.<\/p>\n\n\n\n<p>\ud83c\udf43&nbsp;<strong>\u00c9cologique et durable :<\/strong>&nbsp;Fabriqu\u00e9 en acier inoxydable 304 de haute qualit\u00e9, sans BPA, ce gobelet est con\u00e7u pour durer. Laissez tomber les gobelets \u00e0 usage unique et r\u00e9duisez les d\u00e9chets en optant pour un choix r\u00e9utilisable et respectueux de l'environnement. Le gobelet r\u00e9utilisable remplace le gobelet en plastique jetable ou le gobelet en papier.<\/p>\n\n\n\n<p>\ud83c\udfa8&nbsp;<strong>Enti\u00e8rement personnalisable<\/strong>&nbsp;- Ajoutez votre couleur, votre logo, votre marque ou un design unique pour cr\u00e9er un mug personnalis\u00e9 qui se d\u00e9marque. Notre usine peut imprimer, graver ou d\u00e9couper au laser pour r\u00e9pondre \u00e0 vos besoins sp\u00e9cifiques.<\/p>\n\n\n\n<p><strong>Construction en acier inoxydable de premi\u00e8re qualit\u00e9<\/strong>&nbsp;- Fabriqu\u00e9 en acier inoxydable de haute qualit\u00e9, de qualit\u00e9 alimentaire, r\u00e9sistant \u00e0 la rouille, sans BPA, ce mug en acier inoxydable est durable. Il ne contient pas de plastique.<\/p>\n\n\n\n<p><strong>Pourquoi vous l'aimerez :<\/strong><\/p>\n\n\n\n<h3 class=\"wp-block-heading\"><strong>Pourquoi choisir notre gobelet pour les commandes en gros ?<\/strong><\/h3>\n\n\n\n<p>\u2728&nbsp;<strong>Options de personnalisation<\/strong>&nbsp;- En tant que fournisseur de confiance, nous offrons un large \u00e9ventail d'options de personnalisation, y compris l'emplacement du logo, le choix des couleurs et l'emballage. Envoyez-nous simplement votre id\u00e9e, nous la transformerons en produit r\u00e9el.<br>\u2728&nbsp;<strong>Prix directs d'usine<\/strong>&nbsp;- B\u00e9n\u00e9ficiez de tarifs comp\u00e9titifs pour les commandes en gros, afin de garantir la rentabilit\u00e9 sans compromettre la qualit\u00e9.<br>\u2728&nbsp;<strong>Durable et fiable<\/strong>&nbsp;- Con\u00e7us pour r\u00e9sister \u00e0 un usage quotidien, nos gobelets sont parfaits pour les cadeaux d'entreprise, les \u00e9v\u00e9nements promotionnels ou les ventes au d\u00e9tail.<br>\u2728&nbsp;<strong>D\u00e9lai d'ex\u00e9cution rapide<\/strong>&nbsp;- Notre usine est \u00e9quip\u00e9e pour traiter des commandes de grande envergure avec une production efficace et une livraison dans les d\u00e9lais.<br>\u2728&nbsp;<strong>Respectueux de l'environnement et r\u00e9utilisable<\/strong>&nbsp;- Promouvoir la durabilit\u00e9 avec un gobelet r\u00e9utilisable qui r\u00e9duit les d\u00e9chets et s'aligne sur les valeurs \u00e9co-conscientes.                                                                                                                    \u2728 Livraison dans le monde entier - Nous offrons une livraison dans le monde entier \u00e0 votre entrep\u00f4t. Il est tr\u00e8s pratique de travailler avec Eco Drinkware, vous n'avez qu'\u00e0 attendre votre commande au bureau.                                                              <\/p>\n\n\n\n<hr class=\"wp-block-separator has-alpha-channel-opacity\"\/>\n\n\n\n<h3 class=\"wp-block-heading\"><strong>Parfait pour :<\/strong><\/h3>\n\n\n\n<ul class=\"wp-block-list\">\n<li><strong>Cadeaux d'entreprise<\/strong>&nbsp;- Impressionnez vos clients ou r\u00e9compensez vos employ\u00e9s avec un mug de marque de haute qualit\u00e9.<\/li>\n\n\n\n<li><strong>\u00c9v\u00e9nements promotionnels<\/strong>&nbsp;- Augmentez la visibilit\u00e9 de votre marque gr\u00e2ce \u00e0 un objet publicitaire pratique et \u00e9l\u00e9gant.<\/li>\n\n\n\n<li><strong>Ventes au d\u00e9tail<\/strong>&nbsp;- Faites le plein de gobelets personnalisables qui plaisent \u00e0 un large public. Il est facile de graver au laser un nom personnalis\u00e9 ou quelque chose de similaire sur le gobelet \u00e0 l'aide d'une machine laser. <\/li>\n\n\n\n<li><strong>Collectes de fonds et cadeaux<\/strong>&nbsp;- Offrez un produit fonctionnel et m\u00e9morable que les supporters appr\u00e9cieront. Et votre marque ou votre logo sur le mug sera une tr\u00e8s belle publicit\u00e9.<\/li>\n<\/ul>\n\n\n\n<hr class=\"wp-block-separator has-alpha-channel-opacity\"\/>\n\n\n\n<p><strong>Commandez d\u00e8s aujourd'hui !<\/strong><br>En tant que fournisseur de premier plan d'articles de boisson personnalis\u00e9s, nous sommes sp\u00e9cialis\u00e9s dans l'aide aux entreprises pour cr\u00e9er des produits personnalis\u00e9s qui laissent une impression durable. Que vous ayez besoin de 100 ou de 10 000 unit\u00e9s, notre usine est pr\u00eate \u00e0 r\u00e9pondre \u00e0 vos demandes avec une qualit\u00e9 irr\u00e9prochable et un service exceptionnel.<\/p>\n\n\n\n<p><strong>Contactez-nous d\u00e8s maintenant pour un devis personnalis\u00e9 et rehaussez votre image de marque avec notre gobelet personnalis\u00e9 en acier inoxydable de 34 oz !<\/strong><\/p>\n\n\n\n<div class=\"wp-block-uagb-image uagb-block-ebf0aa1f wp-block-uagb-image--layout-default wp-block-uagb-image--effect-static wp-block-uagb-image--align-none\"><figure class=\"wp-block-uagb-image__figure\"><img decoding=\"async\" srcset=\"https:\/\/eco-drinkware.com\/wp-content\/uploads\/2025\/04\/gv085-4.jpg ,https:\/\/eco-drinkware.com\/wp-content\/uploads\/2025\/04\/gv085-4.jpg 780w, https:\/\/eco-drinkware.com\/wp-content\/uploads\/2025\/04\/gv085-4.jpg 360w\" sizes=\"auto, (max-width: 480px) 150px\" src=\"https:\/\/eco-drinkware.com\/wp-content\/uploads\/2025\/04\/gv085-4.jpg\" alt=\"gv085 mug isotherme \u00e0 double paroi avec poign\u00e9e\" class=\"uag-image-3057\" width=\"1000\" height=\"1000\" title=\"gv085 mug isotherme \u00e0 double paroi avec poign\u00e9e\" loading=\"lazy\" role=\"img\"\/><\/figure><\/div>\n\n\n\n<figure class=\"wp-block-table\"><table class=\"has-fixed-layout\"><tbody><tr><td>Num\u00e9ro de l'article<\/td><td>GV085<\/td><\/tr><tr><td>Capacit\u00e9<\/td><td><strong>7oz\/200ml 12oz\/350ml 16oz\/450ml 17oz<\/strong>\/500ml<\/td><\/tr><tr><td>Isol\u00e9<\/td><td>Oui&nbsp;&nbsp;&nbsp;&nbsp;&nbsp;&nbsp;&nbsp;&nbsp;&nbsp;&nbsp;&nbsp;&nbsp;&nbsp;<\/td><\/tr><tr><td>Position du logo<\/td><td>corps de tasse<\/td><\/tr><tr><td>Couleur<\/td><td>Rouge, argent, vert, bleu, blanc, noir, or rose, couleur personnalis\u00e9e, couleur PMS<\/td><\/tr><tr><td>Mat\u00e9riau<\/td><td>Int\u00e9rieur et ext\u00e9rieur en acier inoxydable 304, nouveau couvercle en plastique pp, joint d'\u00e9tanch\u00e9it\u00e9 en silicone<\/td><\/tr><tr><td>Fonctionnalit\u00e9<\/td><td>Acier inoxydable durable, grande capacit\u00e9, design personnalis\u00e9, construction isol\u00e9e, avec poign\u00e9e<\/td><\/tr><tr><td>MOQ<\/td><td>100 pi\u00e8ces<\/td><\/tr><tr><td>Logo<\/td><td>Laser, impression en soie, transfert thermique, transfert d'eau, transfert de gaz, impression 3D, sublimation, etc.<\/td><\/tr><tr><td>Paquet<\/td><td>bo\u00eete blanche, bo\u00eete imprim\u00e9e personnalis\u00e9e, bo\u00eete cylindrique, sac \u00e0 bulles, bo\u00eete cadeau, bo\u00eete d'exposition, etc.<\/td><\/tr><tr><td>Temps d'\u00e9chantillonnage<\/td><td>3 jours pour un \u00e9chantillon de stock, 7 jours pour un \u00e9chantillon de logo personnalis\u00e9<\/td><\/tr><tr><td>Temps de production<\/td><td>10-35 jours en fonction de la quantit\u00e9 et des besoins<\/td><\/tr><tr><td>A propos du paiement<\/td><td>Transfert bancaire, paypal, western union, assurance commerciale<\/td><\/tr><tr><td>Pays d'origine<\/td><td>Fabriqu\u00e9 en Chine<\/td><\/tr><tr><td>Origine du certificat<\/td><td>Oui, nous pouvons offrir <\/td><\/tr><tr><td>Nouveau moule de bouteille<\/td><td>Oui, nous disposons d'une nouvelle \u00e9quipe de d\u00e9veloppement de moules<\/td><\/tr><tr><td>Conditions<\/td><td>EXW, FOB, CIF, DDU, DDP<\/td><\/tr><\/tbody><\/table><\/figure>\n\n\n\n<p><\/p>","protected":false},"excerpt":{"rendered":"<p>Mug en acier inoxydable de qualit\u00e9, personnalis\u00e9 et durable<\/p>\n<ul>\n<li>\n<p><strong>Diff\u00e9rentes tailles possibles<\/strong> - 7oz 12oz 16oz 17oz disponible. Les deux conviennent aux enfants et aux adultes.\u00a0<\/p>\n<\/li>\n<li>\n<p>\u00a0<strong>Conception personnalisable<\/strong> - Ajoutez votre logo, votre texte ou votre dessin pour une personnalisation.<\/p>\n<\/li>\n<li>\n<p>\u00a0<strong>Isolation double paroi<\/strong> - Conserve les boissons chaudes pendant 6 heures et froides pendant 10 heures.<\/p>\n<\/li>\n<li>\n<p><strong>Acier inoxydable durable<\/strong> - R\u00e9sistant \u00e0 la rouille, sans BPA et con\u00e7u pour durer. Mat\u00e9riaux en acier inoxydable sans danger pour les aliments.<\/p>\n<\/li>\n<li>\n<p><strong>Conception sans plastique<\/strong> -- Pas de plastique dans ce mug<\/p>\n<\/li>\n<li>\n<p><strong>Polyvalent et portable<\/strong>\u00a0- Id\u00e9al pour la maison, le bureau, les voyages ou les aventures en plein air.<\/p>\n<p>Am\u00e9liorez votre jeu d'articles de boisson avec un mug qui convient \u00e0 votre marque ou \u00e0 votre entreprise !<\/p>\n<\/li>\n<\/ul>","protected":false},"featured_media":3059,"template":"","meta":{"_acf_changed":true,"_seopress_robots_primary_cat":"none","_seopress_titles_title":"Plastic free custom stainless steel mug for camping travel or promotion","_seopress_titles_desc":"Plastic free design,Food safe and BPA free materials, custom color and design is welcome. Profession drinkware manufacturer in China. Door to door delivery worldwide.","_seopress_robots_index":"","_uag_custom_page_level_css":""},"product_brand":[],"product_cat":[32,41,40,19,39,24,20],"product_tag":[116,111,114,77,113,86,112,115],"class_list":{"0":"post-2964","1":"product","2":"type-product","3":"status-publish","4":"has-post-thumbnail","6":"product_cat-insulated-water-bottle","7":"product_cat-stainless-steel-mug","8":"product_cat-stainless-steel-tumbler","9":"product_cat-stainless-steel-water-bottle","10":"product_cat-sublimation-mug","11":"product_cat-tumblers-mugs","12":"product_cat-vacuum-flask","13":"product_tag-camping-mug","14":"product_tag-custom-mug","15":"product_tag-hiking-mug","16":"product_tag-personalized-insulated-mug","17":"product_tag-personalizpersonalised-to-go-mug","18":"product_tag-stainless-steel-insulated-cups-with-lid-and-straw","19":"product_tag-sublimation-mug","20":"product_tag-to-go-mug","22":"first","23":"instock","24":"shipping-taxable","25":"product-type-simple"},"acf":[],"uagb_featured_image_src":{"full":["https:\/\/eco-drinkware.com\/wp-content\/uploads\/2025\/06\/gv085-2.jpg",800,800,false],"thumbnail":["https:\/\/eco-drinkware.com\/wp-content\/uploads\/2025\/06\/gv085-2-150x150.jpg",150,150,true],"medium":["https:\/\/eco-drinkware.com\/wp-content\/uploads\/2025\/06\/gv085-2-300x300.jpg",300,300,true],"medium_large":["https:\/\/eco-drinkware.com\/wp-content\/uploads\/2025\/06\/gv085-2-768x768.jpg",768,768,true],"large":["https:\/\/eco-drinkware.com\/wp-content\/uploads\/2025\/06\/gv085-2.jpg",800,800,false],"1536x1536":["https:\/\/eco-drinkware.com\/wp-content\/uploads\/2025\/06\/gv085-2.jpg",800,800,false],"2048x2048":["https:\/\/eco-drinkware.com\/wp-content\/uploads\/2025\/06\/gv085-2.jpg",800,800,false],"trp-custom-language-flag":["https:\/\/eco-drinkware.com\/wp-content\/uploads\/2025\/06\/gv085-2.jpg",12,12,false],"woocommerce_thumbnail":["https:\/\/eco-drinkware.com\/wp-content\/uploads\/2025\/06\/gv085-2-300x300.jpg",300,300,true],"woocommerce_single":["https:\/\/eco-drinkware.com\/wp-content\/uploads\/2025\/06\/gv085-2-600x600.jpg",600,600,true],"woocommerce_gallery_thumbnail":["https:\/\/eco-drinkware.com\/wp-content\/uploads\/2025\/06\/gv085-2-100x100.jpg",100,100,true]},"uagb_author_info":{"display_name":"Amy","author_link":"https:\/\/eco-drinkware.com\/fr\/author\/"},"uagb_comment_info":0,"uagb_excerpt":"Quality custom durable stainless steel\u00a0 mug Various size options \u2013 7oz 12oz 16oz 17oz size available. Both okay for kids and adults.\u00a0 \u00a0Customizable Design \u2013 Add your logo, text, or artwork for a customization. \u00a0Double-Wall\u00a0 Insulation \u2013 Keeps drinks hot for 6 hours and cold for 10 hours. Durable Stainless Steel \u2013 Rust-resistant, BPA-free, and\u2026","_links":{"self":[{"href":"https:\/\/eco-drinkware.com\/fr\/wp-json\/wp\/v2\/product\/2964","targetHints":{"allow":["GET"]}}],"collection":[{"href":"https:\/\/eco-drinkware.com\/fr\/wp-json\/wp\/v2\/product"}],"about":[{"href":"https:\/\/eco-drinkware.com\/fr\/wp-json\/wp\/v2\/types\/product"}],"wp:featuredmedia":[{"embeddable":true,"href":"https:\/\/eco-drinkware.com\/fr\/wp-json\/wp\/v2\/media\/3059"}],"wp:attachment":[{"href":"https:\/\/eco-drinkware.com\/fr\/wp-json\/wp\/v2\/media?parent=2964"}],"wp:term":[{"taxonomy":"product_brand","embeddable":true,"href":"https:\/\/eco-drinkware.com\/fr\/wp-json\/wp\/v2\/product_brand?post=2964"},{"taxonomy":"product_cat","embeddable":true,"href":"https:\/\/eco-drinkware.com\/fr\/wp-json\/wp\/v2\/product_cat?post=2964"},{"taxonomy":"product_tag","embeddable":true,"href":"https:\/\/eco-drinkware.com\/fr\/wp-json\/wp\/v2\/product_tag?post=2964"}],"curies":[{"name":"wp","href":"https:\/\/api.w.org\/{rel}","templated":true}]}}