{"id":1947,"date":"2023-07-04T17:09:11","date_gmt":"2023-07-04T09:09:11","guid":{"rendered":"https:\/\/eco-drinkware.com\/?post_type=product&#038;p=1947"},"modified":"2023-08-14T14:25:38","modified_gmt":"2023-08-14T06:25:38","slug":"gv030-custom16-oz-davids-tea-insulated-bottle-with-handle-lid","status":"publish","type":"product","link":"https:\/\/eco-drinkware.com\/fr\/product\/gv030-custom16-oz-davids-tea-insulated-bottle-with-handle-lid\/","title":{"rendered":"GV030 Custom16 OZ David's tea insulated bottle with handle lid"},"content":{"rendered":"<h2 class=\"wp-block-heading\">Caract\u00e9ristiques du produit :<\/h2>\n\n\n\n<p>\u25cf Mat\u00e9riau :acier inoxydable 18\/8, \u00e9galement appel\u00e9 acier inoxydable 304 . Couvercle:pp, silicone .<br>100% Sans BPA et sans danger pour la sant\u00e9. Tous les mat\u00e9riaux sont non toxiques. La tendance est \u00e0 l'utilisation de bouteilles d'eau durables au lieu de bouteilles en plastique jetables, ce qui rendra le monde plus propre et plus beau.<br>\u25cf Le couvercle est \u00e9tanche et ne fuit pas.<br>\u25cf Cette bouteille de th\u00e9 en acier inoxydable est double paroi isol\u00e9e avec rev\u00eatement en cuivre , bouteille d'eau r\u00e9utilisable . La double paroi isol\u00e9e permet de garder l'eau chaude pendant 12 heures et froide pendant 24 heures. Avec notre gobelet de 450 ml, vous vous sentirez au frais toute la journ\u00e9e. .<br>\u25cf Le couvercle \u00e0 poign\u00e9e est parfait pour \u00eatre emport\u00e9. Il est bon pour la gym, la randonn\u00e9e et ainsi de suite. <br>\u25cf Design simple et forme classique,parfait pour la vie moderne simple.Tr\u00e8s bonne bouteille de th\u00e9 pour les promotions de la marque.<\/p>\n\n\n\n<p>\u25cf Avec vis d'infusion sur le bouchon. Parfait pour la pr\u00e9paration du th\u00e9. Il suffit de mettre du th\u00e9 \u00e0 l'int\u00e9rieur de l'infuseur. Vissez-le sur le couvercle et mettez-le dans la bouteille. Quelques minutes plus tard, profitez de votre \u00e9quipe.<br>\u25cfCouleur : Nous pouvons r\u00e9aliser n'importe quelle couleur pour les clients. Les couleurs PMS sont les bienvenues. Le corps et le couvercle peuvent \u00eatre color\u00e9s en PMS.<br>\u25cf Cette bouteille \u00e0 th\u00e9 de forme droite est id\u00e9ale pour les adultes.Facile \u00e0 emporter pour le camping ,la marche ,la course et ainsi de suite.Parfait pour boire de l'eau,du th\u00e9 ,du jus et du caf\u00e9.<br>\u25cfCoating : aucun rev\u00eatement (acier inoxydable bross\u00e9),peinture par pulv\u00e9risation, rev\u00eatement en poudre, cuivrage, etc.<br>\u25cfMotif : un motif personnalis\u00e9 peut \u00eatre imprim\u00e9 et peut \u00eatre r\u00e9alis\u00e9 par diff\u00e9rentes techniques d'impression : s\u00e9rigraphie, impression par transfert thermique, impression par transfert d'eau, transfert par sublimation, etc.<br>\u25cfLogo : Il est facile de travailler sur un logo personnalis\u00e9. Les options de logo comprennent : logo d\u00e9calcomanie ,impression de soie ,transfert de chaleur , sublimation ,etc. Nous vous invitons \u00e0 nous faire part de votre logo. Notre \u00e9quipe vous renverra une maquette.<br>\u25cfBo\u00eete d'emballage : bo\u00eete blanche, bo\u00eete imprim\u00e9e personnalis\u00e9e, bo\u00eete cylindrique, sac \u00e0 bulles, bo\u00eete cadeau, tout emballage de conception personnalis\u00e9e est le bienvenu, etc.<br>\u25cfLa bouteille de th\u00e9 en acier inoxydable peut \u00eatre lav\u00e9e au lave-vaisselle.<br>\u25cfUne bouteille de th\u00e9 isotherme \u00e0 double paroi est un r\u00e9cipient con\u00e7u pour conserver les boissons gazeuses, telles que le soda ou le cola, \u00e0 une temp\u00e9rature constante pendant les d\u00e9placements. La bouteille pr\u00e9sente g\u00e9n\u00e9ralement une construction \u00e0 double paroi avec un espace scell\u00e9 sous vide entre les parois int\u00e9rieure et ext\u00e9rieure, ce qui lui conf\u00e8re d'excellentes propri\u00e9t\u00e9s d'isolation.<br>\u25cfL'espace scell\u00e9 sous vide entre les parois agit comme une barri\u00e8re pour emp\u00eacher la chaleur de p\u00e9n\u00e9trer dans la bouteille ou de s'en \u00e9chapper. Cela permet de conserver les boissons chaudes comme le caf\u00e9, le th\u00e9 ou la soupe pendant plusieurs heures, tandis que les boissons froides comme l'eau, le jus ou le soda restent froides pendant une p\u00e9riode prolong\u00e9e.<br>\u25cfLes bouteilles isothermes constituent un excellent choix pour les personnes qui souhaitent conserver leurs boissons \u00e0 une temp\u00e9rature constante lorsqu'elles sont en d\u00e9placement, que ce soit en randonn\u00e9e, en camping, en voyage ou simplement pour se rendre au travail.<br>\u25cfSp\u00e9cialis\u00e9 dans la fabrication et l'exportation de toutes sortes d'articles de boisson tels que des bouteilles d'eau, des gobelets en gros, des r\u00e9cipients alimentaires, des bols pour chiens, des bols \u00e0 salade, des refroidisseurs de canettes. Eco Drinkware poss\u00e8de des lignes de production automatis\u00e9es et tr\u00e8s efficaces. Nous adoptons l'industrie 4.0 et restons comp\u00e9titifs dans l'industrie. La production automatis\u00e9e rend nos produits moins co\u00fbteux et plus comp\u00e9titifs en termes de prix.<br>\u25cfEco Drinkware fait de l'OEM et de l'ODM. Avec des ing\u00e9nieurs professionnels de haut niveau ayant plus de 10 ans d'exp\u00e9rience dans l'industrie de la fabrication de bouteilles d'eau, il est facile de transformer votre id\u00e9e en produits r\u00e9els, et nous vous invitons chaleureusement \u00e0 partager votre id\u00e9e avec nous.<br>\u25cf Nous effectuons des contr\u00f4les de qualit\u00e9 en ligne pour nous assurer que la production se d\u00e9roule bien et qu'il n'y a pas d'erreur. S'il y a une erreur, nous pouvons la corriger \u00e0 temps pour r\u00e9duire les co\u00fbts. La qualit\u00e9 est notre culture. Nous croyons que la qualit\u00e9 apporte plus aux clients et aux fabricants. Si vous optez pour Eco Drinkware, vous obtiendrez plus de clients et plus de march\u00e9s, ainsi qu'une bonne r\u00e9putation de la part de vos clients. Parce que notre \u00e9quipe est heureuse de s'am\u00e9liorer et d'am\u00e9liorer ses produits afin d'\u00eatre excellente dans notre secteur d'activit\u00e9.<br>\u25cfM\u00e9thode d'exp\u00e9dition : FOB, CIF, DDU, DDP par train ou par bateau pour les clients du monde entier.<\/p>\n\n\n\n<div class=\"wp-block-uagb-image uagb-block-2ec4c5db wp-block-uagb-image--layout-default wp-block-uagb-image--effect-static wp-block-uagb-image--align-none\"><figure class=\"wp-block-uagb-image__figure\"><img decoding=\"async\" src=\"https:\/\/eco-drinkware.com\/wp-content\/uploads\/2023\/07\/gv030-5.jpg\" alt=\"\" width=\"1000\" height=\"1000\" title=\"\" loading=\"lazy\" \/><\/figure><\/div>\n\n\n\n<h2 class=\"wp-block-heading\">Sp\u00e9cifications du produit :<\/h2>\n\n\n\n<p><\/p>\n\n\n\n<div class=\"wp-block-columns is-layout-flex wp-container-core-columns-is-layout-9d6595d7 wp-block-columns-is-layout-flex\">\n<div class=\"wp-block-column is-layout-flow wp-block-column-is-layout-flow\"><\/div>\n\n\n\n<div class=\"wp-block-column is-layout-flow wp-block-column-is-layout-flow\"><\/div>\n<\/div>\n\n\n\n<div class=\"wp-block-columns is-layout-flex wp-container-core-columns-is-layout-9d6595d7 wp-block-columns-is-layout-flex\">\n<div class=\"wp-block-column is-layout-flow wp-block-column-is-layout-flow\" style=\"flex-basis:100%\">\n<p><\/p>\n\n\n\n<figure class=\"wp-block-table is-style-stripes\"><table><tbody><tr><td>Num\u00e9ro de CItem<\/td><td>GV030<\/td><\/tr><tr><td>Capacit\u00e9<\/td><td>16OZ \/450ml<\/td><\/tr><tr><td>Isol\u00e9<\/td><td>Oui&nbsp;&nbsp;&nbsp;&nbsp;&nbsp;&nbsp;&nbsp;&nbsp;&nbsp;&nbsp;&nbsp;&nbsp;&nbsp;<\/td><\/tr><tr><td>Position du logo<\/td><td>Corps de la bouteille<\/td><\/tr><tr><td>Couleur<\/td><td>Rouge, argent, vert, bleu, blanc, noir, or rose, couleur personnalis\u00e9e, couleur PMS<\/td><\/tr><tr><td>Mat\u00e9riau<\/td><td>Int\u00e9rieur et ext\u00e9rieur en acier inoxydable 304, couvercle en plastique pp neuf, joint d'\u00e9tanch\u00e9it\u00e9 en silicone<\/td><\/tr><tr><td>Fonctionnalit\u00e9<\/td><td>Bouteille sous vide \u00e0 double paroi, grande capacit\u00e9, design personnalis\u00e9 <\/td><\/tr><tr><td>MOQ<\/td><td>2000 pi\u00e8ces<\/td><\/tr><tr><td>Logo<\/td><td>Laser, impression en soie, transfert thermique, transfert d'eau, transfert de gaz, impression 3D, sublimation, etc.<\/td><\/tr><tr><td>Paquet<\/td><td>bo\u00eete blanche, bo\u00eete imprim\u00e9e personnalis\u00e9e, bo\u00eete cylindrique, sac \u00e0 bulles, bo\u00eete cadeau<\/td><\/tr><tr><td>Temps d'\u00e9chantillonnage<\/td><td>3 jours pour un \u00e9chantillon de stock, 7 jours pour un \u00e9chantillon de logo personnalis\u00e9<\/td><\/tr><tr><td>Temps de production<\/td><td>10-35 jours en fonction de la quantit\u00e9 et des besoins<\/td><\/tr><tr><td>A propos du paiement<\/td><td>Transfert bancaire, paypal, western union, assurance commerciale<\/td><\/tr><tr><td>Pays d'origine<\/td><td>Fabriqu\u00e9 en Chine<\/td><\/tr><tr><td>Origine du certificat<\/td><td>Oui, nous pouvons offrir<\/td><\/tr><tr><td>Nouveau moule de bouteille<\/td><td>Oui, nous disposons d'une nouvelle \u00e9quipe de d\u00e9veloppement de moules<\/td><\/tr><tr><td>Conditions<\/td><td>EXW, FOB, CIF, DDU, DDP<\/td><\/tr><\/tbody><\/table><\/figure>\n<\/div>\n<\/div>","protected":false},"excerpt":{"rendered":"<p>Bouteille \u00e0 th\u00e9 de qualit\u00e9 \u00e0 prix comp\u00e9titif, design \u00e9l\u00e9gant avec infuseur, parfaite pour les marques de th\u00e9 en gros.<\/p>\n<ul>\n<li>Mat\u00e9riau en acier inoxydable 18\/8 sans BPA et respectueux de l'environnement, r\u00e9sistant aux rayures. Bon pour la sant\u00e9.<\/li>\n<li>Large ouverture pour une consommation facile. Possibilit\u00e9 de mettre de la glace \u00e0 l'int\u00e9rieur.<\/li>\n<li>La double paroi isolante permet de garder le th\u00e9 frais ou chaud pendant longtemps.<\/li>\n<li>Le couvercle \u00e0 poign\u00e9e est parfait pour \u00eatre emport\u00e9. Il est id\u00e9al pour la gymnastique, la randonn\u00e9e, etc.<\/li>\n<li>Avec infuseur pour la pr\u00e9paration du th\u00e9, parfait pour vendre du th\u00e9 ou d'autres produits.<\/li>\n<li>R\u00e9sistant \u00e0 la rouille et aux \u00e9claboussures.\u00a0<\/li>\n<li>Format de 450 ml, parfait pour la pr\u00e9paration du th\u00e9.<\/li>\n<li>Les couleurs et les dessins personnalis\u00e9s sont les bienvenus.<\/li>\n<li>Prise en charge des paquets personnalis\u00e9s<\/li>\n<li>Sans transpiration : Cette gourde en acier inoxydable ne transpire jamais lorsqu'elle est remplie d'eau glac\u00e9e et ne br\u00fble pas les mains lorsqu'elle est remplie d'eau chaude.<\/li>\n<li>Durable et solide : cette bouteille d'eau isol\u00e9e en acier inoxydable est fabriqu\u00e9e \u00e0 partir d'une structure \u00e0 double paroi en acier inoxydable, qui est solide et durable.<\/li>\n<li>Diff\u00e9rentes couleurs sont disponibles, possibilit\u00e9 de personnaliser les couleurs<\/li>\n<li>Lavable au lave-vaisselle, convient \u00e0 tous les porte-bagages, porte-voiture, porte-sac \u00e0 dos et porte-v\u00e9lo.<\/li>\n<\/ul>","protected":false},"featured_media":1948,"template":"","meta":{"_acf_changed":false,"_seopress_robots_primary_cat":"none","_seopress_titles_title":"","_seopress_titles_desc":"","_seopress_robots_index":"","_uag_custom_page_level_css":""},"product_brand":[],"product_cat":[32,40,38,54,20],"product_tag":[68,81,70,83,82],"class_list":{"0":"post-1947","1":"product","2":"type-product","3":"status-publish","4":"has-post-thumbnail","6":"product_cat-insulated-water-bottle","7":"product_cat-stainless-steel-tumbler","8":"product_cat-sublimation-tumbler","9":"product_cat-tea-bottle-coffee-tumblers","10":"product_cat-vacuum-flask","11":"product_tag-500ml-thermos","12":"product_tag-davidstea-bottle","13":"product_tag-double-wall-insulated-flask","14":"product_tag-infused-water-bottle","15":"product_tag-tea-infuser-bottle","17":"first","18":"instock","19":"shipping-taxable","20":"product-type-simple"},"acf":[],"uagb_featured_image_src":{"full":["https:\/\/eco-drinkware.com\/wp-content\/uploads\/2023\/07\/gv030-2.jpg",1000,1000,false],"thumbnail":["https:\/\/eco-drinkware.com\/wp-content\/uploads\/2023\/07\/gv030-2-150x150.jpg",150,150,true],"medium":["https:\/\/eco-drinkware.com\/wp-content\/uploads\/2023\/07\/gv030-2-300x300.jpg",300,300,true],"medium_large":["https:\/\/eco-drinkware.com\/wp-content\/uploads\/2023\/07\/gv030-2-768x768.jpg",768,768,true],"large":["https:\/\/eco-drinkware.com\/wp-content\/uploads\/2023\/07\/gv030-2.jpg",1000,1000,false],"1536x1536":["https:\/\/eco-drinkware.com\/wp-content\/uploads\/2023\/07\/gv030-2.jpg",1000,1000,false],"2048x2048":["https:\/\/eco-drinkware.com\/wp-content\/uploads\/2023\/07\/gv030-2.jpg",1000,1000,false],"trp-custom-language-flag":["https:\/\/eco-drinkware.com\/wp-content\/uploads\/2023\/07\/gv030-2.jpg",12,12,false],"woocommerce_thumbnail":["https:\/\/eco-drinkware.com\/wp-content\/uploads\/2023\/07\/gv030-2-300x300.jpg",300,300,true],"woocommerce_single":["https:\/\/eco-drinkware.com\/wp-content\/uploads\/2023\/07\/gv030-2-600x600.jpg",600,600,true],"woocommerce_gallery_thumbnail":["https:\/\/eco-drinkware.com\/wp-content\/uploads\/2023\/07\/gv030-2-100x100.jpg",100,100,true]},"uagb_author_info":{"display_name":"Amy","author_link":"https:\/\/eco-drinkware.com\/fr\/author\/"},"uagb_comment_info":0,"uagb_excerpt":"Quality tea bottle with competitive price, Elegent design with infuser.Perfect for tea brand wholesale BPA Free eco friendly 18\/8 stainless steel material. scratching resistance. Good for our healthy. Wide mouth for easy drinking. Okay to put ice inside. Double wall insulated design,keeps your tea cool or hot for long time. Handle lid is perfect to\u2026","_links":{"self":[{"href":"https:\/\/eco-drinkware.com\/fr\/wp-json\/wp\/v2\/product\/1947","targetHints":{"allow":["GET"]}}],"collection":[{"href":"https:\/\/eco-drinkware.com\/fr\/wp-json\/wp\/v2\/product"}],"about":[{"href":"https:\/\/eco-drinkware.com\/fr\/wp-json\/wp\/v2\/types\/product"}],"wp:featuredmedia":[{"embeddable":true,"href":"https:\/\/eco-drinkware.com\/fr\/wp-json\/wp\/v2\/media\/1948"}],"wp:attachment":[{"href":"https:\/\/eco-drinkware.com\/fr\/wp-json\/wp\/v2\/media?parent=1947"}],"wp:term":[{"taxonomy":"product_brand","embeddable":true,"href":"https:\/\/eco-drinkware.com\/fr\/wp-json\/wp\/v2\/product_brand?post=1947"},{"taxonomy":"product_cat","embeddable":true,"href":"https:\/\/eco-drinkware.com\/fr\/wp-json\/wp\/v2\/product_cat?post=1947"},{"taxonomy":"product_tag","embeddable":true,"href":"https:\/\/eco-drinkware.com\/fr\/wp-json\/wp\/v2\/product_tag?post=1947"}],"curies":[{"name":"wp","href":"https:\/\/api.w.org\/{rel}","templated":true}]}}