{"id":569,"date":"2022-11-03T16:02:01","date_gmt":"2022-11-03T16:02:01","guid":{"rendered":"https:\/\/eco-drinkware.com\/?post_type=product&#038;p=569"},"modified":"2022-11-04T09:56:20","modified_gmt":"2022-11-04T09:56:20","slug":"85-fabrica-al-por-mayor-cepillo-de-dientes-de-viaje-personalizado-de-bambu-con-funda-de-bambu-85","status":"publish","type":"product","link":"https:\/\/eco-drinkware.com\/es\/product\/85-fabrica-al-por-mayor-cepillo-de-dientes-de-viaje-personalizado-de-bambu-con-funda-de-bambu-85\/","title":{"rendered":"F\u00e1brica de venta al por mayor Custom Travel cepillo de dientes de bamb\u00fa Con funda de bamb\u00fa"},"content":{"rendered":"<p>Somos el principal fabricante de botella de vidrio de doble pared, botella de t\u00e9 de doble pared, 500ml botella de vidrio de doble pared, botella de t\u00e9, botella de t\u00e9 infusor, botella de vidrio con tapa de bamb\u00fa, termo de bamb\u00fa, termo de bamb\u00fa, vaso de bamb\u00fa, vaso de caf\u00e9, taza de caf\u00e9, caf\u00e9 drinkware, vaso de doble pared con paja emparejado, termo, botella de deporte, termo de doble pared con tapa de bamb\u00fa \u2665<\/p>\n\n\n\n<figure class=\"wp-block-image size-full\"><img loading=\"lazy\" decoding=\"async\" width=\"700\" height=\"500\" src=\"https:\/\/eco-drinkware.com\/wp-content\/uploads\/2022\/11\/H39d75c36f6b34037bf2fd8766c11224aC.jpg_.webp\" alt=\"\" class=\"wp-image-977\" srcset=\"https:\/\/eco-drinkware.com\/wp-content\/uploads\/2022\/11\/H39d75c36f6b34037bf2fd8766c11224aC.jpg_.webp 700w, https:\/\/eco-drinkware.com\/wp-content\/uploads\/2022\/11\/H39d75c36f6b34037bf2fd8766c11224aC.jpg_-300x214.webp 300w, https:\/\/eco-drinkware.com\/wp-content\/uploads\/2022\/11\/H39d75c36f6b34037bf2fd8766c11224aC.jpg_-150x107.webp 150w, https:\/\/eco-drinkware.com\/wp-content\/uploads\/2022\/11\/H39d75c36f6b34037bf2fd8766c11224aC.jpg_-600x429.webp 600w\" sizes=\"auto, (max-width: 700px) 100vw, 700px\" \/><\/figure>\n\n\n\n<figure class=\"wp-block-image size-full\"><img loading=\"lazy\" decoding=\"async\" width=\"700\" height=\"500\" src=\"https:\/\/eco-drinkware.com\/wp-content\/uploads\/2022\/11\/H60ed6481bb814dcb91a80457dc23dd3dY.jpg_.webp\" alt=\"\" class=\"wp-image-978\" srcset=\"https:\/\/eco-drinkware.com\/wp-content\/uploads\/2022\/11\/H60ed6481bb814dcb91a80457dc23dd3dY.jpg_.webp 700w, https:\/\/eco-drinkware.com\/wp-content\/uploads\/2022\/11\/H60ed6481bb814dcb91a80457dc23dd3dY.jpg_-300x214.webp 300w, https:\/\/eco-drinkware.com\/wp-content\/uploads\/2022\/11\/H60ed6481bb814dcb91a80457dc23dd3dY.jpg_-150x107.webp 150w, https:\/\/eco-drinkware.com\/wp-content\/uploads\/2022\/11\/H60ed6481bb814dcb91a80457dc23dd3dY.jpg_-600x429.webp 600w\" sizes=\"auto, (max-width: 700px) 100vw, 700px\" \/><\/figure>\n\n\n\n<figure class=\"wp-block-image size-full\"><img loading=\"lazy\" decoding=\"async\" width=\"700\" height=\"500\" src=\"https:\/\/eco-drinkware.com\/wp-content\/uploads\/2022\/11\/85_2-1.webp\" alt=\"\" class=\"wp-image-979\" srcset=\"https:\/\/eco-drinkware.com\/wp-content\/uploads\/2022\/11\/85_2-1.webp 700w, https:\/\/eco-drinkware.com\/wp-content\/uploads\/2022\/11\/85_2-1-300x214.webp 300w, https:\/\/eco-drinkware.com\/wp-content\/uploads\/2022\/11\/85_2-1-150x107.webp 150w, https:\/\/eco-drinkware.com\/wp-content\/uploads\/2022\/11\/85_2-1-600x429.webp 600w\" sizes=\"auto, (max-width: 700px) 100vw, 700px\" \/><\/figure>\n\n\n\n<figure class=\"wp-block-image size-full\"><img loading=\"lazy\" decoding=\"async\" width=\"700\" height=\"500\" src=\"https:\/\/eco-drinkware.com\/wp-content\/uploads\/2022\/11\/Ha87f5bd88cb54c09858891c50a3411b77.jpg_.webp\" alt=\"\" class=\"wp-image-980\" srcset=\"https:\/\/eco-drinkware.com\/wp-content\/uploads\/2022\/11\/Ha87f5bd88cb54c09858891c50a3411b77.jpg_.webp 700w, https:\/\/eco-drinkware.com\/wp-content\/uploads\/2022\/11\/Ha87f5bd88cb54c09858891c50a3411b77.jpg_-300x214.webp 300w, https:\/\/eco-drinkware.com\/wp-content\/uploads\/2022\/11\/Ha87f5bd88cb54c09858891c50a3411b77.jpg_-150x107.webp 150w, https:\/\/eco-drinkware.com\/wp-content\/uploads\/2022\/11\/Ha87f5bd88cb54c09858891c50a3411b77.jpg_-600x429.webp 600w\" sizes=\"auto, (max-width: 700px) 100vw, 700px\" \/><\/figure>\n\n\n\n<figure class=\"wp-block-image size-full is-resized\"><img loading=\"lazy\" decoding=\"async\" src=\"https:\/\/eco-drinkware.com\/wp-content\/uploads\/2022\/11\/HTB1sqzOkyMnBKNjSZFzq6A_qVXaw.jpg_.webp\" alt=\"\" class=\"wp-image-970\" width=\"750\" height=\"1065\" srcset=\"https:\/\/eco-drinkware.com\/wp-content\/uploads\/2022\/11\/HTB1sqzOkyMnBKNjSZFzq6A_qVXaw.jpg_.webp 750w, https:\/\/eco-drinkware.com\/wp-content\/uploads\/2022\/11\/HTB1sqzOkyMnBKNjSZFzq6A_qVXaw.jpg_-211x300.webp 211w, https:\/\/eco-drinkware.com\/wp-content\/uploads\/2022\/11\/HTB1sqzOkyMnBKNjSZFzq6A_qVXaw.jpg_-106x150.webp 106w, https:\/\/eco-drinkware.com\/wp-content\/uploads\/2022\/11\/HTB1sqzOkyMnBKNjSZFzq6A_qVXaw.jpg_-600x852.webp 600w\" sizes=\"auto, (max-width: 750px) 100vw, 750px\" \/><\/figure>\n\n\n\n<p><strong>P: \u00bfSon ustedes comerciantes o fabricantes? <\/strong><br>R: Somos de f\u00e1brica.<\/p>\n\n\n\n<p><strong>P: \u00bfCu\u00e1l es el plazo de entrega?<\/strong><br>R: Generalmente es de 5-10 d\u00edas si la mercanc\u00eda est\u00e1 en stock. o es de 15-20 d\u00edas si la mercanc\u00eda no est\u00e1 en stock, es de acuerdo a la cantidad.<\/p>\n\n\n\n<p><strong>P: \u00bfProporcionan muestras? \u00bfSon gratuitas o adicionales?<\/strong><br>R: S\u00ed, podr\u00edamos ofrecer la muestra de forma gratuita, pero no pagar el costo de la carga.<\/p>\n\n\n\n<p><strong>P: \u00bfCu\u00e1les son sus condiciones de pago?<\/strong><br>R: Pago=1000USD, 30% T\/T por adelantado, equilibrio antes del shippment.<\/p>\n\n\n\n<p><strong>P: Acerca del logotipo<\/strong><br>A: Logotipo en la botella de vidrio: calcoman\u00eda MOQ es de 200 piezas<\/p>\n\n\n\n<p>    Logotipo en la tapa de bamb\u00fa: grabado por l\u00e1ser NO MOQ<\/p>\n\n\n\n<p>    Botella de acero inoxidable : impresi\u00f3n en seda L\u00e1ser:no MOQ<\/p>\n\n\n\n<p>    Coste de instalaci\u00f3n del logotipo: 50 USD por 1 color y 1 ubicaci\u00f3n Coste de funcionamiento del logotipo: 0,2 USD por 1 color y 1 ubicaci\u00f3n<\/p>\n\n\n\n<p><strong>P:\u00bfel material no contiene BPA?<\/strong><br>R: S\u00ed, todo est\u00e1 hecho de material ecol\u00f3gico. Bueno para pasar la FDA y LFGB pruebas. Ser amable con la tierra es nuestra fe.<\/p>\n\n\n\n<p><strong>P: \u00bfC\u00f3mo se garantiza la seguridad de la compra?<\/strong><br>A: Tenemos contrato y t\u00e9rminos oficiales para asegurar la seguridad, tambi\u00e9n apoyamos el paypal, la uni\u00f3n occidental y la orden del fideicomiso. No se preocupe.<\/p>\n\n\n\n<p><strong>P: \u00bfC\u00f3mo es el paquete? Puedo tener un paquete personalizado?<\/strong><br>A: S\u00ed, f\u00e1cil hacer el paquete de encargo, le mostrar\u00e1 diversa idea que embala.<\/p>\n\n\n\n<figure class=\"wp-block-image size-full\"><img loading=\"lazy\" decoding=\"async\" width=\"750\" height=\"946\" src=\"https:\/\/eco-drinkware.com\/wp-content\/uploads\/2022\/11\/HTB1fpEnCYSYBuNjSspiq6xNzpXaG.jpg_.webp\" alt=\"\" class=\"wp-image-948\" srcset=\"https:\/\/eco-drinkware.com\/wp-content\/uploads\/2022\/11\/HTB1fpEnCYSYBuNjSspiq6xNzpXaG.jpg_.webp 750w, https:\/\/eco-drinkware.com\/wp-content\/uploads\/2022\/11\/HTB1fpEnCYSYBuNjSspiq6xNzpXaG.jpg_-238x300.webp 238w, https:\/\/eco-drinkware.com\/wp-content\/uploads\/2022\/11\/HTB1fpEnCYSYBuNjSspiq6xNzpXaG.jpg_-119x150.webp 119w, https:\/\/eco-drinkware.com\/wp-content\/uploads\/2022\/11\/HTB1fpEnCYSYBuNjSspiq6xNzpXaG.jpg_-600x757.webp 600w\" sizes=\"auto, (max-width: 750px) 100vw, 750px\" \/><\/figure>\n\n\n\n<figure class=\"wp-block-image size-full\"><img loading=\"lazy\" decoding=\"async\" width=\"750\" height=\"777\" src=\"https:\/\/eco-drinkware.com\/wp-content\/uploads\/2022\/11\/HTB1RxS4CWSWBuNjSsrbq6y0mVXaS.jpg_.webp\" alt=\"\" class=\"wp-image-949\" srcset=\"https:\/\/eco-drinkware.com\/wp-content\/uploads\/2022\/11\/HTB1RxS4CWSWBuNjSsrbq6y0mVXaS.jpg_.webp 750w, https:\/\/eco-drinkware.com\/wp-content\/uploads\/2022\/11\/HTB1RxS4CWSWBuNjSsrbq6y0mVXaS.jpg_-290x300.webp 290w, https:\/\/eco-drinkware.com\/wp-content\/uploads\/2022\/11\/HTB1RxS4CWSWBuNjSsrbq6y0mVXaS.jpg_-145x150.webp 145w, https:\/\/eco-drinkware.com\/wp-content\/uploads\/2022\/11\/HTB1RxS4CWSWBuNjSsrbq6y0mVXaS.jpg_-600x622.webp 600w\" sizes=\"auto, (max-width: 750px) 100vw, 750px\" \/><\/figure>","protected":false},"excerpt":{"rendered":"<p>Con 15 a\u00f1os de experiencia en la producci\u00f3n de botellas, hemos realizado trabajos de OEM y ODM para muchas marcas famosas de todo el mundo. La l\u00ednea de producci\u00f3n principal es botella del infuser del t\u00e9, vaso del caf\u00e9, termo. La calidad es nuestra cultura. Nuestra misi\u00f3n es hacer la tierra m\u00e1s limpia y<\/p>","protected":false},"featured_media":974,"template":"","meta":{"_acf_changed":false,"_seopress_robots_primary_cat":"","_seopress_titles_title":"","_seopress_titles_desc":"","_seopress_robots_index":"","_uag_custom_page_level_css":""},"product_brand":[],"product_cat":[15],"product_tag":[],"class_list":{"0":"post-569","1":"product","2":"type-product","3":"status-publish","4":"has-post-thumbnail","6":"product_cat-drinkware-accessories","8":"first","9":"instock","10":"shipping-taxable","11":"product-type-simple"},"acf":[],"uagb_featured_image_src":{"full":["https:\/\/eco-drinkware.com\/wp-content\/uploads\/2022\/11\/85_0.webp",700,500,false],"thumbnail":["https:\/\/eco-drinkware.com\/wp-content\/uploads\/2022\/11\/85_0-150x107.webp",150,107,true],"medium":["https:\/\/eco-drinkware.com\/wp-content\/uploads\/2022\/11\/85_0-300x214.webp",300,214,true],"medium_large":["https:\/\/eco-drinkware.com\/wp-content\/uploads\/2022\/11\/85_0.webp",700,500,false],"large":["https:\/\/eco-drinkware.com\/wp-content\/uploads\/2022\/11\/85_0.webp",700,500,false],"1536x1536":["https:\/\/eco-drinkware.com\/wp-content\/uploads\/2022\/11\/85_0.webp",700,500,false],"2048x2048":["https:\/\/eco-drinkware.com\/wp-content\/uploads\/2022\/11\/85_0.webp",700,500,false],"trp-custom-language-flag":["https:\/\/eco-drinkware.com\/wp-content\/uploads\/2022\/11\/85_0.webp",18,12,false],"woocommerce_thumbnail":["https:\/\/eco-drinkware.com\/wp-content\/uploads\/2022\/11\/85_0-300x300.webp",300,300,true],"woocommerce_single":["https:\/\/eco-drinkware.com\/wp-content\/uploads\/2022\/11\/85_0-600x429.webp",600,429,true],"woocommerce_gallery_thumbnail":["https:\/\/eco-drinkware.com\/wp-content\/uploads\/2022\/11\/85_0-100x100.webp",100,100,true]},"uagb_author_info":{"display_name":"Amy","author_link":"https:\/\/eco-drinkware.com\/es\/author\/"},"uagb_comment_info":0,"uagb_excerpt":"With 15 years bottle production experience ,have done OEM and ODM work for many famous brand all over the world . Main production line is tea infuser bottle ,coffee tumbler , thermos . Quality is our culture . Our mission is make the earth cleaner and bet","_links":{"self":[{"href":"https:\/\/eco-drinkware.com\/es\/wp-json\/wp\/v2\/product\/569","targetHints":{"allow":["GET"]}}],"collection":[{"href":"https:\/\/eco-drinkware.com\/es\/wp-json\/wp\/v2\/product"}],"about":[{"href":"https:\/\/eco-drinkware.com\/es\/wp-json\/wp\/v2\/types\/product"}],"wp:featuredmedia":[{"embeddable":true,"href":"https:\/\/eco-drinkware.com\/es\/wp-json\/wp\/v2\/media\/974"}],"wp:attachment":[{"href":"https:\/\/eco-drinkware.com\/es\/wp-json\/wp\/v2\/media?parent=569"}],"wp:term":[{"taxonomy":"product_brand","embeddable":true,"href":"https:\/\/eco-drinkware.com\/es\/wp-json\/wp\/v2\/product_brand?post=569"},{"taxonomy":"product_cat","embeddable":true,"href":"https:\/\/eco-drinkware.com\/es\/wp-json\/wp\/v2\/product_cat?post=569"},{"taxonomy":"product_tag","embeddable":true,"href":"https:\/\/eco-drinkware.com\/es\/wp-json\/wp\/v2\/product_tag?post=569"}],"curies":[{"name":"wp","href":"https:\/\/api.w.org\/{rel}","templated":true}]}}