{"id":346,"date":"2022-11-03T08:21:33","date_gmt":"2022-11-03T00:21:33","guid":{"rendered":"https:\/\/eco-drinkware.com\/?post_type=product&#038;p=346"},"modified":"2025-09-26T18:10:55","modified_gmt":"2025-09-26T10:10:55","slug":"14-personzlied-logotipo-personalizado-no-minimo-infusor-de-te-de-frutas-botella-de-agua-de-vidrio-borosilicato-14","status":"publish","type":"product","link":"https:\/\/eco-drinkware.com\/es\/product\/14-personzlied-logotipo-personalizado-no-minimo-infusor-de-te-de-frutas-botella-de-agua-de-vidrio-borosilicato-14\/","title":{"rendered":"Botella de agua con infusor de vidrio certificada por la FDA y LFGB - Botella infusora de t\u00e9 y fruta con tapa de bamb\u00fa respetuosa con el medio ambiente"},"content":{"rendered":"<h2 class=\"wp-block-heading\">Botella de agua con infusor de vidrio y tapa de bamb\u00fa con certificaci\u00f3n FDA y LFGB, ideal para pedidos al por mayor, regalos de empresa y promoci\u00f3n de marca<\/h2>\n\n\n\n<p>Se trata de una botella de vidrio de doble pared muy popular y de moda. Hay una pieza de acero inoxidable dentro de la tapa de bamb\u00fa. Por lo tanto, no hay ning\u00fan contacto de pl\u00e1stico con el agua. Sensaci\u00f3n de lujo y estilo de vida natural. Perfecto para la marca de t\u00e9, tienda de t\u00e9, cafeter\u00eda y tambi\u00e9n muy buen regalo para cualquier evento de promoci\u00f3n, tales como bodas, festivales.<\/p>\n\n\n\n<ul class=\"wp-block-list\">\n<li><strong>Personalizaci\u00f3n total de la marca<\/strong> - Esta botella de agua con infusor de vidrio certificada por la FDA y la LFGB est\u00e1 dise\u00f1ada para satisfacer las necesidades de su negocio. El <strong>cuerpo de vidrio, tapa de bamb\u00fa y embalaje exterior<\/strong> pueden personalizarse con su logotipo o mensaje de marca. Tanto si busca <strong>al por mayor, pedidos a granel, proyectos de marcas blancas o regalos de empresa<\/strong>, Esta botella ofrece la flexibilidad necesaria para exhibir su marca de la mejor manera.<\/li>\n\n\n\n<li><strong>Construcci\u00f3n de vidrio de alta calidad<\/strong> - Hecho de <strong>vidrio de borosilicato duradero<\/strong>, La botella de vidrio, resistente al calor y a la rotura, ofrece seguridad y durabilidad. A diferencia de las botellas de pl\u00e1stico, el material de vidrio es <strong>ecol\u00f3gico, sin BPA y m\u00e1s saludable para la hidrataci\u00f3n diaria<\/strong>, que coincide con la creciente demanda de bebidas sostenibles en los mercados internacionales.<\/li>\n\n\n\n<li><strong>Tapa de bamb\u00fa natural<\/strong> - La tapa de bamb\u00fa ecol\u00f3gico a\u00f1ade un toque de elegancia al tiempo que garantiza un cierre herm\u00e9tico y a prueba de fugas. No s\u00f3lo realza el atractivo visual, sino que tambi\u00e9n refleja <strong>pr\u00e1cticas empresariales sostenibles<\/strong>, que es un importante argumento de venta para los compradores y distribuidores concienciados con el medio ambiente.<\/li>\n\n\n\n<li><strong>Infusor vers\u00e1til y resistente al calor<\/strong> - El cuerpo de vidrio aislante protege las manos del calor, por lo que es seguro y c\u00f3modo de manejar. Con su infusor extra\u00edble, la botella es perfecta para preparar <strong>t\u00e9 de hojas sueltas, t\u00e9 de frutas e incluso caf\u00e9 reci\u00e9n hecho<\/strong>, ofreciendo a sus clientes un producto vers\u00e1til y funcional.<\/li>\n\n\n\n<li><strong>Ideal para mercados B2B<\/strong> - Esta botella de agua con infusor de vidrio es ideal para <strong>importadores, minoristas, distribuidores y empresas de productos promocionales<\/strong>. Cumple las normas internacionales de certificaci\u00f3n (FDA y LFGB), lo que garantiza el cumplimiento de las normas de calidad y la fiabilidad para los mercados mundiales. Con opciones para <strong>personalizaci\u00f3n de logotipos y envases a medida<\/strong>, es una opci\u00f3n excelente para las empresas que desean mejorar su l\u00ednea de productos con un art\u00edculo ecol\u00f3gico de primera calidad.<\/li>\n<\/ul>\n\n\n\n<p><strong>Por qu\u00e9 te encantar\u00e1:<\/strong><\/p>\n\n\n\n<h3 class=\"wp-block-heading\"><strong>\u00bfPor qu\u00e9 elegir nuestra botella de agua de vidrio con filtro para pedidos a granel?<\/strong><\/h3>\n\n\n\n<p>\u2728\u00a0<strong>Opciones de personalizaci\u00f3n<\/strong>\u00a0- Como proveedor de confianza, ofrecemos una amplia gama de opciones de personalizaci\u00f3n, como la colocaci\u00f3n del logotipo, opciones de color y envases personalizados.<br>\u2728\u00a0<strong>Precios directos de f\u00e1brica<\/strong>\u00a0- Disfrute de tarifas competitivas para pedidos al por mayor, que garantizan la rentabilidad sin comprometer la calidad.<br>\u2728\u00a0<strong>Duradero y fiable<\/strong>\u00a0- Construidos para soportar el uso diario, nuestros vasos son perfectos para regalos de empresa, eventos promocionales o ventas al por menor. Eco Drinkware ofrece un buen servicio postventa para nuestros vasos de sublimaci\u00f3n.<br>\u2728\u00a0<strong>Entrega r\u00e1pida<\/strong>\u00a0- Nuestra f\u00e1brica est\u00e1 equipada para gestionar pedidos a gran escala con una producci\u00f3n eficiente y una entrega puntual. Especialmente que utilizamos robot en la producci\u00f3n que hizo la producci\u00f3n mucho m\u00e1s r\u00e1pida ahora. Hay 200 trabajadores y 10 l\u00edneas de producci\u00f3n trabajan para nuestros clientes todos los d\u00edas.                                       \u2728<strong>Apoyo a peque\u00f1os pedidos<\/strong>\u00a0- Con el stock de botellas de vidrio en nuestro almac\u00e9n, apoyamos pedidos de lotes peque\u00f1os como 100 piezas. Eso hace que el tiempo de producci\u00f3n m\u00e1s corto y empezar un negocio mucho m\u00e1s f\u00e1cil.<br>\u2728\u00a0<strong>Ecol\u00f3gico y reutilizable<\/strong>\u00a0- Promueva la sostenibilidad con un vaso reutilizable que reduce los residuos y se alinea con los valores de conciencia ecol\u00f3gica. Cada vez m\u00e1s clientes eligen el termo aislante de acero inoxidable para sustituir la botella de pl\u00e1stico.                                                            \u2728<strong>Entrega mundial<\/strong>\u00a0- Ofrecemos entrega global a todos los clientes. Incluso ofrecemos env\u00edos DDP a muchos pa\u00edses. Ayuda a los clientes a ahorrar dinero.                                                                                \u2728<strong>Proveedor fiable<\/strong>\u00a0- Eco Drinkware ha trabajado en este campo durante 10 a\u00f1os. Con el equipo experimentado de la tecnolog\u00eda y la persona de las ventas para resolver todo el nuevo proyecto bien. Es aconsejable trabajar con un proveedor profesional para ahorrar dinero y tiempo. Conf\u00ede en que usted tendr\u00e1 experiencia de compra satisfecho.<\/p>\n\n\n\n<figure class=\"wp-block-table\"><table><tbody><tr><td>Nombre<\/td><td>Taza de 450 ml de vidrio borosilicato de doble pared botella de agua<\/td><\/tr><tr><td>Material<\/td><td>vidrio borosilicato alto, bamb\u00fa natural, acero inoxidable 18\/8 304, pp nuevo, anillo de silicona<\/td><\/tr><tr><td>Capacidad<\/td><td>450 ml<\/td><\/tr><tr><td>Talla<\/td><td>7*23cm<\/td><\/tr><tr><td>Paquete<\/td><td>Caja blanca lisa, caja de color personalizada, cilindro redondo<\/td><\/tr><tr><td>Logotipo<\/td><td>Personalizado<\/td><\/tr><tr><td>Tiempo de muestreo<\/td><td>5-7 d\u00edas<\/td><\/tr><\/tbody><\/table><\/figure>\n\n\n\n<figure class=\"wp-block-image size-full is-resized\"><img loading=\"lazy\" decoding=\"async\" width=\"1000\" height=\"1000\" src=\"https:\/\/eco-drinkware.com\/wp-content\/uploads\/14_0.webp\" alt=\"\" class=\"wp-image-419\" style=\"width:500px;height:500px\" srcset=\"https:\/\/eco-drinkware.com\/wp-content\/uploads\/14_0.webp 1000w, https:\/\/eco-drinkware.com\/wp-content\/uploads\/14_0-300x300.webp 300w, https:\/\/eco-drinkware.com\/wp-content\/uploads\/14_0-150x150.webp 150w, https:\/\/eco-drinkware.com\/wp-content\/uploads\/14_0-768x768.webp 768w, https:\/\/eco-drinkware.com\/wp-content\/uploads\/14_0-600x600.webp 600w, https:\/\/eco-drinkware.com\/wp-content\/uploads\/14_0-100x100.webp 100w\" sizes=\"auto, (max-width: 1000px) 100vw, 1000px\" \/><\/figure>\n\n\n\n<figure class=\"wp-block-image size-full is-resized\"><img loading=\"lazy\" decoding=\"async\" width=\"750\" height=\"800\" src=\"https:\/\/eco-drinkware.com\/wp-content\/uploads\/2020-10-23-17-25-520.webp\" alt=\"\" class=\"wp-image-418\" style=\"width:563px;height:600px\" srcset=\"https:\/\/eco-drinkware.com\/wp-content\/uploads\/2020-10-23-17-25-520.webp 750w, https:\/\/eco-drinkware.com\/wp-content\/uploads\/2020-10-23-17-25-520-281x300.webp 281w, https:\/\/eco-drinkware.com\/wp-content\/uploads\/2020-10-23-17-25-520-141x150.webp 141w, https:\/\/eco-drinkware.com\/wp-content\/uploads\/2020-10-23-17-25-520-600x640.webp 600w\" sizes=\"auto, (max-width: 750px) 100vw, 750px\" \/><\/figure>\n\n\n\n<figure class=\"wp-block-image size-large is-resized\"><img loading=\"lazy\" decoding=\"async\" width=\"1024\" height=\"1024\" src=\"https:\/\/eco-drinkware.com\/wp-content\/uploads\/14_1-1024x1024.webp\" alt=\"\" class=\"wp-image-420\" style=\"width:500px;height:500px\" srcset=\"https:\/\/eco-drinkware.com\/wp-content\/uploads\/14_1-1024x1024.webp 1024w, https:\/\/eco-drinkware.com\/wp-content\/uploads\/14_1-300x300.webp 300w, https:\/\/eco-drinkware.com\/wp-content\/uploads\/14_1-150x150.webp 150w, https:\/\/eco-drinkware.com\/wp-content\/uploads\/14_1-768x768.webp 768w, https:\/\/eco-drinkware.com\/wp-content\/uploads\/14_1-600x600.webp 600w, https:\/\/eco-drinkware.com\/wp-content\/uploads\/14_1-100x100.webp 100w, https:\/\/eco-drinkware.com\/wp-content\/uploads\/14_1.webp 1500w\" sizes=\"auto, (max-width: 1024px) 100vw, 1024px\" \/><\/figure>\n\n\n\n<p>Imagen de paquete personalizada para referencia<\/p>\n\n\n\n<figure class=\"wp-block-image size-full is-resized\"><img loading=\"lazy\" decoding=\"async\" width=\"802\" height=\"595\" src=\"https:\/\/eco-drinkware.com\/wp-content\/uploads\/2025\/09\/color-box.jpg\" alt=\"caja de color para botella de agua de cristal\" class=\"wp-image-3264\" style=\"width:507px;height:auto\" srcset=\"https:\/\/eco-drinkware.com\/wp-content\/uploads\/2025\/09\/color-box.jpg 802w, https:\/\/eco-drinkware.com\/wp-content\/uploads\/2025\/09\/color-box-300x223.jpg 300w, https:\/\/eco-drinkware.com\/wp-content\/uploads\/2025\/09\/color-box-150x111.jpg 150w, https:\/\/eco-drinkware.com\/wp-content\/uploads\/2025\/09\/color-box-768x570.jpg 768w, https:\/\/eco-drinkware.com\/wp-content\/uploads\/2025\/09\/color-box-16x12.jpg 16w, https:\/\/eco-drinkware.com\/wp-content\/uploads\/2025\/09\/color-box-600x445.jpg 600w\" sizes=\"auto, (max-width: 802px) 100vw, 802px\" \/><figcaption class=\"wp-element-caption\">Caja de color personalizada<\/figcaption><\/figure>\n\n\n\n<figure class=\"wp-block-image size-full is-resized\"><img loading=\"lazy\" decoding=\"async\" width=\"634\" height=\"575\" src=\"https:\/\/eco-drinkware.com\/wp-content\/uploads\/2025\/09\/cylinder-package.jpg\" alt=\"paquete de cilindros\" class=\"wp-image-3265\" style=\"width:327px;height:auto\" srcset=\"https:\/\/eco-drinkware.com\/wp-content\/uploads\/2025\/09\/cylinder-package.jpg 634w, https:\/\/eco-drinkware.com\/wp-content\/uploads\/2025\/09\/cylinder-package-300x272.jpg 300w, https:\/\/eco-drinkware.com\/wp-content\/uploads\/2025\/09\/cylinder-package-150x136.jpg 150w, https:\/\/eco-drinkware.com\/wp-content\/uploads\/2025\/09\/cylinder-package-13x12.jpg 13w, https:\/\/eco-drinkware.com\/wp-content\/uploads\/2025\/09\/cylinder-package-600x544.jpg 600w\" sizes=\"auto, (max-width: 634px) 100vw, 634px\" \/><figcaption class=\"wp-element-caption\">Envase cil\u00edndrico redondeado a medida<\/figcaption><\/figure>\n\n\n\n<p>Para los pedidos a granel por v\u00eda mar\u00edtima, utilizamos un embalaje paletizado para garantizar que no se rompa durante el transporte.<\/p>\n\n\n\n<figure class=\"wp-block-image size-full is-resized\"><img loading=\"lazy\" decoding=\"async\" width=\"544\" height=\"960\" src=\"https:\/\/eco-drinkware.com\/wp-content\/uploads\/2025\/09\/pallet-package.jpg\" alt=\"paquete de pal\u00e9s\" class=\"wp-image-3266\" style=\"width:283px;height:auto\" srcset=\"https:\/\/eco-drinkware.com\/wp-content\/uploads\/2025\/09\/pallet-package.jpg 544w, https:\/\/eco-drinkware.com\/wp-content\/uploads\/2025\/09\/pallet-package-170x300.jpg 170w, https:\/\/eco-drinkware.com\/wp-content\/uploads\/2025\/09\/pallet-package-85x150.jpg 85w, https:\/\/eco-drinkware.com\/wp-content\/uploads\/2025\/09\/pallet-package-7x12.jpg 7w\" sizes=\"auto, (max-width: 544px) 100vw, 544px\" \/><\/figure>","protected":false},"excerpt":{"rendered":"<h3 data-start=\"109\" data-end=\"134\">Botella de agua de vidrio con filtro, certificada por la FDA y LFGB<\/h3>\n<ul data-start=\"136\" data-end=\"979\">\n<li data-start=\"136\" data-end=\"338\">\n<p data-start=\"138\" data-end=\"338\"><strong data-start=\"138\" data-end=\"171\">Opciones de marca personalizables<\/strong> - El cuerpo de cristal, la tapa de bamb\u00fa y el envase se pueden personalizar con su logotipo, por lo que es ideal para <strong data-start=\"276\" data-end=\"335\">venta al por mayor, regalos de empresa y art\u00edculos promocionales<\/strong>.<\/p>\n<\/li>\n<li data-start=\"339\" data-end=\"518\">\n<p data-start=\"341\" data-end=\"518\"><strong data-start=\"341\" data-end=\"371\">Duradera construcci\u00f3n de cristal<\/strong> - Fabricada en vidrio de borosilicato de primera calidad, esta botella es ecol\u00f3gica, no contiene BPA y es m\u00e1s saludable para la hidrataci\u00f3n diaria que las alternativas de pl\u00e1stico.<\/p>\n<\/li>\n<li data-start=\"519\" data-end=\"662\">\n<p data-start=\"521\" data-end=\"662\"><strong data-start=\"521\" data-end=\"548\">Tapa de bamb\u00fa ecol\u00f3gica<\/strong> - Con una tapa de bamb\u00fa natural que aporta un aspecto elegante a la vez que soporta <strong data-start=\"625\" data-end=\"659\">soluciones empresariales sostenibles<\/strong>.<\/p>\n<\/li>\n<li data-start=\"663\" data-end=\"810\">\n<p data-start=\"665\" data-end=\"810\"><strong data-start=\"665\" data-end=\"690\">Dise\u00f1o resistente al calor<\/strong> - El cuerpo de vidrio aislante evita quemaduras, por lo que es seguro para t\u00e9 caliente, infusiones de frutas y caf\u00e9 reci\u00e9n hecho.<\/p>\n<\/li>\n<li data-start=\"663\" data-end=\"810\"><strong data-start=\"813\" data-end=\"839\">MOQ peque\u00f1o<\/strong>\u00a0-Se admiten pedidos peque\u00f1os, de 50 a 100 unidades.<\/li>\n<li data-start=\"663\" data-end=\"810\"><strong data-start=\"813\" data-end=\"839\">Env\u00edos a todo el mundo<\/strong> -Apoyamos el env\u00edo a todo el mundo. Especialmente DDP env\u00edo a muchos pa\u00edses principales.<\/li>\n<li data-start=\"811\" data-end=\"979\">\n<p data-start=\"813\" data-end=\"979\"><strong data-start=\"813\" data-end=\"839\">Perfecto para compradores B2B<\/strong> - Adecuado para <strong data-start=\"855\" data-end=\"919\">pedidos a granel, distribuidores minoristas y proyectos de marcas blancas<\/strong>, que ofrece funcionalidad y una gran visibilidad de marca.<\/p>\n<\/li>\n<\/ul>","protected":false},"featured_media":419,"template":"","meta":{"_acf_changed":false,"_seopress_robots_primary_cat":"none","_seopress_titles_title":"FDA & LFGB Certified Glass Infuser Water Bottle with bamboo lid","_seopress_titles_desc":"Support custom logo and package,food safe material, fast delivery time, competitive price. Small strart order is welcome. Whatsapp:0086 13567428830","_seopress_robots_index":"","_uag_custom_page_level_css":""},"product_brand":[],"product_cat":[36,42,25,22,54],"product_tag":[148,149,146,150,147],"class_list":{"0":"post-346","1":"product","2":"type-product","3":"status-publish","4":"has-post-thumbnail","6":"product_cat-double-wall-gass-bottle","7":"product_cat-glass-tumbler","8":"product_cat-glass-tumbler-mugs","9":"product_cat-glass-water-bottle","10":"product_cat-tea-bottle-coffee-tumblers","11":"product_tag-bulk-glass-water-bottles","12":"product_tag-glass-infuser-water-bottle","13":"product_tag-glass-water-bottle-with-filter","14":"product_tag-personalised-glass-bottle","15":"product_tag-water-glass-bottle","17":"first","18":"instock","19":"shipping-taxable","20":"product-type-simple"},"acf":[],"uagb_featured_image_src":{"full":["https:\/\/eco-drinkware.com\/wp-content\/uploads\/14_0.webp",1000,1000,false],"thumbnail":["https:\/\/eco-drinkware.com\/wp-content\/uploads\/14_0-150x150.webp",150,150,true],"medium":["https:\/\/eco-drinkware.com\/wp-content\/uploads\/14_0-300x300.webp",300,300,true],"medium_large":["https:\/\/eco-drinkware.com\/wp-content\/uploads\/14_0-768x768.webp",768,768,true],"large":["https:\/\/eco-drinkware.com\/wp-content\/uploads\/14_0.webp",1000,1000,false],"1536x1536":["https:\/\/eco-drinkware.com\/wp-content\/uploads\/14_0.webp",1000,1000,false],"2048x2048":["https:\/\/eco-drinkware.com\/wp-content\/uploads\/14_0.webp",1000,1000,false],"trp-custom-language-flag":["https:\/\/eco-drinkware.com\/wp-content\/uploads\/14_0.webp",12,12,false],"woocommerce_thumbnail":["https:\/\/eco-drinkware.com\/wp-content\/uploads\/14_0-300x300.webp",300,300,true],"woocommerce_single":["https:\/\/eco-drinkware.com\/wp-content\/uploads\/14_0-600x600.webp",600,600,true],"woocommerce_gallery_thumbnail":["https:\/\/eco-drinkware.com\/wp-content\/uploads\/14_0-100x100.webp",100,100,true]},"uagb_author_info":{"display_name":"Amy","author_link":"https:\/\/eco-drinkware.com\/es\/author\/"},"uagb_comment_info":0,"uagb_excerpt":"Customized FDA &amp; LFGB Certified Glass glass water bottle with filter Customizable Branding Options \u2013 The glass body, bamboo lid, and packaging can all be personalized with your logo, making it ideal for wholesale, corporate gifts, and promotional merchandise. Durable Glass Construction \u2013 Made of premium borosilicate glass, this bottle is eco-friendly, BPA-free, and healthier&hellip;","_links":{"self":[{"href":"https:\/\/eco-drinkware.com\/es\/wp-json\/wp\/v2\/product\/346","targetHints":{"allow":["GET"]}}],"collection":[{"href":"https:\/\/eco-drinkware.com\/es\/wp-json\/wp\/v2\/product"}],"about":[{"href":"https:\/\/eco-drinkware.com\/es\/wp-json\/wp\/v2\/types\/product"}],"wp:featuredmedia":[{"embeddable":true,"href":"https:\/\/eco-drinkware.com\/es\/wp-json\/wp\/v2\/media\/419"}],"wp:attachment":[{"href":"https:\/\/eco-drinkware.com\/es\/wp-json\/wp\/v2\/media?parent=346"}],"wp:term":[{"taxonomy":"product_brand","embeddable":true,"href":"https:\/\/eco-drinkware.com\/es\/wp-json\/wp\/v2\/product_brand?post=346"},{"taxonomy":"product_cat","embeddable":true,"href":"https:\/\/eco-drinkware.com\/es\/wp-json\/wp\/v2\/product_cat?post=346"},{"taxonomy":"product_tag","embeddable":true,"href":"https:\/\/eco-drinkware.com\/es\/wp-json\/wp\/v2\/product_tag?post=346"}],"curies":[{"name":"wp","href":"https:\/\/api.w.org\/{rel}","templated":true}]}}