{"id":3118,"date":"2025-08-20T11:46:09","date_gmt":"2025-08-20T03:46:09","guid":{"rendered":"https:\/\/eco-drinkware.com\/?post_type=product&#038;p=3118"},"modified":"2025-08-20T14:11:11","modified_gmt":"2025-08-20T06:11:11","slug":"gv024b-termo-de-acero-inoxidable-de-1000ml-con-compartimento-en-la-base-para-polvos-medicinales-o-llaves","status":"publish","type":"product","link":"https:\/\/eco-drinkware.com\/es\/product\/gv024b-termo-de-acero-inoxidable-de-1000ml-con-compartimento-en-la-base-para-polvos-medicinales-o-llaves\/","title":{"rendered":"GV024B Termo de acero inoxidable de 1000 ml con compartimento en la base para medicamentos en polvo o llaves"},"content":{"rendered":"<h2 class=\"wp-block-heading\"><strong>Petaca de acero inoxidable de 32 oz personalizada con compartimento al por mayor<\/strong><\/h2>\n\n\n\n<p><strong>Vajillas personalizables para cada necesidad<\/strong><br>Presentamos nuestro\u00a0<strong>Vaso de acero inoxidable personalizado de 32 oz<\/strong> con oculto <strong>Compartimento o Dinero Gadget de Viaje y Camping para Esconder Dinero Llaves<\/strong>es la soluci\u00f3n perfecta para empresas de marca, eventos o regalos promocionales. Dise\u00f1ada pensando en la durabilidad y la personalizaci\u00f3n, esta petaca es ideal para pedidos al por mayor, ya que ofrece una calidad y funcionalidad excepcionales a un precio de f\u00e1brica competitivo.<\/p>\n\n\n\n<p><strong>Caracter\u00edsticas principales:<\/strong><\/p>\n\n\n\n<p>\ud83d\udca7\u00a0<strong>Gran capacidad de 32 oz<\/strong>\u00a0- Perfecto para mantener las bebidas calientes o fr\u00edas durante todo el d\u00eda, lo que lo convierte en una opci\u00f3n pr\u00e1ctica para oficinas, eventos o comercios. Perfecto para t\u00e9 helado, caf\u00e9,zumo o cualquier l\u00edquido.<\/p>\n\n\n\n<p>\ud83c\udf21\ufe0f\u00a0<strong>Aislamiento de doble pared al vac\u00edo<\/strong>\u00a0- Garantiza que las bebidas permanezcan calientes hasta 12 horas o fr\u00edas hasta 24 horas, proporcionando una retenci\u00f3n superior de la temperatura. <\/p>\n\n\n\n<p>\ud83c\udf43\u00a0<strong>Respetuoso con el medio ambiente y duradero:<\/strong>\u00a0Fabricado en acero inoxidable de alta calidad sin BPA, este vaso est\u00e1 hecho para durar. Todos los materiales son aptos para uso alimentario. Olv\u00eddate de los vasos de un solo uso y reduce los residuos con una opci\u00f3n reutilizable y respetuosa con el medio ambiente.<\/p>\n\n\n\n<p>\ud83c\udfa8\u00a0<strong>Totalmente personalizable<\/strong>\u00a0- A\u00f1ada su logotipo, marca o dise\u00f1o exclusivo para crear una petaca personalizada que destaque. Nuestra f\u00e1brica admite impresi\u00f3n personalizada, grabado o grabado l\u00e1ser para satisfacer sus necesidades espec\u00edficas.<\/p>\n\n\n\n<p><strong>Construcci\u00f3n de acero inoxidable de primera calidad<\/strong>\u00a0- Fabricado en acero inoxidable de alta calidad apto para uso alimentario, resistente a la oxidaci\u00f3n, sin BPA y dise\u00f1ado para un uso prolongado. Material y dise\u00f1o muy duraderos. <\/p>\n\n\n\n<p><strong>\u00a0Con compartimento en la base<\/strong>- La botella de agua se ha convertido en un elemento b\u00e1sico en la vida diaria de millones de personas, pero con los bolsillos y las manos ya llenos, puede convertirse en un art\u00edculo m\u00e1s a tener en cuenta como parte de tu transporte diario. Con el compartimento de almacenamiento integrado y el dise\u00f1o de doble pared de Bindle Bottle, tu bebida se mantendr\u00e1 fr\u00eda durante horas y tus manos estar\u00e1n libres.<\/p>\n\n\n\n<p><strong>Por qu\u00e9 te encantar\u00e1:<\/strong><\/p>\n\n\n\n<h3 class=\"wp-block-heading\"><strong>\u00bfPor qu\u00e9 elegir nuestra petaca de acero inoxidable para pedidos a granel?<\/strong><\/h3>\n\n\n\n<p>\u2728\u00a0<strong>Opciones de personalizaci\u00f3n<\/strong>\u00a0- Como proveedor de confianza, ofrecemos una amplia gama de opciones de personalizaci\u00f3n, como la colocaci\u00f3n del logotipo, opciones de color y envases personalizados.<br>\u2728\u00a0<strong>Precios directos de f\u00e1brica<\/strong>\u00a0- Disfrute de tarifas competitivas para pedidos al por mayor, que garantizan la rentabilidad sin comprometer la calidad.<br>\u2728\u00a0<strong>Duradero y fiable<\/strong>\u00a0- Fabricados para soportar el uso diario, nuestros vasos son perfectos para regalos de empresa, eventos promocionales o ventas al por menor. Eco Drinkware ofrece un buen servicio postventa para nuestros vasos isot\u00e9rmicos.<br>\u2728\u00a0<strong>Entrega r\u00e1pida<\/strong>\u00a0- Nuestra f\u00e1brica est\u00e1 equipada para gestionar pedidos a gran escala con una producci\u00f3n eficiente y una entrega puntual. Especialmente que utilizamos el robot en la producci\u00f3n que hizo la producci\u00f3n mucho m\u00e1s r\u00e1pida ahora.<br>\u2728\u00a0<strong>Ecol\u00f3gico y reutilizable<\/strong>\u00a0- Promueva la sostenibilidad con un vaso reutilizable que reduce los residuos y se alinea con los valores de conciencia ecol\u00f3gica. Cada vez m\u00e1s clientes eligen el termo aislante de acero inoxidable para sustituir a la botella de pl\u00e1stico \u2728<strong>Entrega mundial<\/strong>\u00a0- Ofrecemos entrega global a todos los clientes. Incluso ofrecemos env\u00edos DDP a muchos pa\u00edses. Ayuda a los clientes a ahorrar dinero.                                                                                                \u2728<strong>Proveedor fiable<\/strong>\u00a0- Eco Drinkware ha trabajado en este campo durante 10 a\u00f1os. Con el equipo experimentado de la tecnolog\u00eda y la persona de las ventas para resolver todo el nuevo proyecto bien. Es aconsejable trabajar con un proveedor profesional para ahorrar dinero y tiempo. Confianza tendr\u00e1 experiencia de compra satisfecho. <\/p>\n\n\n\n<hr class=\"wp-block-separator has-alpha-channel-opacity\"\/>\n\n\n\n<h3 class=\"wp-block-heading\"><strong>Perfecto para:<\/strong><\/h3>\n\n\n\n<ul class=\"wp-block-list\">\n<li><strong>Regalos de empresa<\/strong>\u00a0- Impresione a sus clientes o recompense a sus empleados con una petaca de acero inoxidable de alta calidad y con su marca.<\/li>\n\n\n\n<li><strong>Eventos promocionales<\/strong>&nbsp;- Aumente la visibilidad de su marca con un art\u00edculo de regalo pr\u00e1ctico y elegante.<\/li>\n\n\n\n<li><strong>Ventas al por menor<\/strong>\u00a0- Abast\u00e9cete de botellas de agua personalizables, \u00fanicas y especiales que atraigan a un p\u00fablico amplio.<\/li>\n\n\n\n<li><strong>Recaudaci\u00f3n de fondos y regalos<\/strong>&nbsp;- Ofrezca un producto funcional y memorable que encante a los simpatizantes.<\/li>\n<\/ul>\n\n\n\n<hr class=\"wp-block-separator has-alpha-channel-opacity\"\/>\n\n\n\n<p><strong>P\u00eddalo hoy mismo<\/strong><br>Como proveedor l\u00edder de bebidas personalizadas, nos especializamos en ayudar a las empresas a crear productos personalizados que dejen una impresi\u00f3n duradera. Tanto si necesita 1000 como 10.000 unidades, nuestra f\u00e1brica est\u00e1 preparada para satisfacer sus demandas con una calidad de primera y un servicio excepcional.<\/p>\n\n\n\n<p><strong>P\u00f3ngase en contacto con nosotros para un presupuesto personalizado y eleve su imagen de marca con nuestra petaca de acero inoxidable personalizada de 32 oz.<\/strong><\/p>\n\n\n\n<div class=\"wp-block-uagb-image uagb-block-ebf0aa1f wp-block-uagb-image--layout-default wp-block-uagb-image--effect-static wp-block-uagb-image--align-none\"><figure class=\"wp-block-uagb-image__figure\"><img decoding=\"async\" srcset=\"https:\/\/eco-drinkware.com\/wp-content\/uploads\/2025\/08\/custom-brand-water-bottle.webp ,https:\/\/eco-drinkware.com\/wp-content\/uploads\/2025\/08\/custom-brand-water-bottle.webp 780w, https:\/\/eco-drinkware.com\/wp-content\/uploads\/2025\/08\/custom-brand-water-bottle.webp 360w\" sizes=\"auto, (max-width: 480px) 150px\" src=\"https:\/\/eco-drinkware.com\/wp-content\/uploads\/2025\/08\/custom-brand-water-bottle.webp\" alt=\"Botella de agua de acero inoxidable con logotipo de marca personalizado y asa negra\" class=\"uag-image-3116\" width=\"1000\" height=\"1000\" title=\"termo con compartimento\" loading=\"lazy\" role=\"img\"\/><\/figure><\/div>\n\n\n\n<figure class=\"wp-block-table\"><table class=\"has-fixed-layout\"><tbody><tr><td>N\u00famero de art\u00edculo<\/td><td>GV024B<\/td><\/tr><tr><td>Capacidad<\/td><td>32oz\/1000ml<\/td><\/tr><tr><td>Aislamiento<\/td><td>S\u00ed&nbsp;&nbsp;&nbsp;&nbsp;&nbsp;&nbsp;&nbsp;&nbsp;&nbsp;&nbsp;&nbsp;&nbsp;&nbsp;<\/td><\/tr><tr><td>Posici\u00f3n del logotipo<\/td><td>Cuerpo de la botella <\/td><\/tr><tr><td>Color<\/td><td>Rojo, plata, verde, azul, blanco, negro, oro rosa, color personalizado, color Pantone<\/td><\/tr><tr><td>Material<\/td><td>Acero inoxidable 304 interior y acero inoxidable 201 exterior, nueva tapa de pl\u00e1stico pp, junta de silicona<\/td><\/tr><tr><td>Caracter\u00edstica<\/td><td>Termo de doble pared, gran capacidad, dise\u00f1o personalizado<\/td><\/tr><tr><td>MOQ<\/td><td>1000 unidades<\/td><\/tr><tr><td>Logotipo<\/td><td>L\u00e1ser, serigraf\u00eda, transferencia de calor, transferencia de agua, transferencia de gas, impresi\u00f3n 3D, sublimaci\u00f3n, etc.<\/td><\/tr><tr><td>Paquete<\/td><td>caja blanca, caja impresa personalizada, caja cil\u00edndrica, bolsa de burbujas, caja de regalo<\/td><\/tr><tr><td>Tiempo de muestreo<\/td><td>3 d\u00edas para muestra de stock, 7 d\u00edas para muestra de logotipo personalizado<\/td><\/tr><tr><td>Tiempo de producci\u00f3n<\/td><td>25-35 d\u00edas, dependiendo de la cantidad y los requisitos<\/td><\/tr><tr><td>Sobre el pago<\/td><td>Transferencia bancaria , paypal, western union , trade assurance<\/td><\/tr><tr><td>Pa\u00eds de origen<\/td><td>Fabricado en China<\/td><\/tr><tr><td>Origen del certificado<\/td><td>S\u00ed, podemos ofrecer<\/td><\/tr><tr><td>Nuevo molde de botella<\/td><td>S\u00ed, tenemos un nuevo equipo de desarrollo de moldes<\/td><\/tr><tr><td>T\u00e9rminos<\/td><td>EXW,FOB,CIF, DDU, DDP<\/td><\/tr><\/tbody><\/table><\/figure>\n\n\n\n<p><\/p>","protected":false},"excerpt":{"rendered":"<p>Petaca de acero inoxidable de calidad, personalizada y duradera, con compartimento secreto<\/p>\n<ul>\n<li>\n<p>\u00a0<strong>32 oz de gran capacidad<\/strong>\u00a0- Perfecto para la hidrataci\u00f3n durante todo el d\u00eda.<\/p>\n<\/li>\n<li>\n<p>\u00a0<strong>Dise\u00f1o personalizable<\/strong> - A\u00f1ada su logotipo, texto o ilustraciones para personalizarlo.<\/p>\n<\/li>\n<li>\n<p>\u00a0<strong>Aislamiento de doble pared al vac\u00edo<\/strong>\u00a0- Mantiene las bebidas calientes durante 12 horas y fr\u00edas durante 24 horas.<\/p>\n<\/li>\n<li>\n<p><strong>Acero inoxidable duradero<\/strong> - Resistente a la corrosi\u00f3n, sin BPA y fabricado para durar.Materiales aptos para uso alimentario.<\/p>\n<\/li>\n<li>\n<p>\u00a0<strong>A prueba de sudor y fugas<\/strong>\u00a0- Exterior sin condensaci\u00f3n y tapa segura para un uso sin complicaciones.<\/p>\n<\/li>\n<li>\n<p><strong>Vers\u00e1til y port\u00e1til<\/strong> - Ideal para el hogar, la oficina, los viajes o las aventuras al aire libre.<\/p>\n<\/li>\n<li>\n<p><strong>Con compartimento oculto<\/strong> - Espacio extra en la parte inferior para sujetar algo y liberar las manos.<\/p>\n<p>P\u00f3ngase en contacto con nosotros para personalizar el frasco de acero inoxidable exclusivo y ganar m\u00e1s mercado.\u00a0<\/p>\n<\/li>\n<\/ul>","protected":false},"featured_media":3116,"template":"","meta":{"_acf_changed":false,"_seopress_robots_primary_cat":"none","_seopress_titles_title":"GV024B 1000ml stainless steel thermal flask with compartment\u00a0in base for powder medicine or keys","_seopress_titles_desc":"Unique flask with compartment .Food safe and BPA free materials, custom color and design is welcome. Profession drinkware manufacturer in China. Door to door delivery worldwide.  Whatsapp:0086 13567428830","_seopress_robots_index":"","_uag_custom_page_level_css":""},"product_brand":[],"product_cat":[32,31,40,19,24,20],"product_tag":[124,71,70,77,69,86,122,123],"class_list":{"0":"post-3118","1":"product","2":"type-product","3":"status-publish","4":"has-post-thumbnail","6":"product_cat-insulated-water-bottle","7":"product_cat-sports-water-bottle","8":"product_cat-stainless-steel-tumbler","9":"product_cat-stainless-steel-water-bottle","10":"product_cat-tumblers-mugs","11":"product_cat-vacuum-flask","12":"product_tag-32oz-insulated-flask","13":"product_tag-bpa-free-vacuum-flask","14":"product_tag-double-wall-insulated-flask","15":"product_tag-personalized-insulated-mug","16":"product_tag-stainless-steel-flask","17":"product_tag-stainless-steel-insulated-cups-with-lid-and-straw","18":"product_tag-thermal-flask-with-compartment","19":"product_tag-thermos-with-compartment","21":"first","22":"instock","23":"shipping-taxable","24":"product-type-simple"},"acf":[],"uagb_featured_image_src":{"full":["https:\/\/eco-drinkware.com\/wp-content\/uploads\/2025\/08\/custom-brand-water-bottle.webp",1000,1000,false],"thumbnail":["https:\/\/eco-drinkware.com\/wp-content\/uploads\/2025\/08\/custom-brand-water-bottle-150x150.webp",150,150,true],"medium":["https:\/\/eco-drinkware.com\/wp-content\/uploads\/2025\/08\/custom-brand-water-bottle-300x300.webp",300,300,true],"medium_large":["https:\/\/eco-drinkware.com\/wp-content\/uploads\/2025\/08\/custom-brand-water-bottle-768x768.webp",768,768,true],"large":["https:\/\/eco-drinkware.com\/wp-content\/uploads\/2025\/08\/custom-brand-water-bottle.webp",1000,1000,false],"1536x1536":["https:\/\/eco-drinkware.com\/wp-content\/uploads\/2025\/08\/custom-brand-water-bottle.webp",1000,1000,false],"2048x2048":["https:\/\/eco-drinkware.com\/wp-content\/uploads\/2025\/08\/custom-brand-water-bottle.webp",1000,1000,false],"trp-custom-language-flag":["https:\/\/eco-drinkware.com\/wp-content\/uploads\/2025\/08\/custom-brand-water-bottle.webp",12,12,false],"woocommerce_thumbnail":["https:\/\/eco-drinkware.com\/wp-content\/uploads\/2025\/08\/custom-brand-water-bottle-300x300.webp",300,300,true],"woocommerce_single":["https:\/\/eco-drinkware.com\/wp-content\/uploads\/2025\/08\/custom-brand-water-bottle-600x600.webp",600,600,true],"woocommerce_gallery_thumbnail":["https:\/\/eco-drinkware.com\/wp-content\/uploads\/2025\/08\/custom-brand-water-bottle-100x100.webp",100,100,true]},"uagb_author_info":{"display_name":"Amy","author_link":"https:\/\/eco-drinkware.com\/es\/author\/"},"uagb_comment_info":0,"uagb_excerpt":"Quality custom durable stainless steel flask with secret compartment \u00a032oz Large Capacity\u00a0\u2013 Perfect for all-day hydration. \u00a0Customizable Design \u2013 Add your logo, text, or artwork for a customization. \u00a0Double-Wall Vacuum Insulation\u00a0\u2013 Keeps drinks hot for 12 hours and cold for 24 hours. Durable Stainless Steel \u2013 Rust-resistant, BPA-free, and built to last.Food safe materials. \u00a0Sweat-Proof&hellip;","_links":{"self":[{"href":"https:\/\/eco-drinkware.com\/es\/wp-json\/wp\/v2\/product\/3118","targetHints":{"allow":["GET"]}}],"collection":[{"href":"https:\/\/eco-drinkware.com\/es\/wp-json\/wp\/v2\/product"}],"about":[{"href":"https:\/\/eco-drinkware.com\/es\/wp-json\/wp\/v2\/types\/product"}],"wp:featuredmedia":[{"embeddable":true,"href":"https:\/\/eco-drinkware.com\/es\/wp-json\/wp\/v2\/media\/3116"}],"wp:attachment":[{"href":"https:\/\/eco-drinkware.com\/es\/wp-json\/wp\/v2\/media?parent=3118"}],"wp:term":[{"taxonomy":"product_brand","embeddable":true,"href":"https:\/\/eco-drinkware.com\/es\/wp-json\/wp\/v2\/product_brand?post=3118"},{"taxonomy":"product_cat","embeddable":true,"href":"https:\/\/eco-drinkware.com\/es\/wp-json\/wp\/v2\/product_cat?post=3118"},{"taxonomy":"product_tag","embeddable":true,"href":"https:\/\/eco-drinkware.com\/es\/wp-json\/wp\/v2\/product_tag?post=3118"}],"curies":[{"name":"wp","href":"https:\/\/api.w.org\/{rel}","templated":true}]}}