{"id":1635,"date":"2023-02-20T09:00:27","date_gmt":"2023-02-20T01:00:27","guid":{"rendered":"https:\/\/eco-drinkware.com\/?page_id=1635"},"modified":"2023-04-10T22:06:13","modified_gmt":"2023-04-10T14:06:13","slug":"vaso-stanley-cup-40oz-con-asa","status":"publish","type":"page","link":"https:\/\/eco-drinkware.com\/es\/vaso-stanley-cup-40oz-con-asa\/","title":{"rendered":"Stanley Cup 40oz Tumbler with Handle"},"content":{"rendered":"<h3 class=\"wp-block-heading\">\u00bfEs usted una empresa comercial o un fabricante?<\/h3>\n\n\n\n<p>Eco Drinkware es fabricante.<br>Contamos con 120 trabajadores y 10 empleados de oficina. Equipo profesional del control de calidad para asegurar cada vaso en buena calidad y bastante bueno para nuestros clientes.<\/p>\n\n\n\n<h3 class=\"wp-block-heading\">\u00bfCu\u00e1l es el color de acabado de este vaso?<\/h3>\n\n\n\n<p>La mayor\u00eda de los clientes prefieren el recubrimiento en polvo, porque es muy duradero. As\u00ed pues, nuestros colores comunes son capa del polvo. Pintura en aerosol normal tambi\u00e9n est\u00e1 bien para este vaso y se ahorrar\u00e1 el costo. Si el cliente prefiere otro acabado, tambi\u00e9n podemos hacerlo. No se preocupe.<\/p>\n\n\n\n<h3 class=\"wp-block-heading\">Si quiero cambiar la forma del vaso, \u00bfpueden hacerlo?<\/h3>\n\n\n\n<p>S\u00ed, est\u00e1 bien para Eco Drinkware Team.<br>Con el equipo de desarrollo de nuevos productos profesionales, es f\u00e1cil.<br>S\u00f3lo hay costo del molde y MOQ 3000 piezas. En cuanto al coste del molde, depende del dise\u00f1o exacto. Por favor, si\u00e9ntase libre de compartir su idea.<\/p>\n\n\n\n<h3 class=\"wp-block-heading\">\u00bfPueden hacer env\u00edos puerta a puerta?<\/h3>\n\n\n\n<p>S\u00ed, tenemos nuestro propio agente de transporte que puede enviar las botellas a todo el mundo.<\/p>\n\n\n\n<h3 class=\"wp-block-heading\">Si tengo agente de transporte en Yiwu o Guangzhou. \u00bfPuede usted entrega los vasos all\u00ed?<\/h3>\n\n\n\n<p>S\u00ed, es muy f\u00e1cil. S\u00f3lo hay un poco de gastos de env\u00edo.<\/p>\n\n\n\n<h3 class=\"wp-block-heading\">\u00bfY su pago?<\/h3>\n\n\n\n<p>Para pedidos peque\u00f1os, 100% por adelantado. Para la orden modificada para requisitos particulares normal, dep\u00f3sito 30% y 70% antes de enviar. Mostrar\u00e1 im\u00e1genes a granel listos para comprobar antes de que el pago del saldo.<\/p>\n\n\n\n<h3 class=\"wp-block-heading\">\u00bfQu\u00e9 m\u00e9todos de pago aceptan?<\/h3>\n\n\n\n<p>Transferencia bancaria, PayPal, Western Union.<\/p>","protected":false},"excerpt":{"rendered":"<p>Are you trading company or manufacturer? Eco Drinkware is manufacturer.We have 120 workers and 10 office staffs. Professional QC team to ensure every tumbler in good quality and good enough for our customers. What's the color finishing for this tumbler? Most customers prefer powder coating ,because it's very durable . So, our stock colors are [&hellip;]<\/p>","protected":false},"author":1,"featured_media":0,"parent":0,"menu_order":0,"comment_status":"closed","ping_status":"closed","template":"","meta":{"_acf_changed":false,"_seopress_robots_primary_cat":"","_seopress_titles_title":"Wholesale Adventure Stanney Double Wall Insulated Vacuum 40oz Stainless Steel Travle Tumbler Manufacturer, China Factory 40oz Travel Mug Supplier - %%sitetitle%%","_seopress_titles_desc":"Get wholesale price and customized 40oz tumbler catalog and 40oz tumbler manufacturer, ideal supplier for 40oz brand owners, Wholesale Adventure Stanney Double Wall Insulated Vacuum 40oz Stainless Steel Travle Tumbler with Handle and Straw, China Sublimination Tumbler and Travel Mug  - %%sitetitle%%","_seopress_robots_index":"","_uag_custom_page_level_css":"","footnotes":""},"class_list":["post-1635","page","type-page","status-publish","hentry"],"acf":[],"uagb_featured_image_src":{"full":false,"thumbnail":false,"medium":false,"medium_large":false,"large":false,"1536x1536":false,"2048x2048":false,"trp-custom-language-flag":false,"woocommerce_thumbnail":false,"woocommerce_single":false,"woocommerce_gallery_thumbnail":false},"uagb_author_info":{"display_name":"Amy","author_link":"https:\/\/eco-drinkware.com\/es\/author\/ecooo\/"},"uagb_comment_info":0,"uagb_excerpt":"Are you trading company or manufacturer? Eco Drinkware is manufacturer.We have 120 workers and 10 office staffs. Professional QC team to ensure every tumbler in good quality and good enough for our customers. What's the color finishing for this tumbler? Most customers prefer powder coating ,because it's very durable . So, our stock colors are&hellip;","_links":{"self":[{"href":"https:\/\/eco-drinkware.com\/es\/wp-json\/wp\/v2\/pages\/1635","targetHints":{"allow":["GET"]}}],"collection":[{"href":"https:\/\/eco-drinkware.com\/es\/wp-json\/wp\/v2\/pages"}],"about":[{"href":"https:\/\/eco-drinkware.com\/es\/wp-json\/wp\/v2\/types\/page"}],"author":[{"embeddable":true,"href":"https:\/\/eco-drinkware.com\/es\/wp-json\/wp\/v2\/users\/1"}],"replies":[{"embeddable":true,"href":"https:\/\/eco-drinkware.com\/es\/wp-json\/wp\/v2\/comments?post=1635"}],"version-history":[{"count":0,"href":"https:\/\/eco-drinkware.com\/es\/wp-json\/wp\/v2\/pages\/1635\/revisions"}],"wp:attachment":[{"href":"https:\/\/eco-drinkware.com\/es\/wp-json\/wp\/v2\/media?parent=1635"}],"curies":[{"name":"wp","href":"https:\/\/api.w.org\/{rel}","templated":true}]}}