{"id":659,"date":"2022-11-03T16:19:46","date_gmt":"2022-11-03T16:19:46","guid":{"rendered":"https:\/\/eco-drinkware.com\/?post_type=product&#038;p=659"},"modified":"2022-11-25T08:55:25","modified_gmt":"2022-11-25T08:55:25","slug":"39-vorratig-ohne-mindestbestellmenge-doppelwandige-sport-vakuumflasche-aus-edelstahl-39","status":"publish","type":"product","link":"https:\/\/eco-drinkware.com\/de\/product\/39-vorratig-ohne-mindestbestellmenge-doppelwandige-sport-vakuumflasche-aus-edelstahl-39\/","title":{"rendered":"Auf Lager Kein Minimum Doppelwandige Sport-Vakuumflasche aus Edelstahl"},"content":{"rendered":"<p>Wir sind f\u00fchrender Hersteller f\u00fcr doppelwandige Glasflaschen, doppelwandige Teeflaschen, 500ml doppelwandige Glasflaschen, Teeflaschen, Teeflaschen zum Aufgie\u00dfen, Glasflaschen mit Bambusdeckel, Bambusflaschen, Bambusthermoskannen, Bambusbecher, Kaffeebecher, Kaffeetassen, Kaffeegeschirr, doppelwandige Becher mit passendem Strohhalm, Thermoskannen, Sportflaschen, doppelwandige Vakuumflaschen mit Bambusdeckel \u2665.<\/p>\n\n\n\n<figure class=\"wp-block-table\"><table><tbody><tr><td>Name<\/td><td>GV013B 600ML\/13OZ In Stock Double Wall Schraubdeckel Edelstahl Isolierflasche Edelstahlflasche<\/td><\/tr><tr><td>Material<\/td><td>304 rostfreier Stahl, Silikon&nbsp;<\/td><\/tr><tr><td>Kapazit\u00e4t<\/td><td>600ml<\/td><\/tr><tr><td>Farbe<\/td><td>Kundenspezifisch<\/td><\/tr><tr><td>Drucken<\/td><td>Seidendruck, W\u00e4rme\u00fcbertragung, Wassertransferdruck und so weiter<\/td><\/tr><tr><td>Logo<\/td><td>Kundenspezifisch<\/td><\/tr><tr><td>MOQ<\/td><td>50 St\u00fcck<\/td><\/tr><tr><td>Probezeit<\/td><td>5-8 Tage<\/td><\/tr><tr><td>Einzelheiten zur Verpackung<\/td><td>1PC\/OPP, Eierkistenverpackung, farbige Schachtel, Zylinder, wei\u00dfe Schachtel, 50PCS\/CTN<\/td><\/tr><tr><td>Zahlungsfrist<\/td><td>30% Anzahlung, der Restbetrag vor dem Versand<\/td><\/tr><\/tbody><\/table><\/figure>\n\n\n\n<figure class=\"wp-block-image size-full\"><img loading=\"lazy\" decoding=\"async\" width=\"753\" height=\"623\" src=\"https:\/\/eco-drinkware.com\/wp-content\/uploads\/2022\/11\/HTB16Az8b41YBuNjy1zc762NcXXat.png_.webp\" alt=\"\" class=\"wp-image-1243\" srcset=\"https:\/\/eco-drinkware.com\/wp-content\/uploads\/2022\/11\/HTB16Az8b41YBuNjy1zc762NcXXat.png_.webp 753w, https:\/\/eco-drinkware.com\/wp-content\/uploads\/2022\/11\/HTB16Az8b41YBuNjy1zc762NcXXat.png_-300x248.webp 300w, https:\/\/eco-drinkware.com\/wp-content\/uploads\/2022\/11\/HTB16Az8b41YBuNjy1zc762NcXXat.png_-150x124.webp 150w, https:\/\/eco-drinkware.com\/wp-content\/uploads\/2022\/11\/HTB16Az8b41YBuNjy1zc762NcXXat.png_-600x496.webp 600w\" sizes=\"auto, (max-width: 753px) 100vw, 753px\" \/><\/figure>\n\n\n\n<figure class=\"wp-block-image size-full\"><img loading=\"lazy\" decoding=\"async\" width=\"753\" height=\"623\" src=\"https:\/\/eco-drinkware.com\/wp-content\/uploads\/2022\/11\/HTB16Az8b41YBuNjy1zc762NcXXat.png_-1.webp\" alt=\"\" class=\"wp-image-1244\" srcset=\"https:\/\/eco-drinkware.com\/wp-content\/uploads\/2022\/11\/HTB16Az8b41YBuNjy1zc762NcXXat.png_-1.webp 753w, https:\/\/eco-drinkware.com\/wp-content\/uploads\/2022\/11\/HTB16Az8b41YBuNjy1zc762NcXXat.png_-1-300x248.webp 300w, https:\/\/eco-drinkware.com\/wp-content\/uploads\/2022\/11\/HTB16Az8b41YBuNjy1zc762NcXXat.png_-1-150x124.webp 150w, https:\/\/eco-drinkware.com\/wp-content\/uploads\/2022\/11\/HTB16Az8b41YBuNjy1zc762NcXXat.png_-1-600x496.webp 600w\" sizes=\"auto, (max-width: 753px) 100vw, 753px\" \/><\/figure>\n\n\n\n<figure class=\"wp-block-image size-full\"><img loading=\"lazy\" decoding=\"async\" width=\"800\" height=\"800\" src=\"https:\/\/eco-drinkware.com\/wp-content\/uploads\/2022\/11\/HTB1VXjXm8TH8KJjy0Fiq6ARsXXak.jpg_.webp\" alt=\"\" class=\"wp-image-1239\" srcset=\"https:\/\/eco-drinkware.com\/wp-content\/uploads\/2022\/11\/HTB1VXjXm8TH8KJjy0Fiq6ARsXXak.jpg_.webp 800w, https:\/\/eco-drinkware.com\/wp-content\/uploads\/2022\/11\/HTB1VXjXm8TH8KJjy0Fiq6ARsXXak.jpg_-300x300.webp 300w, https:\/\/eco-drinkware.com\/wp-content\/uploads\/2022\/11\/HTB1VXjXm8TH8KJjy0Fiq6ARsXXak.jpg_-150x150.webp 150w, https:\/\/eco-drinkware.com\/wp-content\/uploads\/2022\/11\/HTB1VXjXm8TH8KJjy0Fiq6ARsXXak.jpg_-768x768.webp 768w, https:\/\/eco-drinkware.com\/wp-content\/uploads\/2022\/11\/HTB1VXjXm8TH8KJjy0Fiq6ARsXXak.jpg_-600x600.webp 600w, https:\/\/eco-drinkware.com\/wp-content\/uploads\/2022\/11\/HTB1VXjXm8TH8KJjy0Fiq6ARsXXak.jpg_-100x100.webp 100w\" sizes=\"auto, (max-width: 800px) 100vw, 800px\" \/><\/figure>\n\n\n\n<figure class=\"wp-block-image size-full\"><img loading=\"lazy\" decoding=\"async\" width=\"800\" height=\"800\" src=\"https:\/\/eco-drinkware.com\/wp-content\/uploads\/2022\/11\/HTB1sTiVmZrI8KJjy0Fhq6zfnpXag.jpg_.webp\" alt=\"\" class=\"wp-image-1240\" srcset=\"https:\/\/eco-drinkware.com\/wp-content\/uploads\/2022\/11\/HTB1sTiVmZrI8KJjy0Fhq6zfnpXag.jpg_.webp 800w, https:\/\/eco-drinkware.com\/wp-content\/uploads\/2022\/11\/HTB1sTiVmZrI8KJjy0Fhq6zfnpXag.jpg_-300x300.webp 300w, https:\/\/eco-drinkware.com\/wp-content\/uploads\/2022\/11\/HTB1sTiVmZrI8KJjy0Fhq6zfnpXag.jpg_-150x150.webp 150w, https:\/\/eco-drinkware.com\/wp-content\/uploads\/2022\/11\/HTB1sTiVmZrI8KJjy0Fhq6zfnpXag.jpg_-768x768.webp 768w, https:\/\/eco-drinkware.com\/wp-content\/uploads\/2022\/11\/HTB1sTiVmZrI8KJjy0Fhq6zfnpXag.jpg_-600x600.webp 600w, https:\/\/eco-drinkware.com\/wp-content\/uploads\/2022\/11\/HTB1sTiVmZrI8KJjy0Fhq6zfnpXag.jpg_-100x100.webp 100w\" sizes=\"auto, (max-width: 800px) 100vw, 800px\" \/><\/figure>\n\n\n\n<figure class=\"wp-block-image size-full\"><img loading=\"lazy\" decoding=\"async\" width=\"800\" height=\"800\" src=\"https:\/\/eco-drinkware.com\/wp-content\/uploads\/2022\/11\/2021-04-09-17-50-527.webp\" alt=\"\" class=\"wp-image-1230\" srcset=\"https:\/\/eco-drinkware.com\/wp-content\/uploads\/2022\/11\/2021-04-09-17-50-527.webp 800w, https:\/\/eco-drinkware.com\/wp-content\/uploads\/2022\/11\/2021-04-09-17-50-527-300x300.webp 300w, https:\/\/eco-drinkware.com\/wp-content\/uploads\/2022\/11\/2021-04-09-17-50-527-150x150.webp 150w, https:\/\/eco-drinkware.com\/wp-content\/uploads\/2022\/11\/2021-04-09-17-50-527-768x768.webp 768w, https:\/\/eco-drinkware.com\/wp-content\/uploads\/2022\/11\/2021-04-09-17-50-527-600x600.webp 600w, https:\/\/eco-drinkware.com\/wp-content\/uploads\/2022\/11\/2021-04-09-17-50-527-100x100.webp 100w\" sizes=\"auto, (max-width: 800px) 100vw, 800px\" \/><\/figure>\n\n\n\n<figure class=\"wp-block-image size-full\"><img loading=\"lazy\" decoding=\"async\" width=\"750\" height=\"760\" src=\"https:\/\/eco-drinkware.com\/wp-content\/uploads\/2022\/11\/HTB16X3AU7zoK1RjSZFlq6yi4VXaB.webp\" alt=\"\" class=\"wp-image-1058\" srcset=\"https:\/\/eco-drinkware.com\/wp-content\/uploads\/2022\/11\/HTB16X3AU7zoK1RjSZFlq6yi4VXaB.webp 750w, https:\/\/eco-drinkware.com\/wp-content\/uploads\/2022\/11\/HTB16X3AU7zoK1RjSZFlq6yi4VXaB-296x300.webp 296w, https:\/\/eco-drinkware.com\/wp-content\/uploads\/2022\/11\/HTB16X3AU7zoK1RjSZFlq6yi4VXaB-148x150.webp 148w, https:\/\/eco-drinkware.com\/wp-content\/uploads\/2022\/11\/HTB16X3AU7zoK1RjSZFlq6yi4VXaB-600x608.webp 600w, https:\/\/eco-drinkware.com\/wp-content\/uploads\/2022\/11\/HTB16X3AU7zoK1RjSZFlq6yi4VXaB-100x100.webp 100w\" sizes=\"auto, (max-width: 750px) 100vw, 750px\" \/><\/figure>","protected":false},"excerpt":{"rendered":"<p>Mit 15 Jahren Erfahrung in der Flaschenproduktion haben wir OEM- und ODM-Arbeiten f\u00fcr viele ber\u00fchmte Marken in der ganzen Welt durchgef\u00fchrt. Hauptproduktionslinie ist Tee Infuser Flasche, Kaffee Becher, Thermoskanne. Qualit\u00e4t ist unsere Kultur. Unsere Mission ist es, die Erde sauberer und besser zu machen.<\/p>","protected":false},"featured_media":1241,"template":"","meta":{"_acf_changed":false,"_seopress_robots_primary_cat":"","_seopress_titles_title":"","_seopress_titles_desc":"","_seopress_robots_index":"","_uag_custom_page_level_css":""},"product_brand":[],"product_cat":[31,19],"product_tag":[],"class_list":{"0":"post-659","1":"product","2":"type-product","3":"status-publish","4":"has-post-thumbnail","6":"product_cat-sports-water-bottle","7":"product_cat-stainless-steel-water-bottle","9":"first","10":"instock","11":"shipping-taxable","12":"product-type-simple"},"acf":[],"uagb_featured_image_src":{"full":["https:\/\/eco-drinkware.com\/wp-content\/uploads\/2022\/11\/39_0.webp",1000,1000,false],"thumbnail":["https:\/\/eco-drinkware.com\/wp-content\/uploads\/2022\/11\/39_0-150x150.webp",150,150,true],"medium":["https:\/\/eco-drinkware.com\/wp-content\/uploads\/2022\/11\/39_0-300x300.webp",300,300,true],"medium_large":["https:\/\/eco-drinkware.com\/wp-content\/uploads\/2022\/11\/39_0-768x768.webp",768,768,true],"large":["https:\/\/eco-drinkware.com\/wp-content\/uploads\/2022\/11\/39_0.webp",1000,1000,false],"1536x1536":["https:\/\/eco-drinkware.com\/wp-content\/uploads\/2022\/11\/39_0.webp",1000,1000,false],"2048x2048":["https:\/\/eco-drinkware.com\/wp-content\/uploads\/2022\/11\/39_0.webp",1000,1000,false],"trp-custom-language-flag":["https:\/\/eco-drinkware.com\/wp-content\/uploads\/2022\/11\/39_0.webp",12,12,false],"woocommerce_thumbnail":["https:\/\/eco-drinkware.com\/wp-content\/uploads\/2022\/11\/39_0-300x300.webp",300,300,true],"woocommerce_single":["https:\/\/eco-drinkware.com\/wp-content\/uploads\/2022\/11\/39_0-600x600.webp",600,600,true],"woocommerce_gallery_thumbnail":["https:\/\/eco-drinkware.com\/wp-content\/uploads\/2022\/11\/39_0-100x100.webp",100,100,true]},"uagb_author_info":{"display_name":"Amy","author_link":"https:\/\/eco-drinkware.com\/de\/author\/"},"uagb_comment_info":0,"uagb_excerpt":"With 15 years bottle production experience ,have done OEM and ODM work for many famous brand all over the world . Main production line is tea infuser bottle ,coffee tumbler , thermos . Quality is our culture . Our mission is make the earth cleaner and better.","_links":{"self":[{"href":"https:\/\/eco-drinkware.com\/de\/wp-json\/wp\/v2\/product\/659","targetHints":{"allow":["GET"]}}],"collection":[{"href":"https:\/\/eco-drinkware.com\/de\/wp-json\/wp\/v2\/product"}],"about":[{"href":"https:\/\/eco-drinkware.com\/de\/wp-json\/wp\/v2\/types\/product"}],"wp:featuredmedia":[{"embeddable":true,"href":"https:\/\/eco-drinkware.com\/de\/wp-json\/wp\/v2\/media\/1241"}],"wp:attachment":[{"href":"https:\/\/eco-drinkware.com\/de\/wp-json\/wp\/v2\/media?parent=659"}],"wp:term":[{"taxonomy":"product_brand","embeddable":true,"href":"https:\/\/eco-drinkware.com\/de\/wp-json\/wp\/v2\/product_brand?post=659"},{"taxonomy":"product_cat","embeddable":true,"href":"https:\/\/eco-drinkware.com\/de\/wp-json\/wp\/v2\/product_cat?post=659"},{"taxonomy":"product_tag","embeddable":true,"href":"https:\/\/eco-drinkware.com\/de\/wp-json\/wp\/v2\/product_tag?post=659"}],"curies":[{"name":"wp","href":"https:\/\/api.w.org\/{rel}","templated":true}]}}