{"id":656,"date":"2022-11-03T16:19:13","date_gmt":"2022-11-03T16:19:13","guid":{"rendered":"https:\/\/eco-drinkware.com\/?post_type=product&#038;p=656"},"modified":"2022-11-25T08:55:30","modified_gmt":"2022-11-25T08:55:30","slug":"41-vorratige-doppelwandige-edelstahl-reise-vakuumflasche-thermoskanne-41","status":"publish","type":"product","link":"https:\/\/eco-drinkware.com\/de\/product\/41-vorratige-doppelwandige-edelstahl-reise-vakuumflasche-thermoskanne-41\/","title":{"rendered":"Vorr\u00e4tig Doppelwandige Thermoskanne aus Edelstahl f\u00fcr Reisen"},"content":{"rendered":"<p><strong>Thermosflasche Merkmale:<\/strong><\/p>\n\n\n\n<p><strong>Material:<\/strong>\u00a0Die Innenwand der Thermoskanne ist aus Edelstahl 304, die Au\u00dfenwand aus Edelstahl 201.<br><strong>Verschiedene Kappen:<\/strong>verschiedene Stil Kappen, Sport-Stil, B\u00fcro-Stil und einfachen Stil. Kappen mit Griff, ist es einfach, die Thermoskanne Wasser zu nehmen<br>Flasche mit, wenn Sie ausgehen. Die Thermosflasche mit Bambusdeckel ist am beliebtesten und umweltfreundlichsten.<br><strong>Gute Isolierung:<\/strong>Diese doppelwandige Thermosflasche aus Edelstahl ist sp\u00fclmaschinenfest, kann Wasser \u00fcber 12 Stunden hei\u00df und 24 Stunden lang kalt halten. Sehr gute Thermoskanne Option f\u00fcr Sommer und Winter.<br><strong>Kapazit\u00e4t:<\/strong>350ml, 500ml, 600ml, 750ml, 1000ml<\/p>\n\n\n\n<figure class=\"wp-block-image size-full\"><img loading=\"lazy\" decoding=\"async\" width=\"1000\" height=\"1000\" src=\"https:\/\/eco-drinkware.com\/wp-content\/uploads\/2022\/11\/41_0.webp\" alt=\"\" class=\"wp-image-1229\" srcset=\"https:\/\/eco-drinkware.com\/wp-content\/uploads\/2022\/11\/41_0.webp 1000w, https:\/\/eco-drinkware.com\/wp-content\/uploads\/2022\/11\/41_0-300x300.webp 300w, https:\/\/eco-drinkware.com\/wp-content\/uploads\/2022\/11\/41_0-150x150.webp 150w, https:\/\/eco-drinkware.com\/wp-content\/uploads\/2022\/11\/41_0-768x768.webp 768w, https:\/\/eco-drinkware.com\/wp-content\/uploads\/2022\/11\/41_0-600x600.webp 600w, https:\/\/eco-drinkware.com\/wp-content\/uploads\/2022\/11\/41_0-100x100.webp 100w\" sizes=\"auto, (max-width: 1000px) 100vw, 1000px\" \/><\/figure>\n\n\n\n<figure class=\"wp-block-image size-full\"><img loading=\"lazy\" decoding=\"async\" width=\"800\" height=\"800\" src=\"https:\/\/eco-drinkware.com\/wp-content\/uploads\/2022\/11\/2021-04-09-17-50-527.webp\" alt=\"\" class=\"wp-image-1230\" srcset=\"https:\/\/eco-drinkware.com\/wp-content\/uploads\/2022\/11\/2021-04-09-17-50-527.webp 800w, https:\/\/eco-drinkware.com\/wp-content\/uploads\/2022\/11\/2021-04-09-17-50-527-300x300.webp 300w, https:\/\/eco-drinkware.com\/wp-content\/uploads\/2022\/11\/2021-04-09-17-50-527-150x150.webp 150w, https:\/\/eco-drinkware.com\/wp-content\/uploads\/2022\/11\/2021-04-09-17-50-527-768x768.webp 768w, https:\/\/eco-drinkware.com\/wp-content\/uploads\/2022\/11\/2021-04-09-17-50-527-600x600.webp 600w, https:\/\/eco-drinkware.com\/wp-content\/uploads\/2022\/11\/2021-04-09-17-50-527-100x100.webp 100w\" sizes=\"auto, (max-width: 800px) 100vw, 800px\" \/><\/figure>\n\n\n\n<p><\/p>","protected":false},"excerpt":{"rendered":"<p>Fassungsverm\u00f6gen: 350ml, 500ml, 600ml, 750ml, 1000ml. Verschiedene Stil Kappen, Sport-Stil, B\u00fcro-Stil und einfachen Stil. Caps mit Griff, ist es einfach, die Thermosflasche mit Ihnen zu nehmen, wenn Sie ausgehen.<\/p>","protected":false},"featured_media":1229,"template":"","meta":{"_acf_changed":false,"_seopress_robots_primary_cat":"","_seopress_titles_title":"","_seopress_titles_desc":"","_seopress_robots_index":"","_uag_custom_page_level_css":""},"product_brand":[],"product_cat":[31,19],"product_tag":[],"class_list":{"0":"post-656","1":"product","2":"type-product","3":"status-publish","4":"has-post-thumbnail","6":"product_cat-sports-water-bottle","7":"product_cat-stainless-steel-water-bottle","9":"first","10":"instock","11":"shipping-taxable","12":"product-type-simple"},"acf":[],"uagb_featured_image_src":{"full":["https:\/\/eco-drinkware.com\/wp-content\/uploads\/2022\/11\/41_0.webp",1000,1000,false],"thumbnail":["https:\/\/eco-drinkware.com\/wp-content\/uploads\/2022\/11\/41_0-150x150.webp",150,150,true],"medium":["https:\/\/eco-drinkware.com\/wp-content\/uploads\/2022\/11\/41_0-300x300.webp",300,300,true],"medium_large":["https:\/\/eco-drinkware.com\/wp-content\/uploads\/2022\/11\/41_0-768x768.webp",768,768,true],"large":["https:\/\/eco-drinkware.com\/wp-content\/uploads\/2022\/11\/41_0.webp",1000,1000,false],"1536x1536":["https:\/\/eco-drinkware.com\/wp-content\/uploads\/2022\/11\/41_0.webp",1000,1000,false],"2048x2048":["https:\/\/eco-drinkware.com\/wp-content\/uploads\/2022\/11\/41_0.webp",1000,1000,false],"trp-custom-language-flag":["https:\/\/eco-drinkware.com\/wp-content\/uploads\/2022\/11\/41_0.webp",12,12,false],"woocommerce_thumbnail":["https:\/\/eco-drinkware.com\/wp-content\/uploads\/2022\/11\/41_0-300x300.webp",300,300,true],"woocommerce_single":["https:\/\/eco-drinkware.com\/wp-content\/uploads\/2022\/11\/41_0-600x600.webp",600,600,true],"woocommerce_gallery_thumbnail":["https:\/\/eco-drinkware.com\/wp-content\/uploads\/2022\/11\/41_0-100x100.webp",100,100,true]},"uagb_author_info":{"display_name":"Amy","author_link":"https:\/\/eco-drinkware.com\/de\/author\/"},"uagb_comment_info":0,"uagb_excerpt":"Capacity: 350ml, 500ml, 600ml, 750ml, 1000ml. Different style caps, sports style, office style and simple style. Caps with handle, it is easy to take the thermos water bottle with you when going out.","_links":{"self":[{"href":"https:\/\/eco-drinkware.com\/de\/wp-json\/wp\/v2\/product\/656","targetHints":{"allow":["GET"]}}],"collection":[{"href":"https:\/\/eco-drinkware.com\/de\/wp-json\/wp\/v2\/product"}],"about":[{"href":"https:\/\/eco-drinkware.com\/de\/wp-json\/wp\/v2\/types\/product"}],"wp:featuredmedia":[{"embeddable":true,"href":"https:\/\/eco-drinkware.com\/de\/wp-json\/wp\/v2\/media\/1229"}],"wp:attachment":[{"href":"https:\/\/eco-drinkware.com\/de\/wp-json\/wp\/v2\/media?parent=656"}],"wp:term":[{"taxonomy":"product_brand","embeddable":true,"href":"https:\/\/eco-drinkware.com\/de\/wp-json\/wp\/v2\/product_brand?post=656"},{"taxonomy":"product_cat","embeddable":true,"href":"https:\/\/eco-drinkware.com\/de\/wp-json\/wp\/v2\/product_cat?post=656"},{"taxonomy":"product_tag","embeddable":true,"href":"https:\/\/eco-drinkware.com\/de\/wp-json\/wp\/v2\/product_tag?post=656"}],"curies":[{"name":"wp","href":"https:\/\/api.w.org\/{rel}","templated":true}]}}