{"id":625,"date":"2022-11-03T16:14:07","date_gmt":"2022-11-03T16:14:07","guid":{"rendered":"https:\/\/eco-drinkware.com\/?post_type=product&#038;p=625"},"modified":"2022-11-25T08:55:34","modified_gmt":"2022-11-25T08:55:34","slug":"57-auf-lager-kein-minimum-umweltfreundliche-sport-edelstahl-wasserflasche-57","status":"publish","type":"product","link":"https:\/\/eco-drinkware.com\/de\/product\/57-auf-lager-kein-minimum-umweltfreundliche-sport-edelstahl-wasserflasche-57\/","title":{"rendered":"Vorr\u00e4tig Kein Minimum Umweltfreundliche Sportflasche aus Edelstahl"},"content":{"rendered":"<p>Wir sind f\u00fchrender Hersteller f\u00fcr Bambusdeckel-Vakuumflasche, Trinkwasserfilterflasche, Edelstahlbecher, doppelte Metallkappe Glaswasserflasche, Griffdeckel Glaswasserflasche, Bambus-Thermosflasche Flasche, Keramik-Teeflasche, Infusion Teeflasche, Edelstahl-Kaffeebecher, doppelwandiger Edelstahlbecher, Edelstahlbecher mit Strohhalm, Edelstahlbecher Gro\u00dfhandel, Edelstahl-Vakuumisolierbecher, Edelstahl-Vakuumisolierflasche, Kaffeebecher Gro\u00dfhandel, Reisewasser-Vakuumflasche Flasche, Edelstahl und Keramik Thermosbecher.\u00a0<\/p>\n\n\n\n<figure class=\"wp-block-image size-full\"><img loading=\"lazy\" decoding=\"async\" width=\"800\" height=\"800\" src=\"https:\/\/eco-drinkware.com\/wp-content\/uploads\/2022\/11\/57_3.webp\" alt=\"\" class=\"wp-image-1134\" srcset=\"https:\/\/eco-drinkware.com\/wp-content\/uploads\/2022\/11\/57_3.webp 800w, https:\/\/eco-drinkware.com\/wp-content\/uploads\/2022\/11\/57_3-300x300.webp 300w, https:\/\/eco-drinkware.com\/wp-content\/uploads\/2022\/11\/57_3-150x150.webp 150w, https:\/\/eco-drinkware.com\/wp-content\/uploads\/2022\/11\/57_3-768x768.webp 768w, https:\/\/eco-drinkware.com\/wp-content\/uploads\/2022\/11\/57_3-600x600.webp 600w, https:\/\/eco-drinkware.com\/wp-content\/uploads\/2022\/11\/57_3-100x100.webp 100w\" sizes=\"auto, (max-width: 800px) 100vw, 800px\" \/><\/figure>\n\n\n\n<figure class=\"wp-block-image size-full\"><img loading=\"lazy\" decoding=\"async\" width=\"800\" height=\"800\" src=\"https:\/\/eco-drinkware.com\/wp-content\/uploads\/2022\/11\/HTB1SG4cakOWBuNjSsppq6xPgpXaj.jpg_-2.webp\" alt=\"\" class=\"wp-image-1135\" srcset=\"https:\/\/eco-drinkware.com\/wp-content\/uploads\/2022\/11\/HTB1SG4cakOWBuNjSsppq6xPgpXaj.jpg_-2.webp 800w, https:\/\/eco-drinkware.com\/wp-content\/uploads\/2022\/11\/HTB1SG4cakOWBuNjSsppq6xPgpXaj.jpg_-2-300x300.webp 300w, https:\/\/eco-drinkware.com\/wp-content\/uploads\/2022\/11\/HTB1SG4cakOWBuNjSsppq6xPgpXaj.jpg_-2-150x150.webp 150w, https:\/\/eco-drinkware.com\/wp-content\/uploads\/2022\/11\/HTB1SG4cakOWBuNjSsppq6xPgpXaj.jpg_-2-768x768.webp 768w, https:\/\/eco-drinkware.com\/wp-content\/uploads\/2022\/11\/HTB1SG4cakOWBuNjSsppq6xPgpXaj.jpg_-2-600x600.webp 600w, https:\/\/eco-drinkware.com\/wp-content\/uploads\/2022\/11\/HTB1SG4cakOWBuNjSsppq6xPgpXaj.jpg_-2-100x100.webp 100w\" sizes=\"auto, (max-width: 800px) 100vw, 800px\" \/><\/figure>\n\n\n\n<figure class=\"wp-block-image size-full\"><img loading=\"lazy\" decoding=\"async\" width=\"800\" height=\"800\" src=\"https:\/\/eco-drinkware.com\/wp-content\/uploads\/2022\/11\/HTB1vxJ1nwDD8KJjy0Fdq6AjvXXah.jpg_-2.webp\" alt=\"\" class=\"wp-image-1136\" srcset=\"https:\/\/eco-drinkware.com\/wp-content\/uploads\/2022\/11\/HTB1vxJ1nwDD8KJjy0Fdq6AjvXXah.jpg_-2.webp 800w, https:\/\/eco-drinkware.com\/wp-content\/uploads\/2022\/11\/HTB1vxJ1nwDD8KJjy0Fdq6AjvXXah.jpg_-2-300x300.webp 300w, https:\/\/eco-drinkware.com\/wp-content\/uploads\/2022\/11\/HTB1vxJ1nwDD8KJjy0Fdq6AjvXXah.jpg_-2-150x150.webp 150w, https:\/\/eco-drinkware.com\/wp-content\/uploads\/2022\/11\/HTB1vxJ1nwDD8KJjy0Fdq6AjvXXah.jpg_-2-768x768.webp 768w, https:\/\/eco-drinkware.com\/wp-content\/uploads\/2022\/11\/HTB1vxJ1nwDD8KJjy0Fdq6AjvXXah.jpg_-2-600x600.webp 600w, https:\/\/eco-drinkware.com\/wp-content\/uploads\/2022\/11\/HTB1vxJ1nwDD8KJjy0Fdq6AjvXXah.jpg_-2-100x100.webp 100w\" sizes=\"auto, (max-width: 800px) 100vw, 800px\" \/><\/figure>\n\n\n\n<figure class=\"wp-block-image size-full\"><img loading=\"lazy\" decoding=\"async\" width=\"800\" height=\"800\" src=\"https:\/\/eco-drinkware.com\/wp-content\/uploads\/2022\/11\/HTB1UQFrnxrI8KJjy0Fpq6z5hVXaZ.jpg_.webp\" alt=\"\" class=\"wp-image-1137\" srcset=\"https:\/\/eco-drinkware.com\/wp-content\/uploads\/2022\/11\/HTB1UQFrnxrI8KJjy0Fpq6z5hVXaZ.jpg_.webp 800w, https:\/\/eco-drinkware.com\/wp-content\/uploads\/2022\/11\/HTB1UQFrnxrI8KJjy0Fpq6z5hVXaZ.jpg_-300x300.webp 300w, https:\/\/eco-drinkware.com\/wp-content\/uploads\/2022\/11\/HTB1UQFrnxrI8KJjy0Fpq6z5hVXaZ.jpg_-150x150.webp 150w, https:\/\/eco-drinkware.com\/wp-content\/uploads\/2022\/11\/HTB1UQFrnxrI8KJjy0Fpq6z5hVXaZ.jpg_-768x768.webp 768w, https:\/\/eco-drinkware.com\/wp-content\/uploads\/2022\/11\/HTB1UQFrnxrI8KJjy0Fpq6z5hVXaZ.jpg_-600x600.webp 600w, https:\/\/eco-drinkware.com\/wp-content\/uploads\/2022\/11\/HTB1UQFrnxrI8KJjy0Fpq6z5hVXaZ.jpg_-100x100.webp 100w\" sizes=\"auto, (max-width: 800px) 100vw, 800px\" \/><\/figure>\n\n\n\n<p><\/p>","protected":false},"excerpt":{"rendered":"<p>Mit 15 Jahren Erfahrung in der Flaschenproduktion haben wir OEM- und ODM-Arbeiten f\u00fcr viele ber\u00fchmte Marken in der ganzen Welt durchgef\u00fchrt. Hauptproduktionslinie ist Tee Infuser Flasche, Kaffee Becher, Thermoskanne. Qualit\u00e4t ist unsere Kultur. Unsere Mission ist es, die Erde sauberer und besser zu machen.<\/p>","protected":false},"featured_media":1141,"template":"","meta":{"_acf_changed":false,"_seopress_robots_primary_cat":"","_seopress_titles_title":"","_seopress_titles_desc":"","_seopress_robots_index":"","_uag_custom_page_level_css":""},"product_brand":[],"product_cat":[31,19],"product_tag":[],"class_list":{"0":"post-625","1":"product","2":"type-product","3":"status-publish","4":"has-post-thumbnail","6":"product_cat-sports-water-bottle","7":"product_cat-stainless-steel-water-bottle","9":"first","10":"instock","11":"shipping-taxable","12":"product-type-simple"},"acf":[],"uagb_featured_image_src":{"full":["https:\/\/eco-drinkware.com\/wp-content\/uploads\/2022\/11\/57_0.webp",800,800,false],"thumbnail":["https:\/\/eco-drinkware.com\/wp-content\/uploads\/2022\/11\/57_0-150x150.webp",150,150,true],"medium":["https:\/\/eco-drinkware.com\/wp-content\/uploads\/2022\/11\/57_0-300x300.webp",300,300,true],"medium_large":["https:\/\/eco-drinkware.com\/wp-content\/uploads\/2022\/11\/57_0-768x768.webp",768,768,true],"large":["https:\/\/eco-drinkware.com\/wp-content\/uploads\/2022\/11\/57_0.webp",800,800,false],"1536x1536":["https:\/\/eco-drinkware.com\/wp-content\/uploads\/2022\/11\/57_0.webp",800,800,false],"2048x2048":["https:\/\/eco-drinkware.com\/wp-content\/uploads\/2022\/11\/57_0.webp",800,800,false],"trp-custom-language-flag":["https:\/\/eco-drinkware.com\/wp-content\/uploads\/2022\/11\/57_0.webp",12,12,false],"woocommerce_thumbnail":["https:\/\/eco-drinkware.com\/wp-content\/uploads\/2022\/11\/57_0-300x300.webp",300,300,true],"woocommerce_single":["https:\/\/eco-drinkware.com\/wp-content\/uploads\/2022\/11\/57_0-600x600.webp",600,600,true],"woocommerce_gallery_thumbnail":["https:\/\/eco-drinkware.com\/wp-content\/uploads\/2022\/11\/57_0-100x100.webp",100,100,true]},"uagb_author_info":{"display_name":"Amy","author_link":"https:\/\/eco-drinkware.com\/de\/author\/"},"uagb_comment_info":0,"uagb_excerpt":"With 15 years bottle production experience ,have done OEM and ODM work for many famous brand all over the world . Main production line is tea infuser bottle ,coffee tumbler , thermos . Quality is our culture . Our mission is make the earth cleaner and better.","_links":{"self":[{"href":"https:\/\/eco-drinkware.com\/de\/wp-json\/wp\/v2\/product\/625","targetHints":{"allow":["GET"]}}],"collection":[{"href":"https:\/\/eco-drinkware.com\/de\/wp-json\/wp\/v2\/product"}],"about":[{"href":"https:\/\/eco-drinkware.com\/de\/wp-json\/wp\/v2\/types\/product"}],"wp:featuredmedia":[{"embeddable":true,"href":"https:\/\/eco-drinkware.com\/de\/wp-json\/wp\/v2\/media\/1141"}],"wp:attachment":[{"href":"https:\/\/eco-drinkware.com\/de\/wp-json\/wp\/v2\/media?parent=625"}],"wp:term":[{"taxonomy":"product_brand","embeddable":true,"href":"https:\/\/eco-drinkware.com\/de\/wp-json\/wp\/v2\/product_brand?post=625"},{"taxonomy":"product_cat","embeddable":true,"href":"https:\/\/eco-drinkware.com\/de\/wp-json\/wp\/v2\/product_cat?post=625"},{"taxonomy":"product_tag","embeddable":true,"href":"https:\/\/eco-drinkware.com\/de\/wp-json\/wp\/v2\/product_tag?post=625"}],"curies":[{"name":"wp","href":"https:\/\/api.w.org\/{rel}","templated":true}]}}