{"id":547,"date":"2022-11-03T15:59:45","date_gmt":"2022-11-03T15:59:45","guid":{"rendered":"https:\/\/eco-drinkware.com\/?post_type=product&#038;p=547"},"modified":"2022-11-04T09:29:45","modified_gmt":"2022-11-04T09:29:45","slug":"91-350ml12oz-doppelwandige-vakuumisolierte-kaffeeflasche-aus-edelstahl-91","status":"publish","type":"product","link":"https:\/\/eco-drinkware.com\/de\/product\/91-350ml12oz-doppelwandige-vakuumisolierte-kaffeeflasche-aus-edelstahl-91\/","title":{"rendered":"350ML\/12OZ Travel doppelwandige vakuumisolierte Kaffeeflasche aus Edelstahl"},"content":{"rendered":"<p><strong>Wasserflasche Metall Material:<\/strong>Diese Sport-Wasserflasche ist aus 304 Edelstahl und neue pp gemacht, das Material Kontakt Wasser ist sicher und Lebensmittelqualit\u00e4t. BPA frei und umweltfreundlich.<\/p>\n\n\n\n<p><strong>Isolierte Wasserflasche aus Edelstahl:<\/strong>Diese Wasserflasche aus Stahl ist eine doppelwandige Thermosflasche, die das Wasser lange Zeit hei\u00df und kalt h\u00e4lt. Thermische Isolierung Funktion macht die Flasche hei\u00df verkaufen das ganze Jahr. F\u00fcr den Sommer, ist diese Edelstahl-Wasserflasche f\u00fcr kalten Kaffee und Wasser verwendet. Im Winter ist die Thermosflasche aus rostfreiem Stahl f\u00fcr hei\u00dfe Fl\u00fcssigkeiten geeignet.<\/p>\n\n\n\n<p><strong>2 Gr\u00f6\u00dfen:<\/strong>Es gibt 2 Gr\u00f6\u00dfen f\u00fcr diese Edelstahl-Wasserflasche, 350ml und 500ml. Kleine Kapazit\u00e4t ist geeignet f\u00fcr Kinder und Jugendliche, gro\u00dfe Kapazit\u00e4t ist f\u00fcr Erwachsene.<\/p>\n\n\n\n<p><strong>Farbe und Personalisierung:<\/strong>Custom Logo und Farbe sind f\u00fcr diese Edelstahl-Wasserflasche zur Verf\u00fcgung. Beide Pantone und Lager Farben sind willkommen. Benutzerdefinierte Laser-Logo und Farbe Logo sind einfach zu machen.<\/p>\n\n\n\n<figure class=\"wp-block-image size-full\"><img loading=\"lazy\" decoding=\"async\" width=\"550\" height=\"550\" src=\"https:\/\/eco-drinkware.com\/wp-content\/uploads\/2022\/11\/2022-01-07-16-40-133.webp\" alt=\"\" class=\"wp-image-925\" srcset=\"https:\/\/eco-drinkware.com\/wp-content\/uploads\/2022\/11\/2022-01-07-16-40-133.webp 550w, https:\/\/eco-drinkware.com\/wp-content\/uploads\/2022\/11\/2022-01-07-16-40-133-300x300.webp 300w, https:\/\/eco-drinkware.com\/wp-content\/uploads\/2022\/11\/2022-01-07-16-40-133-150x150.webp 150w, https:\/\/eco-drinkware.com\/wp-content\/uploads\/2022\/11\/2022-01-07-16-40-133-100x100.webp 100w\" sizes=\"auto, (max-width: 550px) 100vw, 550px\" \/><\/figure>\n\n\n\n<figure class=\"wp-block-image size-full\"><img loading=\"lazy\" decoding=\"async\" width=\"550\" height=\"550\" src=\"https:\/\/eco-drinkware.com\/wp-content\/uploads\/2022\/11\/2022-01-07-16-40-518.webp\" alt=\"\" class=\"wp-image-926\" srcset=\"https:\/\/eco-drinkware.com\/wp-content\/uploads\/2022\/11\/2022-01-07-16-40-518.webp 550w, https:\/\/eco-drinkware.com\/wp-content\/uploads\/2022\/11\/2022-01-07-16-40-518-300x300.webp 300w, https:\/\/eco-drinkware.com\/wp-content\/uploads\/2022\/11\/2022-01-07-16-40-518-150x150.webp 150w, https:\/\/eco-drinkware.com\/wp-content\/uploads\/2022\/11\/2022-01-07-16-40-518-100x100.webp 100w\" sizes=\"auto, (max-width: 550px) 100vw, 550px\" \/><\/figure>","protected":false},"excerpt":{"rendered":"<p>Diese Stahlwasserflasche ist doppelwandig Thermoskanne Vakuumflasche, h\u00e4lt Wasser hei\u00df und kalt f\u00fcr lange Zeit. Beide Pantone und Lager Farben sind willkommen. Benutzerdefinierte Laser-Logo und Farbe Logo sind einfach zu machen.<\/p>","protected":false},"featured_media":927,"template":"","meta":{"_acf_changed":false,"_seopress_robots_primary_cat":"","_seopress_titles_title":"","_seopress_titles_desc":"","_seopress_robots_index":"","_uag_custom_page_level_css":""},"product_brand":[],"product_cat":[15],"product_tag":[],"class_list":{"0":"post-547","1":"product","2":"type-product","3":"status-publish","4":"has-post-thumbnail","6":"product_cat-drinkware-accessories","8":"first","9":"instock","10":"shipping-taxable","11":"product-type-simple"},"acf":[],"uagb_featured_image_src":{"full":["https:\/\/eco-drinkware.com\/wp-content\/uploads\/2022\/11\/91_0.webp",550,550,false],"thumbnail":["https:\/\/eco-drinkware.com\/wp-content\/uploads\/2022\/11\/91_0-150x150.webp",150,150,true],"medium":["https:\/\/eco-drinkware.com\/wp-content\/uploads\/2022\/11\/91_0-300x300.webp",300,300,true],"medium_large":["https:\/\/eco-drinkware.com\/wp-content\/uploads\/2022\/11\/91_0.webp",550,550,false],"large":["https:\/\/eco-drinkware.com\/wp-content\/uploads\/2022\/11\/91_0.webp",550,550,false],"1536x1536":["https:\/\/eco-drinkware.com\/wp-content\/uploads\/2022\/11\/91_0.webp",550,550,false],"2048x2048":["https:\/\/eco-drinkware.com\/wp-content\/uploads\/2022\/11\/91_0.webp",550,550,false],"trp-custom-language-flag":["https:\/\/eco-drinkware.com\/wp-content\/uploads\/2022\/11\/91_0.webp",12,12,false],"woocommerce_thumbnail":["https:\/\/eco-drinkware.com\/wp-content\/uploads\/2022\/11\/91_0-300x300.webp",300,300,true],"woocommerce_single":["https:\/\/eco-drinkware.com\/wp-content\/uploads\/2022\/11\/91_0.webp",550,550,false],"woocommerce_gallery_thumbnail":["https:\/\/eco-drinkware.com\/wp-content\/uploads\/2022\/11\/91_0-100x100.webp",100,100,true]},"uagb_author_info":{"display_name":"Amy","author_link":"https:\/\/eco-drinkware.com\/de\/author\/"},"uagb_comment_info":0,"uagb_excerpt":"This steel water bottle is double wall thermos vacuum flask, keeps water hot and cold for long time. Both pantone and stock colors are welcome. Custom laser logo and color logo are easy to make.","_links":{"self":[{"href":"https:\/\/eco-drinkware.com\/de\/wp-json\/wp\/v2\/product\/547","targetHints":{"allow":["GET"]}}],"collection":[{"href":"https:\/\/eco-drinkware.com\/de\/wp-json\/wp\/v2\/product"}],"about":[{"href":"https:\/\/eco-drinkware.com\/de\/wp-json\/wp\/v2\/types\/product"}],"wp:featuredmedia":[{"embeddable":true,"href":"https:\/\/eco-drinkware.com\/de\/wp-json\/wp\/v2\/media\/927"}],"wp:attachment":[{"href":"https:\/\/eco-drinkware.com\/de\/wp-json\/wp\/v2\/media?parent=547"}],"wp:term":[{"taxonomy":"product_brand","embeddable":true,"href":"https:\/\/eco-drinkware.com\/de\/wp-json\/wp\/v2\/product_brand?post=547"},{"taxonomy":"product_cat","embeddable":true,"href":"https:\/\/eco-drinkware.com\/de\/wp-json\/wp\/v2\/product_cat?post=547"},{"taxonomy":"product_tag","embeddable":true,"href":"https:\/\/eco-drinkware.com\/de\/wp-json\/wp\/v2\/product_tag?post=547"}],"curies":[{"name":"wp","href":"https:\/\/api.w.org\/{rel}","templated":true}]}}