{"id":501,"date":"2022-11-03T15:47:12","date_gmt":"2022-11-03T07:47:12","guid":{"rendered":"https:\/\/eco-drinkware.com\/?post_type=product&#038;p=501"},"modified":"2022-12-02T17:52:54","modified_gmt":"2022-12-02T09:52:54","slug":"111-550ml-einwandige-wein-borosilikatglas-wasserflasche-111","status":"publish","type":"product","link":"https:\/\/eco-drinkware.com\/de\/product\/111-550ml-einwandige-wein-borosilikatglas-wasserflasche-111\/","title":{"rendered":"550ml Single Wall Wein Borosilikatglas Wasserflasche"},"content":{"rendered":"<p><strong>Hoch Borosilikatglas:\u00a0<\/strong>Diese 500ml Single-Wall Wein Borosilikatglas Wasserflasche ist von hoher Borosilikatglas, die die meisten umweltfreundlichen Glasmaterial ist gemacht. Kein Geruch nach dem Trinken von Kaffee, Tee oder anderen.<\/p>\n\n\n\n<p><strong>Silikonh\u00fclse:\u00a0<\/strong>Hei\u00dfes und kaltes Wasser in der Glaswasserflasche, mit Silikonh\u00fclle zur Isolierung. Verschiedene Farben sind willkommen!<\/p>\n\n\n\n<p><strong>Strohhalm aus Glas:<\/strong>Das Stroh ist ebenfalls aus Glas, aber auch Plastik- und Bambusstroh sind willkommen.<strong><br>Bambus-Deckel:<\/strong>Der Deckel der Glas-Trinkflasche ist aus nat\u00fcrlichem Bambus, mit Silikonring, um ihn wasserdicht zu machen.<\/p>\n\n\n\n<figure class=\"wp-block-image size-full\"><img loading=\"lazy\" decoding=\"async\" width=\"750\" height=\"750\" src=\"https:\/\/eco-drinkware.com\/wp-content\/uploads\/2022\/11\/111_0.webp\" alt=\"\" class=\"wp-image-821\" srcset=\"https:\/\/eco-drinkware.com\/wp-content\/uploads\/2022\/11\/111_0.webp 750w, https:\/\/eco-drinkware.com\/wp-content\/uploads\/2022\/11\/111_0-300x300.webp 300w, https:\/\/eco-drinkware.com\/wp-content\/uploads\/2022\/11\/111_0-150x150.webp 150w, https:\/\/eco-drinkware.com\/wp-content\/uploads\/2022\/11\/111_0-600x600.webp 600w, https:\/\/eco-drinkware.com\/wp-content\/uploads\/2022\/11\/111_0-100x100.webp 100w\" sizes=\"auto, (max-width: 750px) 100vw, 750px\" \/><\/figure>\n\n\n\n<figure class=\"wp-block-image size-full\"><img loading=\"lazy\" decoding=\"async\" width=\"1000\" height=\"1000\" src=\"https:\/\/eco-drinkware.com\/wp-content\/uploads\/2022\/11\/111_1.webp\" alt=\"\" class=\"wp-image-822\" srcset=\"https:\/\/eco-drinkware.com\/wp-content\/uploads\/2022\/11\/111_1.webp 1000w, https:\/\/eco-drinkware.com\/wp-content\/uploads\/2022\/11\/111_1-300x300.webp 300w, https:\/\/eco-drinkware.com\/wp-content\/uploads\/2022\/11\/111_1-150x150.webp 150w, https:\/\/eco-drinkware.com\/wp-content\/uploads\/2022\/11\/111_1-768x768.webp 768w, https:\/\/eco-drinkware.com\/wp-content\/uploads\/2022\/11\/111_1-600x600.webp 600w, https:\/\/eco-drinkware.com\/wp-content\/uploads\/2022\/11\/111_1-100x100.webp 100w\" sizes=\"auto, (max-width: 1000px) 100vw, 1000px\" \/><\/figure>\n\n\n\n<figure class=\"wp-block-image size-full\"><img loading=\"lazy\" decoding=\"async\" width=\"1000\" height=\"1000\" src=\"https:\/\/eco-drinkware.com\/wp-content\/uploads\/2022\/11\/111_3.webp\" alt=\"\" class=\"wp-image-824\" srcset=\"https:\/\/eco-drinkware.com\/wp-content\/uploads\/2022\/11\/111_3.webp 1000w, https:\/\/eco-drinkware.com\/wp-content\/uploads\/2022\/11\/111_3-300x300.webp 300w, https:\/\/eco-drinkware.com\/wp-content\/uploads\/2022\/11\/111_3-150x150.webp 150w, https:\/\/eco-drinkware.com\/wp-content\/uploads\/2022\/11\/111_3-768x768.webp 768w, https:\/\/eco-drinkware.com\/wp-content\/uploads\/2022\/11\/111_3-600x600.webp 600w, https:\/\/eco-drinkware.com\/wp-content\/uploads\/2022\/11\/111_3-100x100.webp 100w\" sizes=\"auto, (max-width: 1000px) 100vw, 1000px\" \/><\/figure>","protected":false},"excerpt":{"rendered":"<p>Umweltfreundliche Glaswasserflasche, mit ziemlich sch\u00f6nem Aussehen, Kapazit\u00e4t ist 550ml. Verschiedene Farbe \u00c4rmel sind willkommen!<\/p>","protected":false},"featured_media":821,"template":"","meta":{"_acf_changed":false,"_seopress_robots_primary_cat":"","_seopress_titles_title":"","_seopress_titles_desc":"","_seopress_robots_index":"","_uag_custom_page_level_css":""},"product_brand":[],"product_cat":[34,21,43,42,25,22,35],"product_tag":[],"class_list":{"0":"post-501","1":"product","2":"type-product","3":"status-publish","4":"has-post-thumbnail","6":"product_cat-bamboo-tumbler","7":"product_cat-bamboo-water-bottle","8":"product_cat-glass-mugs","9":"product_cat-glass-tumbler","10":"product_cat-glass-tumbler-mugs","11":"product_cat-glass-water-bottle","12":"product_cat-single-wall-gass-bottle","14":"first","15":"instock","16":"shipping-taxable","17":"product-type-simple"},"acf":[],"uagb_featured_image_src":{"full":["https:\/\/eco-drinkware.com\/wp-content\/uploads\/2022\/11\/111_0.webp",750,750,false],"thumbnail":["https:\/\/eco-drinkware.com\/wp-content\/uploads\/2022\/11\/111_0-150x150.webp",150,150,true],"medium":["https:\/\/eco-drinkware.com\/wp-content\/uploads\/2022\/11\/111_0-300x300.webp",300,300,true],"medium_large":["https:\/\/eco-drinkware.com\/wp-content\/uploads\/2022\/11\/111_0.webp",750,750,false],"large":["https:\/\/eco-drinkware.com\/wp-content\/uploads\/2022\/11\/111_0.webp",750,750,false],"1536x1536":["https:\/\/eco-drinkware.com\/wp-content\/uploads\/2022\/11\/111_0.webp",750,750,false],"2048x2048":["https:\/\/eco-drinkware.com\/wp-content\/uploads\/2022\/11\/111_0.webp",750,750,false],"trp-custom-language-flag":["https:\/\/eco-drinkware.com\/wp-content\/uploads\/2022\/11\/111_0.webp",12,12,false],"woocommerce_thumbnail":["https:\/\/eco-drinkware.com\/wp-content\/uploads\/2022\/11\/111_0-300x300.webp",300,300,true],"woocommerce_single":["https:\/\/eco-drinkware.com\/wp-content\/uploads\/2022\/11\/111_0-600x600.webp",600,600,true],"woocommerce_gallery_thumbnail":["https:\/\/eco-drinkware.com\/wp-content\/uploads\/2022\/11\/111_0-100x100.webp",100,100,true]},"uagb_author_info":{"display_name":"Amy","author_link":"https:\/\/eco-drinkware.com\/de\/author\/"},"uagb_comment_info":0,"uagb_excerpt":"Eco friendly glass water bottle, with pretty nice look, capacity is 550ml. Different color sleeves are welcome!","_links":{"self":[{"href":"https:\/\/eco-drinkware.com\/de\/wp-json\/wp\/v2\/product\/501","targetHints":{"allow":["GET"]}}],"collection":[{"href":"https:\/\/eco-drinkware.com\/de\/wp-json\/wp\/v2\/product"}],"about":[{"href":"https:\/\/eco-drinkware.com\/de\/wp-json\/wp\/v2\/types\/product"}],"wp:featuredmedia":[{"embeddable":true,"href":"https:\/\/eco-drinkware.com\/de\/wp-json\/wp\/v2\/media\/821"}],"wp:attachment":[{"href":"https:\/\/eco-drinkware.com\/de\/wp-json\/wp\/v2\/media?parent=501"}],"wp:term":[{"taxonomy":"product_brand","embeddable":true,"href":"https:\/\/eco-drinkware.com\/de\/wp-json\/wp\/v2\/product_brand?post=501"},{"taxonomy":"product_cat","embeddable":true,"href":"https:\/\/eco-drinkware.com\/de\/wp-json\/wp\/v2\/product_cat?post=501"},{"taxonomy":"product_tag","embeddable":true,"href":"https:\/\/eco-drinkware.com\/de\/wp-json\/wp\/v2\/product_tag?post=501"}],"curies":[{"name":"wp","href":"https:\/\/api.w.org\/{rel}","templated":true}]}}