{"id":381,"date":"2022-11-03T09:22:32","date_gmt":"2022-11-03T09:22:32","guid":{"rendered":"https:\/\/eco-drinkware.com\/?post_type=product&#038;p=381"},"modified":"2022-11-04T03:44:57","modified_gmt":"2022-11-04T03:44:57","slug":"120-doppelwandige-yerba-mate-teetasse-und-strohhalm-aus-edelstahl-120","status":"publish","type":"product","link":"https:\/\/eco-drinkware.com\/de\/product\/120-doppelwandige-yerba-mate-teetasse-und-strohhalm-aus-edelstahl-120\/","title":{"rendered":"Doppelwandige Yerba Custom Mate Teetasse aus Edelstahl mit Strohhalm"},"content":{"rendered":"<p><strong>Kalebassenf\u00f6rmiges, k\u00fcrbisf\u00f6rmiges Design:<\/strong>Unsere Edelstahl Yerba Mate K\u00fcrbis Tee Cup kommt mit einem Strohhalm und Stroh Reinigung B\u00fcrste. Form dieser Yerba Mate Cup ist sehr einzigartig und besonders, Kalebasse \/ K\u00fcrbis Form, gut f\u00fcr die Aufnahme von Bildern.<br><br><strong>Doppelwandig:<\/strong>Diese doppelwandige Mate-Tasse eignet sich sowohl f\u00fcr hei\u00dfen als auch f\u00fcr kalten Tee, man kann sie direkt anfassen und in der Hand halten. Sie k\u00f6nnen auch diese Yerba Mate Tea Cup mit Kaffee oder einem anderen hei\u00dfen oder kalten Getr\u00e4nk verwenden.<br><br><strong>Leicht zu reinigen:<\/strong>Dieses Yerba Mate Tea Gourd Cup Set ist sehr einfach zu benutzen und zu reinigen. Hergestellt aus lebensmittelechtem Edelstahl, ist diese Yerba Mate Tasse sp\u00fclmaschinenfest und umweltfreundlich, kein Plastik!<br><br><strong>Farbe und Personalisierung:<\/strong>Wir haben einige Lagerfarben f\u00fcr diese Yerba Mate Cup, benutzerdefinierte Farbe und Logo sind ebenfalls willkommen.<\/p>\n\n\n\n<figure class=\"wp-block-image size-full\"><img loading=\"lazy\" decoding=\"async\" width=\"1000\" height=\"1000\" src=\"https:\/\/eco-drinkware.com\/wp-content\/uploads\/2022\/11\/2021-06-24-17-29-089.webp\" alt=\"\" class=\"wp-image-772\" srcset=\"https:\/\/eco-drinkware.com\/wp-content\/uploads\/2022\/11\/2021-06-24-17-29-089.webp 1000w, https:\/\/eco-drinkware.com\/wp-content\/uploads\/2022\/11\/2021-06-24-17-29-089-300x300.webp 300w, https:\/\/eco-drinkware.com\/wp-content\/uploads\/2022\/11\/2021-06-24-17-29-089-150x150.webp 150w, https:\/\/eco-drinkware.com\/wp-content\/uploads\/2022\/11\/2021-06-24-17-29-089-768x768.webp 768w, https:\/\/eco-drinkware.com\/wp-content\/uploads\/2022\/11\/2021-06-24-17-29-089-600x600.webp 600w, https:\/\/eco-drinkware.com\/wp-content\/uploads\/2022\/11\/2021-06-24-17-29-089-100x100.webp 100w\" sizes=\"auto, (max-width: 1000px) 100vw, 1000px\" \/><\/figure>\n\n\n\n<figure class=\"wp-block-image size-full\"><img loading=\"lazy\" decoding=\"async\" width=\"1000\" height=\"1000\" src=\"https:\/\/eco-drinkware.com\/wp-content\/uploads\/2022\/11\/2021-06-24-17-29-535.webp\" alt=\"\" class=\"wp-image-773\" srcset=\"https:\/\/eco-drinkware.com\/wp-content\/uploads\/2022\/11\/2021-06-24-17-29-535.webp 1000w, https:\/\/eco-drinkware.com\/wp-content\/uploads\/2022\/11\/2021-06-24-17-29-535-300x300.webp 300w, https:\/\/eco-drinkware.com\/wp-content\/uploads\/2022\/11\/2021-06-24-17-29-535-150x150.webp 150w, https:\/\/eco-drinkware.com\/wp-content\/uploads\/2022\/11\/2021-06-24-17-29-535-768x768.webp 768w, https:\/\/eco-drinkware.com\/wp-content\/uploads\/2022\/11\/2021-06-24-17-29-535-600x600.webp 600w, https:\/\/eco-drinkware.com\/wp-content\/uploads\/2022\/11\/2021-06-24-17-29-535-100x100.webp 100w\" sizes=\"auto, (max-width: 1000px) 100vw, 1000px\" \/><\/figure>\n\n\n\n<figure class=\"wp-block-image size-full\"><img loading=\"lazy\" decoding=\"async\" width=\"1000\" height=\"1000\" src=\"https:\/\/eco-drinkware.com\/wp-content\/uploads\/2022\/11\/2021-06-24-17-30-345.webp\" alt=\"\" class=\"wp-image-766\" srcset=\"https:\/\/eco-drinkware.com\/wp-content\/uploads\/2022\/11\/2021-06-24-17-30-345.webp 1000w, https:\/\/eco-drinkware.com\/wp-content\/uploads\/2022\/11\/2021-06-24-17-30-345-300x300.webp 300w, https:\/\/eco-drinkware.com\/wp-content\/uploads\/2022\/11\/2021-06-24-17-30-345-150x150.webp 150w, https:\/\/eco-drinkware.com\/wp-content\/uploads\/2022\/11\/2021-06-24-17-30-345-768x768.webp 768w, https:\/\/eco-drinkware.com\/wp-content\/uploads\/2022\/11\/2021-06-24-17-30-345-600x600.webp 600w, https:\/\/eco-drinkware.com\/wp-content\/uploads\/2022\/11\/2021-06-24-17-30-345-100x100.webp 100w\" sizes=\"auto, (max-width: 1000px) 100vw, 1000px\" \/><\/figure>\n\n\n\n<figure class=\"wp-block-image size-full\"><img loading=\"lazy\" decoding=\"async\" width=\"1000\" height=\"1000\" src=\"https:\/\/eco-drinkware.com\/wp-content\/uploads\/2022\/11\/2021-06-24-17-31-030.webp\" alt=\"\" class=\"wp-image-767\" srcset=\"https:\/\/eco-drinkware.com\/wp-content\/uploads\/2022\/11\/2021-06-24-17-31-030.webp 1000w, https:\/\/eco-drinkware.com\/wp-content\/uploads\/2022\/11\/2021-06-24-17-31-030-300x300.webp 300w, https:\/\/eco-drinkware.com\/wp-content\/uploads\/2022\/11\/2021-06-24-17-31-030-150x150.webp 150w, https:\/\/eco-drinkware.com\/wp-content\/uploads\/2022\/11\/2021-06-24-17-31-030-768x768.webp 768w, https:\/\/eco-drinkware.com\/wp-content\/uploads\/2022\/11\/2021-06-24-17-31-030-600x600.webp 600w, https:\/\/eco-drinkware.com\/wp-content\/uploads\/2022\/11\/2021-06-24-17-31-030-100x100.webp 100w\" sizes=\"auto, (max-width: 1000px) 100vw, 1000px\" \/><\/figure>","protected":false},"excerpt":{"rendered":"<p>Fassungsverm\u00f6gen: 220ml. Einige Lagerfarben f\u00fcr Sie w\u00e4hlen. Leicht zu tun, benutzerdefinierte Logo. Kommen Sie mit Stroh und Stroh B\u00fcrste.<\/p>","protected":false},"featured_media":768,"template":"","meta":{"_acf_changed":false,"_seopress_robots_primary_cat":"","_seopress_titles_title":"","_seopress_titles_desc":"","_seopress_robots_index":"","_uag_custom_page_level_css":""},"product_brand":[],"product_cat":[15],"product_tag":[],"class_list":{"0":"post-381","1":"product","2":"type-product","3":"status-publish","4":"has-post-thumbnail","6":"product_cat-drinkware-accessories","8":"first","9":"instock","10":"shipping-taxable","11":"product-type-simple"},"acf":[],"uagb_featured_image_src":{"full":["https:\/\/eco-drinkware.com\/wp-content\/uploads\/2022\/11\/120_0.webp",500,500,false],"thumbnail":["https:\/\/eco-drinkware.com\/wp-content\/uploads\/2022\/11\/120_0-150x150.webp",150,150,true],"medium":["https:\/\/eco-drinkware.com\/wp-content\/uploads\/2022\/11\/120_0-300x300.webp",300,300,true],"medium_large":["https:\/\/eco-drinkware.com\/wp-content\/uploads\/2022\/11\/120_0.webp",500,500,false],"large":["https:\/\/eco-drinkware.com\/wp-content\/uploads\/2022\/11\/120_0.webp",500,500,false],"1536x1536":["https:\/\/eco-drinkware.com\/wp-content\/uploads\/2022\/11\/120_0.webp",500,500,false],"2048x2048":["https:\/\/eco-drinkware.com\/wp-content\/uploads\/2022\/11\/120_0.webp",500,500,false],"trp-custom-language-flag":["https:\/\/eco-drinkware.com\/wp-content\/uploads\/2022\/11\/120_0.webp",12,12,false],"woocommerce_thumbnail":["https:\/\/eco-drinkware.com\/wp-content\/uploads\/2022\/11\/120_0-300x300.webp",300,300,true],"woocommerce_single":["https:\/\/eco-drinkware.com\/wp-content\/uploads\/2022\/11\/120_0.webp",500,500,false],"woocommerce_gallery_thumbnail":["https:\/\/eco-drinkware.com\/wp-content\/uploads\/2022\/11\/120_0-100x100.webp",100,100,true]},"uagb_author_info":{"display_name":"Amy","author_link":"https:\/\/eco-drinkware.com\/de\/author\/"},"uagb_comment_info":0,"uagb_excerpt":"Capacity: 220ml. Some stock colors for you choose. Easy to do custom logo. Come with straw and straw brush.","_links":{"self":[{"href":"https:\/\/eco-drinkware.com\/de\/wp-json\/wp\/v2\/product\/381","targetHints":{"allow":["GET"]}}],"collection":[{"href":"https:\/\/eco-drinkware.com\/de\/wp-json\/wp\/v2\/product"}],"about":[{"href":"https:\/\/eco-drinkware.com\/de\/wp-json\/wp\/v2\/types\/product"}],"wp:featuredmedia":[{"embeddable":true,"href":"https:\/\/eco-drinkware.com\/de\/wp-json\/wp\/v2\/media\/768"}],"wp:attachment":[{"href":"https:\/\/eco-drinkware.com\/de\/wp-json\/wp\/v2\/media?parent=381"}],"wp:term":[{"taxonomy":"product_brand","embeddable":true,"href":"https:\/\/eco-drinkware.com\/de\/wp-json\/wp\/v2\/product_brand?post=381"},{"taxonomy":"product_cat","embeddable":true,"href":"https:\/\/eco-drinkware.com\/de\/wp-json\/wp\/v2\/product_cat?post=381"},{"taxonomy":"product_tag","embeddable":true,"href":"https:\/\/eco-drinkware.com\/de\/wp-json\/wp\/v2\/product_tag?post=381"}],"curies":[{"name":"wp","href":"https:\/\/api.w.org\/{rel}","templated":true}]}}