{"id":3172,"date":"2025-08-28T14:27:42","date_gmt":"2025-08-28T06:27:42","guid":{"rendered":"https:\/\/eco-drinkware.com\/?post_type=product&#038;p=3172"},"modified":"2025-08-29T15:30:00","modified_gmt":"2025-08-29T07:30:00","slug":"personalisierte-12-oz-20-oz-30-oz-sublimation-becher-rohlinge-groshandel","status":"publish","type":"product","link":"https:\/\/eco-drinkware.com\/de\/product\/personalisierte-12-oz-20-oz-30-oz-sublimation-becher-rohlinge-groshandel\/","title":{"rendered":"Personalisierte 12 oz 20 oz 30 oz Sublimation Becher Rohlinge Gro\u00dfhandel"},"content":{"rendered":"<h2 class=\"wp-block-heading\">12 oz 20 oz 30 oz Skinny Becher Abmessungen f\u00fcr Sublimation<\/h2>\n\n\n\n<p>Sublimationsbecher werden vor allem f\u00fcr die individuelle Gestaltung von Mustern und Logos verwendet, so dass sie schnell und in kleinen St\u00fcckzahlen hergestellt werden k\u00f6nnen. Sie bestehen aus Edelstahl 304, sind umweltfreundlich und sicher f\u00fcr den K\u00f6rper. Das Sublimationsverfahren erfreut sich zunehmender Beliebtheit und ist die beste Wahl f\u00fcr Unternehmen und Bildungseinrichtungen, um individuelle Geschenke zu gestalten.<\/p>\n\n\n\n<p><strong>Wesentliche Merkmale:<\/strong><\/p>\n\n\n\n<p>\ud83d\udca7&nbsp;<strong>Verschiedene Gr\u00f6\u00dfenoptionen<\/strong>&nbsp;- 12oz\/350ml, 20oz\/600ml, 30oz\/900ml size.Suit f\u00fcr verschiedene Altersgruppen Menschen. 350ml ist gut f\u00fcr Kinder. 20 Unzen und 30 Unzen sind perfekt f\u00fcr Erwachsene.<\/p>\n\n\n\n<p>\ud83c\udf21\ufe0f&nbsp;<strong>Doppelwandige Vakuum-Isolierung<\/strong>&nbsp;- Sorgt daf\u00fcr, dass Getr\u00e4nke bis zu 12 Stunden lang hei\u00df oder bis zu 24 Stunden lang kalt bleiben, und bietet eine hervorragende Temperaturerhaltung. Perfekt, um Getr\u00e4nke den ganzen Tag \u00fcber hei\u00df oder kalt zu halten, und damit eine praktische Wahl f\u00fcr B\u00fcros, Veranstaltungen oder den Einzelhandel. Perfekt f\u00fcr Eistee, Kaffee, Saft oder jede andere Fl\u00fcssigkeit.<\/p>\n\n\n\n<p>\ud83c\udf43&nbsp;<strong>Umweltfreundlich und langlebig:<\/strong>&nbsp;Dieser Becher ist aus hochwertigem, BPA-freiem Edelstahl gefertigt und f\u00fcr eine lange Lebensdauer ausgelegt. Alle Materialien sind lebensmittelecht. Verzichten Sie auf Einwegbecher und reduzieren Sie Abfall mit einer wiederverwendbaren, umweltbewussten Wahl.<\/p>\n\n\n\n<p>\ud83c\udfa8&nbsp;<strong>Vollst\u00e4ndig anpassbar<\/strong> <strong>durch Sublimation<\/strong>&nbsp;- Mit speziellen Sublimation beschichtet Finishing.  Diese Sublimation Becher Rohlinge ist bereit f\u00fcr Sublimation Druck von Becher W\u00e4rmepresse Maschine oder Sublimation Ofen, die Druckfarbe kommen hell nicht foggy.easy, um benutzerdefinierte gedruckte Flasche f\u00fcr Ihre Freunde oder Kunden zu machen.No brauchen keine speziellen Werkzeuge. Der einfachste Weg, um helle und bunte benutzerdefinierte Becher zu machen.<\/p>\n\n\n\n<p><strong>V\u00f6llig gerade<\/strong>Unsere Sublimation skinny Becher ist v\u00f6llig gerade nicht verj\u00fcngt, die leicht zu machen, die volle Verpackung Sublimation Druck von Becher Becher Presse Maschine oder Sublimation Ofen.<\/p>\n\n\n\n<p><strong>Premium-Edelstahlkonstruktion<\/strong>&nbsp;- Hergestellt aus hochwertigem, lebensmittelechtem Edelstahl, der rostfrei und BPA-frei ist und f\u00fcr eine lange Nutzungsdauer ausgelegt ist. Sehr haltbares Material und Design. <\/p>\n\n\n\n<p><strong>&nbsp;B2B-freundliche Anpassung<\/strong> - Min. Bestellung <strong>50+ Einheiten<\/strong> um mit Ihrem Gesch\u00e4ft anzufangen. Wenn Sie kleine Mengen an Flaschen oder Bechern f\u00fcr Ihre Kunden oder Mitarbeiter kaufen m\u00f6chten. Es ist die beste Wahl.<\/p>\n\n\n\n<p><strong>Warum Sie es lieben werden:<\/strong><\/p>\n\n\n\n<h3 class=\"wp-block-heading\"><strong>Warum sollten Sie unsere leeren Edelstahl-Sublimationsbecher f\u00fcr Gro\u00dfbestellungen w\u00e4hlen?<\/strong><\/h3>\n\n\n\n<p>\u2728\u00a0<strong>Anpassungsoptionen<\/strong>\u00a0- Als zuverl\u00e4ssiger Lieferant bieten wir eine breite Palette von Anpassungsm\u00f6glichkeiten, einschlie\u00dflich der Platzierung des Logos, der Farbauswahl und der individuellen Verpackung.<br>\u2728\u00a0<strong>Direkte Preisgestaltung ab Werk<\/strong>\u00a0- Profitieren Sie von wettbewerbsf\u00e4higen Preisen f\u00fcr Gro\u00dfauftr\u00e4ge, die Kosteneffizienz ohne Qualit\u00e4tseinbu\u00dfen gew\u00e4hrleisten.<br>\u2728\u00a0<strong>Langlebig &amp; Zuverl\u00e4ssig<\/strong>\u00a0- Unsere Becher sind f\u00fcr den t\u00e4glichen Gebrauch gebaut und eignen sich perfekt f\u00fcr Firmengeschenke, Werbeveranstaltungen oder den Einzelhandel. Eco Drinkware bietet einen guten Kundendienst f\u00fcr unsere Sublimationsflaschen.<br>\u2728\u00a0<strong>Schneller Turnaround<\/strong>\u00a0- Unser Werk ist so ausgestattet, dass es Gro\u00dfauftr\u00e4ge mit effizienter Produktion und p\u00fcnktlicher Lieferung abwickeln kann. Vor allem, dass wir Roboter in der Produktion verwenden, die Produktion viel schneller jetzt gemacht. Es gibt 200 Arbeiter und 10 Produktionslinien arbeiten jeden Tag f\u00fcr unsere Kunden.<br>\u2728\u00a0<strong>Umweltfreundlich &amp; wiederverwendbar<\/strong>\u00a0- F\u00f6rdern Sie die Nachhaltigkeit mit einem wiederverwendbaren Becher, der Abfall reduziert und mit umweltbewussten Werten in Einklang steht. Immer mehr Kunden entscheiden sich f\u00fcr Isolierflaschen aus Edelstahl als Ersatz f\u00fcr Plastikflaschen.                                                          \u2728<strong>Globale Zustellung<\/strong>\u00a0- Wir bieten allen Kunden eine weltweite Lieferung an. Auch bieten DDP Versand in viele L\u00e4nder. Es helfen Kunden, Geld zu sparen.                                                                                      \u2728<strong>Zuverl\u00e4ssiger Lieferant<\/strong>\u00a0- Eco Drinkware arbeitet seit 10 Jahren in diesem Bereich. Mit erfahrenen Technologie-Team und Vertriebsperson, um alle neuen Projekt gut zu arbeiten. Es ist ratsam, mit professionellen Lieferanten zu arbeiten, um Geld und Zeit zu sparen. Vertrauen Sie darauf, dass Sie eine gute Kauferfahrung haben werden.<\/p>\n\n\n\n<hr class=\"wp-block-separator has-alpha-channel-opacity\"\/>\n\n\n\n<h3 class=\"wp-block-heading\">Sublimationsbecher ist <strong>Perfekt f\u00fcr:<\/strong><\/h3>\n\n\n\n<ul class=\"wp-block-list\">\n<li><strong>Firmengeschenke<\/strong>&nbsp;- Beeindrucken Sie Ihre Kunden oder belohnen Sie Ihre Mitarbeiter mit einer hochwertigen, gebrandeten Sublimationsflasche.<\/li>\n\n\n\n<li><strong>Werbeveranstaltungen<\/strong>&nbsp;- Steigern Sie die Sichtbarkeit Ihrer Marke mit einem praktischen und stilvollen Werbegeschenk.<\/li>\n\n\n\n<li><strong>Einzelhandelsverk\u00e4ufe<\/strong>&nbsp;- Decken Sie sich mit anpassbaren, einzigartigen und speziellen Sublimationsbechern ein, die ein breites Publikum ansprechen. Und bieten Sie personalisierten Service f\u00fcr Kunden.<\/li>\n\n\n\n<li><strong>Benefizveranstaltungen &amp; Werbegeschenke<\/strong>&nbsp;- Bieten Sie ein funktionelles und einpr\u00e4gsames Produkt an, das die Unterst\u00fctzer lieben werden.<\/li>\n\n\n\n<li><strong>Kundenspezifisches Studio\/Personalisiertes Studio<\/strong>-Angebot eines sehr pers\u00f6nlichen Service f\u00fcr den Endkunden.<\/li>\n\n\n\n<li><strong>Imorter<\/strong>- Die professionellen Importkapazit\u00e4ten und die Lagerkapazit\u00e4ten der Importeure k\u00f6nnen dazu beitragen, die Kosten f\u00fcr Sublimationsbecher zu senken, so dass sie lokale Kleinh\u00e4ndler bedienen k\u00f6nnen.<\/li>\n<\/ul>\n\n\n\n<hr class=\"wp-block-separator has-alpha-channel-opacity\"\/>\n\n\n\n<p><strong>Heute bestellen!<\/strong><br>Als f\u00fchrender Anbieter von Sublimationsbechern sind wir darauf spezialisiert, Unternehmen bei der Herstellung personalisierter Produkte zu unterst\u00fctzen, die einen bleibenden Eindruck hinterlassen. Ob Sie nun 100 oder 10.000 St\u00fcck ben\u00f6tigen, unser Werk ist bereit, Ihre Anforderungen mit erstklassiger Qualit\u00e4t und au\u00dfergew\u00f6hnlichem Service zu erf\u00fcllen.<\/p>\n\n\n\n<p><strong>Kontaktieren Sie uns jetzt f\u00fcr ein individuelles Angebot und erh\u00f6hen Sie Ihr Branding mit unserem 20 oz skinny Becher Dimensionen f\u00fcr sublimationz Custom Edelstahlflasche!<\/strong><\/p>\n\n\n\n<div class=\"wp-block-uagb-image uagb-block-86cd3ece wp-block-uagb-image--layout-default wp-block-uagb-image--effect-static wp-block-uagb-image--align-none\"><figure class=\"wp-block-uagb-image__figure\"><img decoding=\"async\" srcset=\"https:\/\/eco-drinkware.com\/wp-content\/uploads\/2025\/08\/colorful-floral-tumblers.webp ,https:\/\/eco-drinkware.com\/wp-content\/uploads\/2025\/08\/colorful-floral-tumblers.webp 780w, https:\/\/eco-drinkware.com\/wp-content\/uploads\/2025\/08\/colorful-floral-tumblers.webp 360w\" sizes=\"auto, (max-width: 480px) 150px\" src=\"https:\/\/eco-drinkware.com\/wp-content\/uploads\/2025\/08\/colorful-floral-tumblers.webp\" alt=\"Vier Edelstahl 20oz Sublimation Becher, zwei schlicht wei\u00df und zwei mit bunten Blumenmustern, zusammen mit Zubeh\u00f6r wie Stroh B\u00fcrsten und Deckel.\" class=\"uag-image-3169\" width=\"800\" height=\"800\" title=\"20oz Sublimation Becher\" loading=\"lazy\" role=\"img\"\/><\/figure><\/div>\n\n\n\n<figure class=\"wp-block-table\"><table class=\"has-fixed-layout\"><tbody><tr><td>Artikel-Nummer<\/td><td>GV062<\/td><\/tr><tr><td>Kapazit\u00e4t<\/td><td>12oz\/350ml, 20oz\/600ml, 30oz\/900ml<\/td><\/tr><tr><td>Isoliert<\/td><td>Ja&nbsp;&nbsp;&nbsp;&nbsp;&nbsp;&nbsp;&nbsp;&nbsp;&nbsp;&nbsp;&nbsp;&nbsp;&nbsp;<\/td><\/tr><tr><td>Besondere Beschichtung<\/td><td>Sublimationsbeschichtung<\/td><\/tr><tr><td>Farbe<\/td><td>Rot, Silber, Gr\u00fcn, Blau, Wei\u00df, Schwarz, Ros\u00e9gold, kundenspezifische Farbe, Pantone-Farbe<\/td><\/tr><tr><td>Material<\/td><td>304 Edelstahl innen und 201 Edelstahl au\u00dfen, neuer PP-Kunststoffdeckel, Silikondichtungsring<\/td><\/tr><tr><td>Merkmal<\/td><td>Doppelwandige Vakuumflasche, gro\u00dfes Fassungsverm\u00f6gen, kundenspezifisches Design<\/td><\/tr><tr><td>MOQ<\/td><td>50 St\u00fcck<\/td><\/tr><tr><td>Logo<\/td><td>Laser, Seidendruck, W\u00e4rme\u00fcbertragung, Wasser\u00fcbertragung, Gas\u00fcbertragung, 3D-Druck, Sublimation, etc.<\/td><\/tr><tr><td>Paket<\/td><td>wei\u00dfe Schachtel, individuell bedruckte Schachtel, Zylinderschachtel, Luftpolstertasche, Geschenkschachtel<\/td><\/tr><tr><td>Probezeit<\/td><td>3 Tage f\u00fcr Standardmuster, 7 Tage f\u00fcr individuelle Logomuster<\/td><\/tr><tr><td>Produktionszeit<\/td><td>10-35 Tage je nach Menge und Anforderungen<\/td><\/tr><tr><td>\u00dcber die Bezahlung<\/td><td>\u00dcberweisung, Paypal, Western Union, Handelsversicherung<\/td><\/tr><tr><td>Herkunftsland<\/td><td>Hergestellt in China<\/td><\/tr><tr><td>Herkunft der Bescheinigung<\/td><td>Ja, wir k\u00f6nnen anbieten<\/td><\/tr><tr><td>Neue Form Flasche<\/td><td>Ja, wir haben ein neues Formenentwicklungsteam<\/td><\/tr><tr><td>Bedingungen<\/td><td>EXW,FOB,CIF, DDU, DDP<\/td><\/tr><\/tbody><\/table><\/figure>","protected":false},"excerpt":{"rendered":"<h3><strong>Premium Custom Sublimation Becher Rohlinge Gro\u00dfhandel<\/strong><\/h3>\n<ul>\n<li>\n<p>\u00a0<strong>Viele Gr\u00f6\u00dfen verf\u00fcgbar<\/strong>-350ml, 500ml, 750ml und 1000ml.  Perfekt f\u00fcr die ganzt\u00e4gige Fl\u00fcssigkeitszufuhr.<\/p>\n<\/li>\n<li>\n<p>\u00a0<strong>Anpassbares Design<\/strong> - F\u00fcgen Sie Ihr Logo, Ihren Text oder Ihr Kunstwerk zur individuellen Gestaltung hinzu. Spezielle Sublimationsbeschichtung f\u00fcr die individuelle Gestaltung durch Sublimation.<\/p>\n<\/li>\n<li>\n<p>\u00a0<strong>Doppelwandige Vakuum-Isolierung<\/strong>\u00a0- H\u00e4lt Getr\u00e4nke 12 Stunden lang hei\u00df und 24 Stunden lang kalt.<\/p>\n<\/li>\n<li>\n<p><strong>Langlebiger Edelstahl<\/strong> - Rostfrei, BPA-frei und aus lebensmittelechten Materialien.<\/p>\n<\/li>\n<li>\n<p>\u00a0<strong>Schwei\u00dffest &amp; auslaufsicher<\/strong>\u00a0- Kondenswasserfreie Au\u00dfenseite und sicherer Deckel f\u00fcr eine problemlose Verwendung.<\/p>\n<\/li>\n<li><strong>Auslaufsicherer Schiebedeckel<\/strong>- Mit lean proofed Schiebedeckel angepasst. Einfacher Strohhalm zum Einsetzen.<\/li>\n<li>\n<p><strong>Vielseitig und tragbar<\/strong> - Ideal f\u00fcr zu Hause, im B\u00fcro, auf Reisen oder bei Outdoor-Abenteuern.<\/p>\n<\/li>\n<li>\n<p>\u00a0<strong>Schneller Turnaround<\/strong> - 7-10 Tage Produktion globaler Versand.<\/p>\n<\/li>\n<li><strong>Globaler Versand<\/strong> - CIF, DAT, DDP Versand in alle L\u00e4nder der Welt<\/li>\n<li><strong>MOQ 50 Einheiten<\/strong> - Flexible Mengen f\u00fcr Start-ups und gro\u00dfe Unternehmen.<\/li>\n<\/ul>","protected":false},"featured_media":3169,"template":"","meta":{"_acf_changed":false,"_seopress_robots_primary_cat":"none","_seopress_titles_title":"Personalised 12 oz 20 oz 30 oz Sublimation Tumbler Blanks Wholesale","_seopress_titles_desc":"Recycled stainless steel material.Food safe and BPA free materials, custom color and design is welcome.Door to door delivery worldwide.  Whatsapp:0086 13567428830","_seopress_robots_index":"","_uag_custom_page_level_css":""},"product_brand":[],"product_cat":[38,23,20],"product_tag":[132,129,77,69,127,130,133,126,128,125,131],"class_list":{"0":"post-3172","1":"product","2":"type-product","3":"status-publish","4":"has-post-thumbnail","6":"product_cat-sublimation-tumbler","7":"product_cat-sublimation-water-bottle-tumbler","8":"product_cat-vacuum-flask","9":"product_tag-blank-sublimation-water-bottles","10":"product_tag-bottle-sublimation","11":"product_tag-personalized-insulated-mug","12":"product_tag-stainless-steel-flask","13":"product_tag-sublimation-bottle","14":"product_tag-sublimation-bottles","15":"product_tag-sublimation-insulated-water-bottles","16":"product_tag-sublimation-water-bottle","17":"product_tag-sublimation-water-bottle-blanks","18":"product_tag-sublimation-water-bottles","19":"product_tag-water-bottles-for-sublimation","21":"first","22":"instock","23":"shipping-taxable","24":"product-type-simple"},"acf":[],"uagb_featured_image_src":{"full":["https:\/\/eco-drinkware.com\/wp-content\/uploads\/2025\/08\/colorful-floral-tumblers.webp",679,679,false],"thumbnail":["https:\/\/eco-drinkware.com\/wp-content\/uploads\/2025\/08\/colorful-floral-tumblers-150x150.webp",150,150,true],"medium":["https:\/\/eco-drinkware.com\/wp-content\/uploads\/2025\/08\/colorful-floral-tumblers-300x300.webp",300,300,true],"medium_large":["https:\/\/eco-drinkware.com\/wp-content\/uploads\/2025\/08\/colorful-floral-tumblers.webp",679,679,false],"large":["https:\/\/eco-drinkware.com\/wp-content\/uploads\/2025\/08\/colorful-floral-tumblers.webp",679,679,false],"1536x1536":["https:\/\/eco-drinkware.com\/wp-content\/uploads\/2025\/08\/colorful-floral-tumblers.webp",679,679,false],"2048x2048":["https:\/\/eco-drinkware.com\/wp-content\/uploads\/2025\/08\/colorful-floral-tumblers.webp",679,679,false],"trp-custom-language-flag":["https:\/\/eco-drinkware.com\/wp-content\/uploads\/2025\/08\/colorful-floral-tumblers.webp",12,12,false],"woocommerce_thumbnail":["https:\/\/eco-drinkware.com\/wp-content\/uploads\/2025\/08\/colorful-floral-tumblers-300x300.webp",300,300,true],"woocommerce_single":["https:\/\/eco-drinkware.com\/wp-content\/uploads\/2025\/08\/colorful-floral-tumblers-600x600.webp",600,600,true],"woocommerce_gallery_thumbnail":["https:\/\/eco-drinkware.com\/wp-content\/uploads\/2025\/08\/colorful-floral-tumblers-100x100.webp",100,100,true]},"uagb_author_info":{"display_name":"Amy","author_link":"https:\/\/eco-drinkware.com\/de\/author\/"},"uagb_comment_info":0,"uagb_excerpt":"Premium Custom Sublimation tumbler blanks wholesale \u00a0Many size available\u2013350ml, 500ml,750ml and 1000ml.\u00a0 Perfect for all-day hydration. \u00a0Customizable Design \u2013 Add your logo, text, or artwork for customization. Special sublimation coating for sublimation customization. \u00a0Double-Wall Vacuum Insulation\u00a0\u2013 Keeps drinks hot for 12 hours and cold for 24 hours. Durable Stainless Steel \u2013 Rust-resistant, BPA-free, and built&hellip;","_links":{"self":[{"href":"https:\/\/eco-drinkware.com\/de\/wp-json\/wp\/v2\/product\/3172","targetHints":{"allow":["GET"]}}],"collection":[{"href":"https:\/\/eco-drinkware.com\/de\/wp-json\/wp\/v2\/product"}],"about":[{"href":"https:\/\/eco-drinkware.com\/de\/wp-json\/wp\/v2\/types\/product"}],"wp:featuredmedia":[{"embeddable":true,"href":"https:\/\/eco-drinkware.com\/de\/wp-json\/wp\/v2\/media\/3169"}],"wp:attachment":[{"href":"https:\/\/eco-drinkware.com\/de\/wp-json\/wp\/v2\/media?parent=3172"}],"wp:term":[{"taxonomy":"product_brand","embeddable":true,"href":"https:\/\/eco-drinkware.com\/de\/wp-json\/wp\/v2\/product_brand?post=3172"},{"taxonomy":"product_cat","embeddable":true,"href":"https:\/\/eco-drinkware.com\/de\/wp-json\/wp\/v2\/product_cat?post=3172"},{"taxonomy":"product_tag","embeddable":true,"href":"https:\/\/eco-drinkware.com\/de\/wp-json\/wp\/v2\/product_tag?post=3172"}],"curies":[{"name":"wp","href":"https:\/\/api.w.org\/{rel}","templated":true}]}}