{"id":1514,"date":"2022-12-01T10:15:16","date_gmt":"2022-12-01T02:15:16","guid":{"rendered":"https:\/\/eco-drinkware.com\/?post_type=product&#038;p=1514"},"modified":"2023-07-04T15:46:41","modified_gmt":"2023-07-04T07:46:41","slug":"16-oz-personalisierte-edelstahl-bambus-reisebecher-auslaufsicher-deckel-isoliert-kaffeebecher","status":"publish","type":"product","link":"https:\/\/eco-drinkware.com\/de\/product\/16-oz-personalisierte-edelstahl-bambus-reisebecher-auslaufsicher-deckel-isoliert-kaffeebecher\/","title":{"rendered":"16 oz personalisierter Edelstahl-Bambus-Reisebecher - auslaufsicherer Deckel &amp; isolierte Kaffeetasse"},"content":{"rendered":"<h2 class=\"wp-block-heading\">Produkt-Spezifikation<\/h2>\n\n\n\n<figure class=\"wp-block-table is-style-stripes\"><table><tbody><tr><td>Kapazit\u00e4t<\/td><td>450ml\/16OZ<\/td><\/tr><tr><td>MOQ<\/td><td>100 St\u00fcck f\u00fcr individuellen Logodruck, 50 St\u00fcck f\u00fcr Laserlogo<\/td><\/tr><tr><td>Durchmesser<\/td><td>Durchmesser: 80 mm (3,15 Zoll)&nbsp;&nbsp;&nbsp;&nbsp;&nbsp;&nbsp;&nbsp;&nbsp;&nbsp;&nbsp;&nbsp;&nbsp;&nbsp;&nbsp;&nbsp;&nbsp;&nbsp;&nbsp;&nbsp;&nbsp;&nbsp;<\/td><\/tr><tr><td>H\u00f6he<\/td><td>180 mm (7,09 Zoll)<\/td><\/tr><tr><td>Farbe<\/td><td>Natur Bambus Farbe<\/td><\/tr><tr><td>Logo<\/td><td>Seidendruck, W\u00e4rme\u00fcbertragung, Laser usw.<\/td><\/tr><tr><td>Paket<\/td><td>wei\u00dfe Schachtel, individuell bedruckte Schachtel, Zylinderschachtel, Luftpolstertasche, Geschenkschachtel<\/td><\/tr><tr><td>Probezeit<\/td><td>3 Tage f\u00fcr Standardmuster, 7 Tage f\u00fcr individuelle Logomuster<\/td><\/tr><tr><td>Produktionszeit<\/td><td>10-35 Tage je nach Menge und Anforderungen<\/td><\/tr><tr><td>\u00dcber die Bezahlung<\/td><td>\u00dcberweisung, Paypal, Western Union<\/td><\/tr><tr><td>Herkunftsland<\/td><td>Hergestellt in China<\/td><\/tr><tr><td>Ursprungszeugnis<\/td><td>Ja, wir k\u00f6nnen anbieten<\/td><\/tr><tr><td>Individuelles neues Design<\/td><td>Ja, wir k\u00f6nnen daran arbeiten.<\/td><\/tr><tr><td>Becher gestanzt<\/td><td>Verf\u00fcgbar<\/td><\/tr><tr><td>Paketvorlage<\/td><td>Verf\u00fcgbar<\/td><\/tr><\/tbody><\/table><\/figure>\n\n\n\n<h2 class=\"wp-block-heading\">Produktmerkmale<\/h2>\n\n\n\n<p><strong>Material <\/strong>Deckel: neue pp Kunststoff und Silikon, Becher K\u00f6rper: 304 Edelstahl und Natur Bambus<\/p>\n\n\n\n<p><strong>Farbe <\/strong>: Natur Bambus Farbe, mit Bambus Haut. Sehr umweltfreundlichen Lebensstil.<br>Muster: benutzerdefinierte Muster k\u00f6nnen gedruckt werden und k\u00f6nnen durch verschiedene Drucktechniken durchgef\u00fchrt werden: Siebdruck, Thermotransferdruck<\/p>\n\n\n\n<p><strong>Gr\u00f6\u00dfe<\/strong>80*180mm, Kapazit\u00e4t: 450ml\/16OZ, leicht in der Hand zu halten. Perfekte Gr\u00f6\u00dfe zum Trinken.<br>Logo: Leicht zu arbeiten auf benutzerdefinierte Logo. Aber Laser-Logo sieht am besten auf Bambus. Weil diese F\u00e4higkeit brennen die Oberfl\u00e4che, sieht hochwertig. .<br>Sp\u00fclmaschinenfest, keine Mikrowelle<\/p>\n\n\n\n<p><strong>Verpackungsbox<\/strong>Wei\u00dfe Schachtel, individuell bedruckte Schachtel, Zylinderschachtel, Luftpolstertasche, Geschenkschachtel, jedes kundenspezifische Designpaket ist willkommen, etc.<br>Einfach zu machen kundenspezifische Form Flasche, bitte f\u00fchlen Sie sich frei, um Ihre Idee zu teilen.<\/p>\n\n\n\n<p>[Handgefertigt aus biologisch angebautem Bambus - Dieser sch\u00f6ne, nat\u00fcrliche und umweltfreundliche Becher kombiniert zwei immergr\u00fcne Materialien zu einem robusten und au\u00dfergew\u00f6hnlichen Becher, der perfekt f\u00fcr Kaffee- oder Teetrinker ist. Dies ist die Art von Tasse, die immer Komplimente und bemerkt, wo immer Sie gehen.<\/p>\n\n\n\n<p>[Spritzwassergesch\u00fctzter Deckel - nehmen Sie Ihr Getr\u00e4nk sicher mit auf die Reise] - Mit einem stabilen Griff, der das Halten erleichtert, ist dieser Becher perfekt, wenn Sie Ihr Hei\u00dfgetr\u00e4nk mit auf die Reise nehmen. Der Deckel sorgt daf\u00fcr, dass das Getr\u00e4nk nicht herausspritzt und sorgt f\u00fcr ein angenehmes Trinkerlebnis.<\/p>\n\n\n\n<p>[ Langlebig, aber leicht ] - Unser umweltfreundlicher Becher ist oft die erste Wahl f\u00fcr Camping- und Wanderausfl\u00fcge. Die starke Bauweise und die mittlere Gr\u00f6\u00dfe macht es eine gro\u00dfe Reise Begleiter dieser Kaffeepause mit Aussicht. Mit 100% Lebensmittel Grad 18\/8 Edelstahl und sauberen Bambus, macht dies f\u00fcr eine gro\u00dfe Kaffeetasse Wahl.<\/p>\n\n\n\n<p>[ Schenken Sie das Geschenk, anders zu sein ] - Geben Sie Ihren Liebsten das Gef\u00fchl, jeden Tag etwas Besonderes zu sein. Bringen Sie ihnen Freude und ein St\u00fcck handgefertigtes Holz in ihre t\u00e4gliche Lieblings-Reise-Kaffeebecher.<br>Eco Drinkwaredo OEM &amp;ODM. Mit Top-Profi-Ingenieure mit mehr als 10 Jahre Wasserflasche Herstellung Industrie Erfahrung, einfach, um Ihre Idee in tats\u00e4chliche Produkte zu machen. herzlich willkommen, mit uns f\u00fcr Ihre Idee zu teilen. .<br>Wir tun Qualit\u00e4tskontrolle auf Linie, um sicherzustellen, dass die Produktion gut und kein Fehler geht. Wenn es Fehler gibt, k\u00f6nnen wir sie rechtzeitig korrigieren, um Kosten zu sparen. Qualit\u00e4t ist unsere Kultur, wir vertrauen darauf, dass Qualit\u00e4t mehr f\u00fcr Kunden und Hersteller bringt.<br>Einfach zu machen custmized Form Flasche, bitte f\u00fchlen Sie sich frei, Ihre Idee zu teilen.<br><strong>Versandart<\/strong> : FOB, CIF, DDU, DDP per Bahn oder Schiff an Kunden in aller Welt.<br>Spezialisiert auf die Herstellung und den Export aller Arten von Trinkgeschirr wie Wasserflaschen, Gro\u00dfhandelsbecher, Lebensmittelbeh\u00e4lter, Hunden\u00e4pfe, Salatsch\u00fcsseln, Dosenk\u00fchler. <\/p>\n\n\n\n<p>Eco Drinkware verf\u00fcgt \u00fcber automatisierte und hocheffiziente Produktionslinien. Wir setzen auf die Industrie 4.0 und bleiben in der Branche wettbewerbsf\u00e4hig. Die automatisierte Produktion macht unsere Produkte kosteng\u00fcnstiger und wettbewerbsf\u00e4higer im Preis.<\/p>","protected":false},"excerpt":{"rendered":"<p>BPA frei 450ml 16OZ personalisierte benutzerdefinierte Logo Edelstahl Bambus Travel Mug mit auslaufsicherem Deckel, kommt mit benutzerdefinierten Paket. 10+ Jahre Produktionserfahrung. .<\/p>\n<p>BPA-frei, FDA- und LFGB-gepr\u00fcft<br \/>\nUnsere Becher mit hohem Fassungsverm\u00f6gen von 16 Unzen sind aus Bambus und rostfreiem Stahl gefertigt, was ihnen ein einzigartiges und stilvolles Aussehen verleiht. Weil es echte Bambus ist, sind keine zwei genau das gleiche, und jeder, den Sie kaufen, ist einzigartig f\u00fcr Sie!<br \/>\nEinfach zu reinigen: Der Deckel l\u00e4sst sich zur einfachen Reinigung abschrauben. Nur Handw\u00e4sche<br \/>\nEs sind 2 verschiedene Deckel erh\u00e4ltlich, ein Schiebedeckel und ein Flip-Deckel. 2 Deckel k\u00f6nnen auch zusammen mit diesem Bambusbecher bestellt werden, so dass der Endkunde den Deckel ausw\u00e4hlen kann, den er bevorzugt. .<br \/>\nFassungsverm\u00f6gen:450ml\/16OZ<br \/>\nIdeal f\u00fcr die Zubereitung von Tee oder Kaffee<br \/>\nKann ins Gefrierfach gelegt werden.<\/p>","protected":false},"featured_media":1519,"template":"","meta":{"_acf_changed":false,"_seopress_robots_primary_cat":"","_seopress_titles_title":"","_seopress_titles_desc":"BPA free 450ml 16OZ personalized custom logo Stainless Steel Bamboo Travel Mug with leak proof lid, comes with custom package . 10+ years production experience .","_seopress_robots_index":"","_uag_custom_page_level_css":""},"product_brand":[],"product_cat":[34,21],"product_tag":[],"class_list":{"0":"post-1514","1":"product","2":"type-product","3":"status-publish","4":"has-post-thumbnail","6":"product_cat-bamboo-tumbler","7":"product_cat-bamboo-water-bottle","9":"first","10":"instock","11":"featured","12":"shipping-taxable","13":"product-type-simple"},"acf":[],"uagb_featured_image_src":{"full":["https:\/\/eco-drinkware.com\/wp-content\/uploads\/2022\/12\/personalized-Stainless-Steel-Bamboo-Travel-Mug-4.webp",1000,1000,false],"thumbnail":["https:\/\/eco-drinkware.com\/wp-content\/uploads\/2022\/12\/personalized-Stainless-Steel-Bamboo-Travel-Mug-4-150x150.webp",150,150,true],"medium":["https:\/\/eco-drinkware.com\/wp-content\/uploads\/2022\/12\/personalized-Stainless-Steel-Bamboo-Travel-Mug-4-300x300.webp",300,300,true],"medium_large":["https:\/\/eco-drinkware.com\/wp-content\/uploads\/2022\/12\/personalized-Stainless-Steel-Bamboo-Travel-Mug-4-768x768.webp",768,768,true],"large":["https:\/\/eco-drinkware.com\/wp-content\/uploads\/2022\/12\/personalized-Stainless-Steel-Bamboo-Travel-Mug-4.webp",1000,1000,false],"1536x1536":["https:\/\/eco-drinkware.com\/wp-content\/uploads\/2022\/12\/personalized-Stainless-Steel-Bamboo-Travel-Mug-4.webp",1000,1000,false],"2048x2048":["https:\/\/eco-drinkware.com\/wp-content\/uploads\/2022\/12\/personalized-Stainless-Steel-Bamboo-Travel-Mug-4.webp",1000,1000,false],"trp-custom-language-flag":["https:\/\/eco-drinkware.com\/wp-content\/uploads\/2022\/12\/personalized-Stainless-Steel-Bamboo-Travel-Mug-4.webp",12,12,false],"woocommerce_thumbnail":["https:\/\/eco-drinkware.com\/wp-content\/uploads\/2022\/12\/personalized-Stainless-Steel-Bamboo-Travel-Mug-4-300x300.webp",300,300,true],"woocommerce_single":["https:\/\/eco-drinkware.com\/wp-content\/uploads\/2022\/12\/personalized-Stainless-Steel-Bamboo-Travel-Mug-4-600x600.webp",600,600,true],"woocommerce_gallery_thumbnail":["https:\/\/eco-drinkware.com\/wp-content\/uploads\/2022\/12\/personalized-Stainless-Steel-Bamboo-Travel-Mug-4-100x100.webp",100,100,true]},"uagb_author_info":{"display_name":"Amy","author_link":"https:\/\/eco-drinkware.com\/de\/author\/"},"uagb_comment_info":0,"uagb_excerpt":"BPA free 450ml 16OZ personalized custom logo Stainless Steel Bamboo Travel Mug with leak proof lid, comes with custom package . 10+ years production experience . BPA Free, okay to pass FDA and LFGB testing Unique nature bamboo design ,eco friendly life style.Our high capacity 16oz mugs are made of bamboo and stainless steel, giving&hellip;","_links":{"self":[{"href":"https:\/\/eco-drinkware.com\/de\/wp-json\/wp\/v2\/product\/1514","targetHints":{"allow":["GET"]}}],"collection":[{"href":"https:\/\/eco-drinkware.com\/de\/wp-json\/wp\/v2\/product"}],"about":[{"href":"https:\/\/eco-drinkware.com\/de\/wp-json\/wp\/v2\/types\/product"}],"wp:featuredmedia":[{"embeddable":true,"href":"https:\/\/eco-drinkware.com\/de\/wp-json\/wp\/v2\/media\/1519"}],"wp:attachment":[{"href":"https:\/\/eco-drinkware.com\/de\/wp-json\/wp\/v2\/media?parent=1514"}],"wp:term":[{"taxonomy":"product_brand","embeddable":true,"href":"https:\/\/eco-drinkware.com\/de\/wp-json\/wp\/v2\/product_brand?post=1514"},{"taxonomy":"product_cat","embeddable":true,"href":"https:\/\/eco-drinkware.com\/de\/wp-json\/wp\/v2\/product_cat?post=1514"},{"taxonomy":"product_tag","embeddable":true,"href":"https:\/\/eco-drinkware.com\/de\/wp-json\/wp\/v2\/product_tag?post=1514"}],"curies":[{"name":"wp","href":"https:\/\/api.w.org\/{rel}","templated":true}]}}