{"id":1635,"date":"2023-02-20T09:00:27","date_gmt":"2023-02-20T01:00:27","guid":{"rendered":"https:\/\/eco-drinkware.com\/?page_id=1635"},"modified":"2023-04-10T22:06:13","modified_gmt":"2023-04-10T14:06:13","slug":"stanley-becher-40oz-becher-mit-griff","status":"publish","type":"page","link":"https:\/\/eco-drinkware.com\/de\/stanley-becher-40oz-becher-mit-griff\/","title":{"rendered":"Stanley Cup 40oz Tumbler with Handle"},"content":{"rendered":"<h3 class=\"wp-block-heading\">Sind Sie ein Handelsunternehmen oder ein Hersteller?<\/h3>\n\n\n\n<p>Eco Drinkware ist Hersteller.<br>Wir haben 120 Mitarbeiter und 10 B\u00fcroangestellte. Professionelle QC-Team, um sicherzustellen, dass jeder Becher in guter Qualit\u00e4t und gut genug f\u00fcr unsere Kunden.<\/p>\n\n\n\n<h3 class=\"wp-block-heading\">Wie ist die Farbgebung dieses Bechers?<\/h3>\n\n\n\n<p>Die meisten Kunden bevorzugen Pulverbeschichtung, weil es sehr langlebig ist. Also, unsere Lager Farben sind Pulverbeschichtung. Normale Spritzlackierung ist auch in Ordnung f\u00fcr diese Tumbler und es wird Kosten sparen. Wenn der Kunde andere Veredelungen bevorzugt, k\u00f6nnen wir das auch tun. Machen Sie sich keine Sorgen.<\/p>\n\n\n\n<h3 class=\"wp-block-heading\">K\u00f6nnen Sie die Form des Bechers \u00e4ndern, wenn ich das m\u00f6chte?<\/h3>\n\n\n\n<p>Ja, das ist in Ordnung f\u00fcr das Eco Drinkware Team.<br>Mit dem Team von profession new product development ist das ganz einfach.<br>Nur gibt es Form Kosten und MOQ 3000 St\u00fcck. Wie f\u00fcr Schimmel Kosten, h\u00e4ngt es auf den genauen Entwurf. Bitte f\u00fchlen Sie sich frei, Ihre Idee zu teilen.<\/p>\n\n\n\n<h3 class=\"wp-block-heading\">K\u00f6nnen Sie auch von T\u00fcr zu T\u00fcr liefern?<\/h3>\n\n\n\n<p>Ja, wir haben unseren eigenen Spediteur, der die Flaschen in die ganze Welt verschicken kann.<\/p>\n\n\n\n<h3 class=\"wp-block-heading\">Wenn ich einen Spediteur in Yiwu oder Guangzhou habe. K\u00f6nnen Sie die Becher dort liefern?<\/h3>\n\n\n\n<p>Ja, das ist sehr einfach. Nur gibt es ein wenig Versandkosten.<\/p>\n\n\n\n<h3 class=\"wp-block-heading\">Wie sieht es mit Ihrer Bezahlung aus?<\/h3>\n\n\n\n<p>F\u00fcr kleine Menge bestellen, 100% Voraus. F\u00fcr normale kundenspezifische Bestellung, 30% Ablagerung und 70% vor Versand. Wird zeigen, bereit Bulk-Bilder f\u00fcr die \u00dcberpr\u00fcfung vor der Restzahlung.<\/p>\n\n\n\n<h3 class=\"wp-block-heading\">Welche Zahlungsarten akzeptieren Sie?<\/h3>\n\n\n\n<p>\u00dcberweisung, PayPal, Western Union.<\/p>","protected":false},"excerpt":{"rendered":"<p>Are you trading company or manufacturer? Eco Drinkware is manufacturer.We have 120 workers and 10 office staffs. Professional QC team to ensure every tumbler in good quality and good enough for our customers. What's the color finishing for this tumbler? Most customers prefer powder coating ,because it's very durable . So, our stock colors are [&hellip;]<\/p>","protected":false},"author":1,"featured_media":0,"parent":0,"menu_order":0,"comment_status":"closed","ping_status":"closed","template":"","meta":{"_acf_changed":false,"_seopress_robots_primary_cat":"","_seopress_titles_title":"Wholesale Adventure Stanney Double Wall Insulated Vacuum 40oz Stainless Steel Travle Tumbler Manufacturer, China Factory 40oz Travel Mug Supplier - %%sitetitle%%","_seopress_titles_desc":"Get wholesale price and customized 40oz tumbler catalog and 40oz tumbler manufacturer, ideal supplier for 40oz brand owners, Wholesale Adventure Stanney Double Wall Insulated Vacuum 40oz Stainless Steel Travle Tumbler with Handle and Straw, China Sublimination Tumbler and Travel Mug  - %%sitetitle%%","_seopress_robots_index":"","_uag_custom_page_level_css":"","footnotes":""},"class_list":["post-1635","page","type-page","status-publish","hentry"],"acf":[],"uagb_featured_image_src":{"full":false,"thumbnail":false,"medium":false,"medium_large":false,"large":false,"1536x1536":false,"2048x2048":false,"trp-custom-language-flag":false,"woocommerce_thumbnail":false,"woocommerce_single":false,"woocommerce_gallery_thumbnail":false},"uagb_author_info":{"display_name":"Amy","author_link":"https:\/\/eco-drinkware.com\/de\/author\/ecooo\/"},"uagb_comment_info":0,"uagb_excerpt":"Are you trading company or manufacturer? Eco Drinkware is manufacturer.We have 120 workers and 10 office staffs. Professional QC team to ensure every tumbler in good quality and good enough for our customers. What's the color finishing for this tumbler? Most customers prefer powder coating ,because it's very durable . So, our stock colors are&hellip;","_links":{"self":[{"href":"https:\/\/eco-drinkware.com\/de\/wp-json\/wp\/v2\/pages\/1635","targetHints":{"allow":["GET"]}}],"collection":[{"href":"https:\/\/eco-drinkware.com\/de\/wp-json\/wp\/v2\/pages"}],"about":[{"href":"https:\/\/eco-drinkware.com\/de\/wp-json\/wp\/v2\/types\/page"}],"author":[{"embeddable":true,"href":"https:\/\/eco-drinkware.com\/de\/wp-json\/wp\/v2\/users\/1"}],"replies":[{"embeddable":true,"href":"https:\/\/eco-drinkware.com\/de\/wp-json\/wp\/v2\/comments?post=1635"}],"version-history":[{"count":0,"href":"https:\/\/eco-drinkware.com\/de\/wp-json\/wp\/v2\/pages\/1635\/revisions"}],"wp:attachment":[{"href":"https:\/\/eco-drinkware.com\/de\/wp-json\/wp\/v2\/media?parent=1635"}],"curies":[{"name":"wp","href":"https:\/\/api.w.org\/{rel}","templated":true}]}}